{"id":3899,"date":"2026-04-03T06:18:26","date_gmt":"2026-04-03T06:18:26","guid":{"rendered":"https:\/\/lyfilter.com\/"},"modified":"2026-05-08T01:25:10","modified_gmt":"2026-05-08T01:25:10","slug":"sanitary-filter-housing-stainless-for-industry-iso-9001-with-good-price","status":"publish","type":"product","link":"https:\/\/lyfilter.com\/de\/sanitary-filter-housing-stainless-for-industry-iso-9001-with-good-price\/","title":{"rendered":"Sanit\u00e4rfiltergeh\u00e4use aus Edelstahl f\u00fcr die Industrie ISO 9001 mit gutem Preis"},"content":{"rendered":"<p><b>Produktdetails des Sanit\u00e4rfiltergeh\u00e4uses Edelstahl<\/b><\/p>\n<p>&nbsp;<\/p>\n<p><b>Produkt-Spezifikation<\/b><\/p>\n<p>Material: Rostfreier Stahl<\/p>\n<p>&nbsp;<\/p>\n<p><b>Produkt-Einf\u00fchrung<\/b><\/p>\n<p><a href=\"https:\/\/lyfilter.com\/de\/\">Lvyuan-Filter<\/a>\u00a0Sanit\u00e4rfiltergeh\u00e4use aus Edelstahl werden aus den neuesten Materialien hergestellt, da wir die neuesten technologischen Entwicklungen immer im Auge behalten. Nach dem Erwerb von Kunden, haben unsere Techniker erfolgreich Sanit\u00e4r-Filtergeh\u00e4use Edelstahl verbessert. Mit der ausgezeichneten Qualit\u00e4t und dem guten Ruf wird die Produktion von Guangzhou Lvyuan Water Purification Equipment Co. erweitert.<\/p>\n<p><strong>Edelstahl-Hochdruckfilter Gasfilter<\/strong><\/p>\n<p>Hochdruckfilter werden zum Herausfiltern von festen und fl\u00fcssigen Verunreinigungen in Hochdruck-Druckluft verwendet Hochdruckfilter eignen sich zum Herausfiltern von festen und fl\u00fcssigen Verunreinigungen in Hochdruck-Druckluft. Der Hochdruckfilter aus Aluminiumlegierung kann bis zu 50barg Druckluft verarbeiten, der Edelstahl-Hochdruckfilter bis zu 350barg Druckluft.<\/p>","protected":false},"excerpt":{"rendered":"<table>\n<thead>\n<tr>\n<th>Feld<\/th>\n<th>Wert<\/th>\n<\/tr>\n<\/thead>\n<tbody>\n<tr>\n<td>Zustand<\/td>\n<td>Neu<\/td>\n<\/tr>\n<tr>\n<td>Anwendbare Industrien<\/td>\n<td>Hotels, Bekleidungsgesch\u00e4fte, Baustoffgesch\u00e4fte, Fertigungsanlagen, Maschinenreparaturwerkst\u00e4tten, Lebensmittel- und Getr\u00e4nkefabriken, Bauernh\u00f6fe, Restaurants, Haushalte, Einzelhandel, Lebensmittelgesch\u00e4fte, Druckereien, Bauunternehmen, Energie- und Bergbauunternehmen, Lebensmittel- und Getr\u00e4nkeh\u00e4ndler<\/td>\n<\/tr>\n<tr>\n<td>Service nach der Garantie<\/td>\n<td>Online-Unterst\u00fctzung<\/td>\n<\/tr>\n<tr>\n<td>Lokaler Dienstort<\/td>\n<td>keine<\/td>\n<\/tr>\n<tr>\n<td>Standort des Ausstellungsraums<\/td>\n<td>keine<\/td>\n<\/tr>\n<tr>\n<td>Video-Ausgangsinspektion<\/td>\n<td>Zur Verf\u00fcgung gestellt<\/td>\n<\/tr>\n<tr>\n<td>Maschinen-Testbericht<\/td>\n<td>Zur Verf\u00fcgung gestellt<\/td>\n<\/tr>\n<tr>\n<td>Marketing-Typ<\/td>\n<td>Gew\u00f6hnliches Produkt<\/td>\n<\/tr>\n<tr>\n<td>Garantie f\u00fcr Kernkomponenten<\/td>\n<td>1 Jahr<\/td>\n<\/tr>\n<tr>\n<td>Kernkomponenten<\/td>\n<td>Druckbeh\u00e4lter<\/td>\n<\/tr>\n<tr>\n<td>Ort der Herkunft<\/td>\n<td>Guangdong, China<\/td>\n<\/tr>\n<tr>\n<td>Markenname<\/td>\n<td>Lvyuan\/OEM<\/td>\n<\/tr>\n<tr>\n<td>Garantie<\/td>\n<td>1 Jahr<\/td>\n<\/tr>\n<tr>\n<td>After-Sales-Service<\/td>\n<td>Online-Unterst\u00fctzung<\/td>\n<\/tr>\n<tr>\n<td>Name des Produkts<\/td>\n<td>0,22-Mikrometer-Filter<\/td>\n<\/tr>\n<tr>\n<td>Mikron Rate<\/td>\n<td>0,1 bis 300 Mikrometer<\/td>\n<\/tr>\n<tr>\n<td>OEM-Abmessung<\/td>\n<td>Verf\u00fcgbar<\/td>\n<\/tr>\n<tr>\n<td>L\u00e4nge<\/td>\n<td>5\u2033, 10\u2033, 20\u2033, 30\u2033, 40\u2033, 50\u201d, 60\u201d Zoll<\/td>\n<\/tr>\n<tr>\n<td>Rostfreier Stahl Material<\/td>\n<td>304, 316, 316L<\/td>\n<\/tr>\n<tr>\n<td>Interface-Formular<\/td>\n<td>222, 226, 215, M36, M24, M22, M20 Gewindeanschluss<\/td>\n<\/tr>\n<tr>\n<td>Ebene<\/td>\n<td>Falten-\/Gewebepatronenfilter<\/td>\n<\/tr>\n<tr>\n<td>Verwendung<\/td>\n<td>Gas- und Fl\u00fcssigkeitsfiltration<\/td>\n<\/tr>\n<tr>\n<td>Hitzebest\u00e4ndigkeit<\/td>\n<td>-200 bis 500 Grad<\/td>\n<\/tr>\n<tr>\n<td>Arbeitsdruck<\/td>\n<td>0,1 bis 30Mpa<\/td>\n<\/tr>\n<tr>\n<td>Lieferf\u00e4higkeit<\/td>\n<td>5000 St\u00fcck\/St\u00fcck pro Tag \u00d6lfilterpatrone<\/td>\n<\/tr>\n<tr>\n<td>Start Hafen<\/td>\n<td>Guangzhou<\/td>\n<\/tr>\n<tr>\n<td>Zahlung<\/td>\n<td>T\/T, Alibaba Trade Assurance, paypal<\/td>\n<\/tr>\n<tr>\n<td>Zertifizierung<\/td>\n<td>ISO 9001<\/td>\n<\/tr>\n<tr>\n<td>Marke<\/td>\n<td>OEM\/Lvyuan<\/td>\n<\/tr>\n<\/tbody>\n<\/table>","protected":false},"featured_media":3903,"comment_status":"open","ping_status":"closed","template":"","meta":{"_gspb_post_css":""},"product_brand":[],"product_cat":[15],"product_tag":[1289,1084,1303,1302,34,1136],"class_list":{"0":"post-3899","1":"product","2":"type-product","3":"status-publish","4":"has-post-thumbnail","6":"product_cat-stainless-steel-filter-housing","7":"product_tag-hygienic-filtration-housing","8":"product_tag-industrial-filter-housing","9":"product_tag-iso-9001-filter-housing","10":"product_tag-sanitary-stainless-filter-housing","11":"product_tag-stainless-steel-filter-housing","12":"product_tag-water-filter-locks","14":"first","15":"instock","16":"shipping-taxable","17":"product-type-simple"},"_links":{"self":[{"href":"https:\/\/lyfilter.com\/de\/wp-json\/wp\/v2\/product\/3899","targetHints":{"allow":["GET"]}}],"collection":[{"href":"https:\/\/lyfilter.com\/de\/wp-json\/wp\/v2\/product"}],"about":[{"href":"https:\/\/lyfilter.com\/de\/wp-json\/wp\/v2\/types\/product"}],"replies":[{"embeddable":true,"href":"https:\/\/lyfilter.com\/de\/wp-json\/wp\/v2\/comments?post=3899"}],"wp:featuredmedia":[{"embeddable":true,"href":"https:\/\/lyfilter.com\/de\/wp-json\/wp\/v2\/media\/3903"}],"wp:attachment":[{"href":"https:\/\/lyfilter.com\/de\/wp-json\/wp\/v2\/media?parent=3899"}],"wp:term":[{"taxonomy":"product_brand","embeddable":true,"href":"https:\/\/lyfilter.com\/de\/wp-json\/wp\/v2\/product_brand?post=3899"},{"taxonomy":"product_cat","embeddable":true,"href":"https:\/\/lyfilter.com\/de\/wp-json\/wp\/v2\/product_cat?post=3899"},{"taxonomy":"product_tag","embeddable":true,"href":"https:\/\/lyfilter.com\/de\/wp-json\/wp\/v2\/product_tag?post=3899"}],"curies":[{"name":"wp","href":"https:\/\/api.w.org\/{rel}","templated":true}]}}