{"id":3892,"date":"2026-04-03T06:15:10","date_gmt":"2026-04-03T06:15:10","guid":{"rendered":"https:\/\/lyfilter.com\/"},"modified":"2026-04-03T06:15:10","modified_gmt":"2026-04-03T06:15:10","slug":"doe-m30-m20-washable-sintering-stainless-steel-sus-316l-metal-powder-0-22-micron-filter-cartridge-for-oil-filtration-system","status":"publish","type":"product","link":"https:\/\/lyfilter.com\/de\/doe-m30-m20-washable-sintering-stainless-steel-sus-316l-metal-powder-0-22-micron-filter-cartridge-for-oil-filtration-system\/","title":{"rendered":"DOE M30 M20 Waschbare Sinter-Edelstahl Sus 316L Metallpulver 0,22 Mikron Filterpatrone f\u00fcr \u00d6lfiltrationssystem"},"content":{"rendered":"<p>Diese DOE M30 M20-Kartusche wurde f\u00fcr die Filtration entwickelt und verwendet waschbares gesintertes SUS 316L-Edelstahlmetallpulver und eine Pr\u00e4zision von 0,22 Mikron, um einen reibungslosen Durchfluss, Haltbarkeit und zuverl\u00e4ssige Langzeitleistung in anspruchsvollen Systemen zu gew\u00e4hrleisten.<\/p>","protected":false},"excerpt":{"rendered":"<table>\n<thead>\n<tr>\n<th>Feld<\/th>\n<th>Wert<\/th>\n<\/tr>\n<\/thead>\n<tbody>\n<tr>\n<td>Zustand<\/td>\n<td>Neu<\/td>\n<\/tr>\n<tr>\n<td>Anwendbare Industrien<\/td>\n<td>Hotels, Bekleidungsgesch\u00e4fte, Baustoffgesch\u00e4fte, Fertigungsanlagen, Maschinenreparaturwerkst\u00e4tten, Lebensmittel- und Getr\u00e4nkefabriken, Bauernh\u00f6fe, Restaurants, Haushalte, Einzelhandel, Lebensmittelgesch\u00e4fte, Druckereien, Bauunternehmen, Energie- und Bergbauunternehmen, Lebensmittel- und Getr\u00e4nkeh\u00e4ndler<\/td>\n<\/tr>\n<tr>\n<td>Service nach der Garantie<\/td>\n<td>Online-Unterst\u00fctzung<\/td>\n<\/tr>\n<tr>\n<td>Lokaler Dienstort<\/td>\n<td>keine<\/td>\n<\/tr>\n<tr>\n<td>Standort des Ausstellungsraums<\/td>\n<td>keine<\/td>\n<\/tr>\n<tr>\n<td>Video-Ausgangsinspektion<\/td>\n<td>Zur Verf\u00fcgung gestellt<\/td>\n<\/tr>\n<tr>\n<td>Maschinen-Testbericht<\/td>\n<td>Zur Verf\u00fcgung gestellt<\/td>\n<\/tr>\n<tr>\n<td>Marketing-Typ<\/td>\n<td>Gew\u00f6hnliches Produkt<\/td>\n<\/tr>\n<tr>\n<td>Garantie f\u00fcr Kernkomponenten<\/td>\n<td>1 Jahr<\/td>\n<\/tr>\n<tr>\n<td>Kernkomponenten<\/td>\n<td>Druckbeh\u00e4lter<\/td>\n<\/tr>\n<tr>\n<td>Ort der Herkunft<\/td>\n<td>Guangdong, China<\/td>\n<\/tr>\n<tr>\n<td>Markenname<\/td>\n<td>Lvyuan\/OEM<\/td>\n<\/tr>\n<tr>\n<td>Garantie<\/td>\n<td>1 Jahr<\/td>\n<\/tr>\n<tr>\n<td>After-Sales-Service<\/td>\n<td>Online-Unterst\u00fctzung<\/td>\n<\/tr>\n<tr>\n<td>Name des Produkts<\/td>\n<td>0,22-Mikrometer-Filter<\/td>\n<\/tr>\n<tr>\n<td>Mikron Rate<\/td>\n<td>0,1 bis 300 Mikrometer<\/td>\n<\/tr>\n<tr>\n<td>OEM-Abmessung<\/td>\n<td>Verf\u00fcgbar<\/td>\n<\/tr>\n<tr>\n<td>L\u00e4nge<\/td>\n<td>5\u2033, 10\u2033, 20\u2033, 30\u2033, 40\u2033, 50\u201d, 60\u201d Zoll<\/td>\n<\/tr>\n<tr>\n<td>Rostfreier Stahl Material<\/td>\n<td>304, 316, 316L<\/td>\n<\/tr>\n<tr>\n<td>Interface-Formular<\/td>\n<td>222, 226, 215, M36, M24, M22, M20 Gewindeanschluss<\/td>\n<\/tr>\n<tr>\n<td>Ebene<\/td>\n<td>Falten-\/Gewebepatronenfilter<\/td>\n<\/tr>\n<tr>\n<td>Verwendung<\/td>\n<td>Gas- und Fl\u00fcssigkeitsfiltration<\/td>\n<\/tr>\n<tr>\n<td>Hitzebest\u00e4ndigkeit<\/td>\n<td>-200 bis 500 Grad<\/td>\n<\/tr>\n<tr>\n<td>Arbeitsdruck<\/td>\n<td>0,1 bis 30Mpa<\/td>\n<\/tr>\n<tr>\n<td>Lieferf\u00e4higkeit<\/td>\n<td>5000 St\u00fcck\/St\u00fcck pro Tag \u00d6lfilterpatrone<\/td>\n<\/tr>\n<\/tbody>\n<\/table>","protected":false},"featured_media":3893,"comment_status":"open","ping_status":"closed","template":"","meta":{"_gspb_post_css":""},"product_brand":[],"product_cat":[18],"product_tag":[1299,1297,1301,1298,1300,1136],"class_list":{"0":"post-3892","1":"product","2":"type-product","3":"status-publish","4":"has-post-thumbnail","6":"product_cat-sintered-metal-filters","7":"product_tag-0-22-micron-oil-filter","8":"product_tag-doe-m30-m20-filter-cartridge","9":"product_tag-stainless-steel-oil-filtration-filter","10":"product_tag-sus-316l-metal-powder-filter","11":"product_tag-washable-sintered-filter-cartridge","12":"product_tag-water-filter-locks","14":"first","15":"instock","16":"shipping-taxable","17":"product-type-simple"},"_links":{"self":[{"href":"https:\/\/lyfilter.com\/de\/wp-json\/wp\/v2\/product\/3892","targetHints":{"allow":["GET"]}}],"collection":[{"href":"https:\/\/lyfilter.com\/de\/wp-json\/wp\/v2\/product"}],"about":[{"href":"https:\/\/lyfilter.com\/de\/wp-json\/wp\/v2\/types\/product"}],"replies":[{"embeddable":true,"href":"https:\/\/lyfilter.com\/de\/wp-json\/wp\/v2\/comments?post=3892"}],"wp:featuredmedia":[{"embeddable":true,"href":"https:\/\/lyfilter.com\/de\/wp-json\/wp\/v2\/media\/3893"}],"wp:attachment":[{"href":"https:\/\/lyfilter.com\/de\/wp-json\/wp\/v2\/media?parent=3892"}],"wp:term":[{"taxonomy":"product_brand","embeddable":true,"href":"https:\/\/lyfilter.com\/de\/wp-json\/wp\/v2\/product_brand?post=3892"},{"taxonomy":"product_cat","embeddable":true,"href":"https:\/\/lyfilter.com\/de\/wp-json\/wp\/v2\/product_cat?post=3892"},{"taxonomy":"product_tag","embeddable":true,"href":"https:\/\/lyfilter.com\/de\/wp-json\/wp\/v2\/product_tag?post=3892"}],"curies":[{"name":"wp","href":"https:\/\/api.w.org\/{rel}","templated":true}]}}