{"id":3884,"date":"2026-04-03T06:10:18","date_gmt":"2026-04-03T06:10:18","guid":{"rendered":"https:\/\/lyfilter.com\/"},"modified":"2026-04-03T06:10:18","modified_gmt":"2026-04-03T06:10:18","slug":"water-treatment-10-20-30-40-inch-melt-blown-filter-cartridge-sediment-water-filter-for-industrial-liquid-filtration-2","status":"publish","type":"product","link":"https:\/\/lyfilter.com\/de\/water-treatment-10-20-30-40-inch-melt-blown-filter-cartridge-sediment-water-filter-for-industrial-liquid-filtration-2\/","title":{"rendered":"Wasseraufbereitung 10\u201d 20 30 40 Zoll Melt Blown Filter Cartridge Sediment Wasserfilter f\u00fcr industrielle Fl\u00fcssigkeitsfiltration"},"content":{"rendered":"<p>Diese f\u00fcr die industrielle Fl\u00fcssigkeitsfiltration entwickelte Schmelzblas-Sedimentfilterpatrone f\u00e4ngt Partikel ab und h\u00e4lt den Durchfluss konstant. Mit 10, 20, 30 und 40 Zoll Optionen unterst\u00fctzt sie eine zuverl\u00e4ssige Wasseraufbereitung und einen reibungslosen t\u00e4glichen Betrieb.<\/p>","protected":false},"excerpt":{"rendered":"<table>\n<thead>\n<tr>\n<th>Anwendbare Industrien<\/th>\n<th>Produktionsanlagen, Lebensmittel- und Getr\u00e4nkehersteller, Hausgebrauch, Wasseraufbereitung<\/th>\n<\/tr>\n<\/thead>\n<tbody>\n<tr>\n<td>Ort der Herkunft<\/td>\n<td>Guangdong, China<\/td>\n<\/tr>\n<tr>\n<td>Markenname<\/td>\n<td>Lvyuan, OEM, ODM<\/td>\n<\/tr>\n<tr>\n<td>Material<\/td>\n<td>Seiten<\/td>\n<\/tr>\n<tr>\n<td>Gewicht<\/td>\n<td>angepasst<\/td>\n<\/tr>\n<tr>\n<td>Gr\u00f6\u00dfe<\/td>\n<td>individuell, schlank, jumbo<\/td>\n<\/tr>\n<tr>\n<td>Strom<\/td>\n<td>0<\/td>\n<\/tr>\n<tr>\n<td>Garantie<\/td>\n<td>Nicht verf\u00fcgbar<\/td>\n<\/tr>\n<tr>\n<td>Merkmal<\/td>\n<td>Stahl in individueller Gr\u00f6\u00dfe und mit Logo<\/td>\n<\/tr>\n<tr>\n<td>Zertifizierung<\/td>\n<td>SGS<\/td>\n<\/tr>\n<tr>\n<td>Form<\/td>\n<td>Zylinder<\/td>\n<\/tr>\n<tr>\n<td>Verwendung<\/td>\n<td>Wasseraufbereitung<\/td>\n<\/tr>\n<tr>\n<td>Anmeldung<\/td>\n<td>Industrie<\/td>\n<\/tr>\n<tr>\n<td>Farbe<\/td>\n<td>wei\u00df<\/td>\n<\/tr>\n<tr>\n<td>Verpacken<\/td>\n<td>Papierschachtel<\/td>\n<\/tr>\n<tr>\n<td>Rohmaterial<\/td>\n<td>pp Faser<\/td>\n<\/tr>\n<tr>\n<td>Erscheinungsbild<\/td>\n<td>gepr\u00e4gt, gl\u00e4nzend, etc.<\/td>\n<\/tr>\n<tr>\n<td>After-Sales-Service<\/td>\n<td>Online-Unterst\u00fctzung<\/td>\n<\/tr>\n<tr>\n<td>Lieferf\u00e4higkeit<\/td>\n<td>5000 St\u00fcck\/St\u00fcck pro Woche<\/td>\n<\/tr>\n<\/tbody>\n<\/table>","protected":false},"featured_media":3886,"comment_status":"open","ping_status":"closed","template":"","meta":{"_gspb_post_css":""},"product_brand":[],"product_cat":[17],"product_tag":[42,746,1215,1296,1136,340],"class_list":{"0":"post-3884","1":"product","2":"type-product","3":"status-publish","4":"has-post-thumbnail","6":"product_cat-sediment-filter","7":"product_tag-industrial-liquid-filtration","8":"product_tag-melt-blown-filter-cartridge","9":"product_tag-replacement-filter-cartridge","10":"product_tag-sediment-water-filter","11":"product_tag-water-filter-locks","12":"product_tag-water-treatment-filter","14":"first","15":"instock","16":"shipping-taxable","17":"product-type-simple"},"_links":{"self":[{"href":"https:\/\/lyfilter.com\/de\/wp-json\/wp\/v2\/product\/3884","targetHints":{"allow":["GET"]}}],"collection":[{"href":"https:\/\/lyfilter.com\/de\/wp-json\/wp\/v2\/product"}],"about":[{"href":"https:\/\/lyfilter.com\/de\/wp-json\/wp\/v2\/types\/product"}],"replies":[{"embeddable":true,"href":"https:\/\/lyfilter.com\/de\/wp-json\/wp\/v2\/comments?post=3884"}],"wp:featuredmedia":[{"embeddable":true,"href":"https:\/\/lyfilter.com\/de\/wp-json\/wp\/v2\/media\/3886"}],"wp:attachment":[{"href":"https:\/\/lyfilter.com\/de\/wp-json\/wp\/v2\/media?parent=3884"}],"wp:term":[{"taxonomy":"product_brand","embeddable":true,"href":"https:\/\/lyfilter.com\/de\/wp-json\/wp\/v2\/product_brand?post=3884"},{"taxonomy":"product_cat","embeddable":true,"href":"https:\/\/lyfilter.com\/de\/wp-json\/wp\/v2\/product_cat?post=3884"},{"taxonomy":"product_tag","embeddable":true,"href":"https:\/\/lyfilter.com\/de\/wp-json\/wp\/v2\/product_tag?post=3884"}],"curies":[{"name":"wp","href":"https:\/\/api.w.org\/{rel}","templated":true}]}}