{"id":3872,"date":"2026-04-03T04:02:47","date_gmt":"2026-04-03T04:02:47","guid":{"rendered":"https:\/\/lyfilter.com\/"},"modified":"2026-04-03T04:02:47","modified_gmt":"2026-04-03T04:02:47","slug":"safe-ro-water-filtration-plant-wholesale-for-water-purification","status":"publish","type":"product","link":"https:\/\/lyfilter.com\/de\/safe-ro-water-filtration-plant-wholesale-for-water-purification\/","title":{"rendered":"Safe Ro Wasserfiltrationsanlage Gro\u00dfhandel f\u00fcr Wasseraufbereitung"},"content":{"rendered":"<p><b>Vorteile f\u00fcr das Unternehmen<\/b><br \/>\n<b>1.<\/b>\u00a0ro Wasserfiltrationsanlage wurde von professionellen Designern mit reicher Industrieerfahrung entworfen. Alle seine Elemente sind mit FDA-konformen Material f\u00fcr Lebensmittel und Getr\u00e4nke Kontakt gemacht<br \/>\n<b>2.<\/b>\u00a0Lvyuan versucht, die Preise so niedrig wie m\u00f6glich zu halten. Es gibt eine breite Palette von L\u00e4ngen f\u00fcr Standard- und Full-Flow-Geh\u00e4use<br \/>\n<b>3.<\/b>\u00a0Das Produkt verf\u00fcgt \u00fcber eine effektive Dichtung. Die hydraulische Dichtung und die andere Federdichtung arbeiten effektiv zusammen, um die Luftdichtheit zu verbessern. Es kann auch Partikel, mikrobielle Organismen, Eisenoxid und andere Verunreinigungen filtern<br \/>\n<b>4.<\/b>\u00a0Das Produkt ist nicht anf\u00e4llig f\u00fcr dauerhafte Verformungen. Seine robuste Metallstruktur garantiert, dass es sich bei hochempfindlichen mechanischen Bewegungen nicht verformt. Das Filtermedium ist thermisch gebunden, um die Freisetzung von Fasern zu verhindern und gleichzeitig konstante Durchflussraten zu gew\u00e4hrleisten.<br \/>\n<b>5.<\/b>\u00a0Das Produkt kann einer gewissen Abnutzung standhalten. Seine mechanische Wirkung f\u00fchrt nicht leicht zum Verlust von Materialien von der Oberfl\u00e4che. Kundenspezifische Endkappenkonfigurationen sind verf\u00fcgbar, um spezifische Anforderungen zu erf\u00fcllen<\/p>\n<div class=\"pro_aliData\">\n<div class=\"detail-box\">\n<div class=\"scc-wrapper detail-module module-cspu\" data-module=\"cspu\"><\/div>\n<\/div>\n<\/div>","protected":false},"excerpt":{"rendered":"<table>\n<thead>\n<tr>\n<th>Typ<\/th>\n<th>Abf\u00fcllmaschine, Verpackungsmaschine f\u00fcr Fl\u00fcssigkeiten<\/th>\n<\/tr>\n<\/thead>\n<tbody>\n<tr>\n<td>Zustand<\/td>\n<td>Neu<\/td>\n<\/tr>\n<tr>\n<td>Anmeldung<\/td>\n<td>Getr\u00e4nk, Wasser<\/td>\n<\/tr>\n<tr>\n<td>Verpackungsart<\/td>\n<td>Beutel, Beutelchen, Folienbeutel<\/td>\n<\/tr>\n<tr>\n<td>Verpackungsmaterial<\/td>\n<td>Kunststoff<\/td>\n<\/tr>\n<tr>\n<td>Automatischer Grad<\/td>\n<td>Automatisch<\/td>\n<\/tr>\n<tr>\n<td>Angetriebener Typ<\/td>\n<td>Elektrisch<\/td>\n<\/tr>\n<tr>\n<td>Spannung<\/td>\n<td>220V\/50Hz<\/td>\n<\/tr>\n<tr>\n<td>Ort der Herkunft<\/td>\n<td>Guangdong, China<\/td>\n<\/tr>\n<tr>\n<td>Markenname<\/td>\n<td>OEM\/Lvyuan<\/td>\n<\/tr>\n<tr>\n<td>Dimension(L<em>W<\/em>H)<\/td>\n<td>h\u00e4ngt<\/td>\n<\/tr>\n<tr>\n<td>Gewicht<\/td>\n<td>h\u00e4ngt<\/td>\n<\/tr>\n<tr>\n<td>Zertifizierung<\/td>\n<td>ISO9001, CE<\/td>\n<\/tr>\n<tr>\n<td>Garantie<\/td>\n<td>1 Jahr<\/td>\n<\/tr>\n<tr>\n<td>After-Sales-Service<\/td>\n<td>Online-Unterst\u00fctzung<\/td>\n<\/tr>\n<tr>\n<td>Name des Produkts<\/td>\n<td>Wasserbeutel-Verpackungsmaschine Preis<\/td>\n<\/tr>\n<tr>\n<td>Volumen der F\u00fcllung<\/td>\n<td>100 - 6000ml, je nach Anfrage<\/td>\n<\/tr>\n<tr>\n<td>Funktion<\/td>\n<td>F\u00fcllen Versiegeln Umformen<\/td>\n<\/tr>\n<tr>\n<td>RO-Reinwasseranlage<\/td>\n<td>verf\u00fcgbar f\u00fcr Option<\/td>\n<\/tr>\n<tr>\n<td>Macht<\/td>\n<td>360W<\/td>\n<\/tr>\n<tr>\n<td>Material der Maschine<\/td>\n<td>Rostfreier Stahl<\/td>\n<\/tr>\n<tr>\n<td>Produktionskapazit\u00e4t<\/td>\n<td>300 - 2200 S\u00e4cke pro Stunde<\/td>\n<\/tr>\n<tr>\n<td>Personalisierung<\/td>\n<td>Akzeptieren<\/td>\n<\/tr>\n<tr>\n<td>Material der Plastikt\u00fcte<\/td>\n<td>PE-Folie<\/td>\n<\/tr>\n<tr>\n<td>Lieferf\u00e4higkeit<\/td>\n<td>100 St\u00fcck\/St\u00fcck pro Monat Verpackungsmaschine f\u00fcr Beutelwasser<\/td>\n<\/tr>\n<\/tbody>\n<\/table>","protected":false},"featured_media":3874,"comment_status":"open","ping_status":"closed","template":"","meta":{"_gspb_post_css":""},"product_brand":[],"product_cat":[1284],"product_tag":[636,1288,1285,1136,1286,1287],"class_list":{"0":"post-3872","1":"product","2":"type-product","3":"status-publish","4":"has-post-thumbnail","6":"product_cat-dust-cover-ro-water-purifier","7":"product_tag-industrial-water-treatment","8":"product_tag-reverse-osmosis-filtration","9":"product_tag-ro-water-filtration-plant","10":"product_tag-water-filter-locks","11":"product_tag-water-purification-system","12":"product_tag-wholesale-water-filter-plant","14":"first","15":"instock","16":"shipping-taxable","17":"product-type-simple"},"_links":{"self":[{"href":"https:\/\/lyfilter.com\/de\/wp-json\/wp\/v2\/product\/3872","targetHints":{"allow":["GET"]}}],"collection":[{"href":"https:\/\/lyfilter.com\/de\/wp-json\/wp\/v2\/product"}],"about":[{"href":"https:\/\/lyfilter.com\/de\/wp-json\/wp\/v2\/types\/product"}],"replies":[{"embeddable":true,"href":"https:\/\/lyfilter.com\/de\/wp-json\/wp\/v2\/comments?post=3872"}],"wp:featuredmedia":[{"embeddable":true,"href":"https:\/\/lyfilter.com\/de\/wp-json\/wp\/v2\/media\/3874"}],"wp:attachment":[{"href":"https:\/\/lyfilter.com\/de\/wp-json\/wp\/v2\/media?parent=3872"}],"wp:term":[{"taxonomy":"product_brand","embeddable":true,"href":"https:\/\/lyfilter.com\/de\/wp-json\/wp\/v2\/product_brand?post=3872"},{"taxonomy":"product_cat","embeddable":true,"href":"https:\/\/lyfilter.com\/de\/wp-json\/wp\/v2\/product_cat?post=3872"},{"taxonomy":"product_tag","embeddable":true,"href":"https:\/\/lyfilter.com\/de\/wp-json\/wp\/v2\/product_tag?post=3872"}],"curies":[{"name":"wp","href":"https:\/\/api.w.org\/{rel}","templated":true}]}}