{"id":3858,"date":"2026-04-03T03:55:59","date_gmt":"2026-04-03T03:55:59","guid":{"rendered":"https:\/\/lyfilter.com\/"},"modified":"2026-04-03T03:55:59","modified_gmt":"2026-04-03T03:55:59","slug":"efficient-sintered-plastic-filter-factory-direct-supply-for-water-purification","status":"publish","type":"product","link":"https:\/\/lyfilter.com\/de\/efficient-sintered-plastic-filter-factory-direct-supply-for-water-purification\/","title":{"rendered":"Effiziente gesinterte Kunststofffilter Fabrik Direktlieferung f\u00fcr die Wasseraufbereitung"},"content":{"rendered":"<p><b>Vorteile f\u00fcr das Unternehmen<\/b><br \/>\n<b>1.<\/b>\u00a0Die besondere Zusammensetzung des gesinterten Kunststofffilters sorgt f\u00fcr gute Leistungen wie. Mit einer gro\u00dfen Anzahl von konischen Befestigungsl\u00f6chern im Inneren, hat es eine hohe Schmutzaufnahmekapazit\u00e4t<br \/>\n<b>2.<\/b>\u00a0Durch unsere kontinuierliche Innovation wird das Produkt noch besser an die Marktnachfrage angepasst, so dass es eine vielversprechende Marktperspektive besitzt. Die sternf\u00f6rmige Ringdichtung macht die\u00a0<a href=\"https:\/\/lyfilter.com\/de\/products.html\/\">Filtereinsatz<\/a>\u00a0leicht zu demontieren und zu warten<br \/>\n<b>3.<\/b> Das Produkt hat den Vorteil einer hohen Kompatibilit\u00e4t. Es kann perfekt mit anderen mechanischen Systemen zusammenarbeiten, um die besten Ergebnisse zu erzielen. Es kann die Pr\u00e4zision der Filtration effektiv kontrollieren<\/p>\n<div class=\"pro_aliData\">\n<div class=\"detail-box\">\n<div class=\"scc-wrapper detail-module module-productPackagingAndQuickDetail\" data-spm=\"prilinga1e\">\n<div class=\"widget-detail-overview\">\n<div class=\"do-content\">\n<div class=\"do-overview\">\n<div class=\"do-entry do-entry-separate\">\n<div class=\"do-entry-list\">\n<dl id=\"224439040\" class=\"do-entry-item\">\n<dt class=\"do-entry-item\"><span class=\"attr-name J-attr-name\" title=\"Anwendbare Industrien\">Anwendbare Branchen:<\/span><\/dt>\n<dd class=\"do-entry-item-val\">\n<div class=\"ellipsis\" title=\"Produktionsanlagen, Lebensmittel- und Getr\u00e4nkefabrik, Wasseraufbereitung\">Produktionsanlagen, Lebensmittel- und Getr\u00e4nkefabrik, Wasseraufbereitung<\/div>\n<\/dd>\n<\/dl>\n<\/div>\n<\/div>\n<\/div>\n<\/div>\n<\/div>\n<\/div>\n<\/div>\n<\/div>","protected":false},"excerpt":{"rendered":"<table>\n<thead>\n<tr>\n<th>Service nach der Garantie<\/th>\n<th>Online-Unterst\u00fctzung<\/th>\n<\/tr>\n<\/thead>\n<tbody>\n<tr>\n<td>Lokaler Dienstort<\/td>\n<td>keine<\/td>\n<\/tr>\n<tr>\n<td>Standort des Ausstellungsraums<\/td>\n<td>keine<\/td>\n<\/tr>\n<tr>\n<td>Ort der Herkunft<\/td>\n<td>Guangdong, China<\/td>\n<\/tr>\n<tr>\n<td>Markenname<\/td>\n<td>Lvyuan oder OEM\/ ODM<\/td>\n<\/tr>\n<tr>\n<td>Material<\/td>\n<td>Kokosnusskohle, Kokosnusskohle, Kohlekohle<\/td>\n<\/tr>\n<tr>\n<td>Gewicht<\/td>\n<td>angepasst<\/td>\n<\/tr>\n<tr>\n<td>Gr\u00f6\u00dfe<\/td>\n<td>kundenspezifisch, kundenspezifisch<\/td>\n<\/tr>\n<tr>\n<td>Strom<\/td>\n<td>0<\/td>\n<\/tr>\n<tr>\n<td>Garantie<\/td>\n<td>Nicht verf\u00fcgbar<\/td>\n<\/tr>\n<tr>\n<td>Schl\u00fcsselw\u00f6rter<\/td>\n<td>Kohlefilterpatronengeh\u00e4use<\/td>\n<\/tr>\n<tr>\n<td>After-Sales-Service<\/td>\n<td>Online-Unterst\u00fctzung<\/td>\n<\/tr>\n<tr>\n<td>Merkmal<\/td>\n<td>Geruch, Sediment, Geruch, etc. entfernen<\/td>\n<\/tr>\n<tr>\n<td>Anmeldung<\/td>\n<td>Vorfiltrierung<\/td>\n<\/tr>\n<tr>\n<td>Farbe<\/td>\n<td>Schwarz\/Grau<\/td>\n<\/tr>\n<tr>\n<td>Typ<\/td>\n<td>Wasserfilterteile<\/td>\n<\/tr>\n<tr>\n<td>Durchmesser<\/td>\n<td>angepasst<\/td>\n<\/tr>\n<tr>\n<td>Mikron-Rate<\/td>\n<td>5\/10\/25 Mikron<\/td>\n<\/tr>\n<tr>\n<td>Lieferf\u00e4higkeit<\/td>\n<td>500 St\u00fcck\/St\u00fcck pro Woche<\/td>\n<\/tr>\n<\/tbody>\n<\/table>","protected":false},"featured_media":3860,"comment_status":"open","ping_status":"closed","template":"","meta":{"_gspb_post_css":""},"product_brand":[],"product_cat":[22],"product_tag":[1278,334,1279,1277,1136,1182],"class_list":{"0":"post-3858","1":"product","2":"type-product","3":"status-publish","4":"has-post-thumbnail","6":"product_cat-sintered-filter-cartridge","7":"product_tag-factory-direct-water-filter","8":"product_tag-industrial-water-filter","9":"product_tag-plastic-filter-element","10":"product_tag-sintered-plastic-filter","11":"product_tag-water-filter-locks","12":"product_tag-water-purification-filter","14":"first","15":"instock","16":"shipping-taxable","17":"product-type-simple"},"_links":{"self":[{"href":"https:\/\/lyfilter.com\/de\/wp-json\/wp\/v2\/product\/3858","targetHints":{"allow":["GET"]}}],"collection":[{"href":"https:\/\/lyfilter.com\/de\/wp-json\/wp\/v2\/product"}],"about":[{"href":"https:\/\/lyfilter.com\/de\/wp-json\/wp\/v2\/types\/product"}],"replies":[{"embeddable":true,"href":"https:\/\/lyfilter.com\/de\/wp-json\/wp\/v2\/comments?post=3858"}],"wp:featuredmedia":[{"embeddable":true,"href":"https:\/\/lyfilter.com\/de\/wp-json\/wp\/v2\/media\/3860"}],"wp:attachment":[{"href":"https:\/\/lyfilter.com\/de\/wp-json\/wp\/v2\/media?parent=3858"}],"wp:term":[{"taxonomy":"product_brand","embeddable":true,"href":"https:\/\/lyfilter.com\/de\/wp-json\/wp\/v2\/product_brand?post=3858"},{"taxonomy":"product_cat","embeddable":true,"href":"https:\/\/lyfilter.com\/de\/wp-json\/wp\/v2\/product_cat?post=3858"},{"taxonomy":"product_tag","embeddable":true,"href":"https:\/\/lyfilter.com\/de\/wp-json\/wp\/v2\/product_tag?post=3858"}],"curies":[{"name":"wp","href":"https:\/\/api.w.org\/{rel}","templated":true}]}}