{"id":3845,"date":"2026-04-03T03:44:29","date_gmt":"2026-04-03T03:44:29","guid":{"rendered":"https:\/\/lyfilter.com\/"},"modified":"2026-04-03T03:44:29","modified_gmt":"2026-04-03T03:44:29","slug":"lvyuan-filter-fine-quality-seawater-reverse-osmosis-plant-manufacturers-for-desalination","status":"publish","type":"product","link":"https:\/\/lyfilter.com\/de\/lvyuan-filter-fine-quality-seawater-reverse-osmosis-plant-manufacturers-for-desalination\/","title":{"rendered":"Lvyuan Filter Feine Qualit\u00e4t Meerwasser Umkehrosmose Anlage Hersteller f\u00fcr Entsalzung"},"content":{"rendered":"<p>Diese Umkehrosmoseanlage von Lvyuan wurde f\u00fcr die Entsalzung von Meerwasser entwickelt und tr\u00e4gt dazu bei, Salz und Verunreinigungen zu reduzieren und die Leistung zu steigern. Sie ist eine praktische Wahl f\u00fcr Betriebe, die eine zuverl\u00e4ssige Filtration, Effizienz und lange Nutzungsdauer ben\u00f6tigen.<\/p>","protected":false},"excerpt":{"rendered":"<table>\n<thead>\n<tr>\n<th>Ort der Herkunft<\/th>\n<th>Guangdong, China<\/th>\n<\/tr>\n<\/thead>\n<tbody>\n<tr>\n<td>Markenname<\/td>\n<td>Lvyuan \/ Kang Yang KYsearo<\/td>\n<\/tr>\n<tr>\n<td>Material<\/td>\n<td>h\u00e4ngt<\/td>\n<\/tr>\n<tr>\n<td>Gewicht<\/td>\n<td>h\u00e4ngt<\/td>\n<\/tr>\n<tr>\n<td>Gr\u00f6\u00dfe<\/td>\n<td>h\u00e4ngt<\/td>\n<\/tr>\n<tr>\n<td>Strom<\/td>\n<td>h\u00e4ngt<\/td>\n<\/tr>\n<tr>\n<td>Garantie<\/td>\n<td>1 Jahr<\/td>\n<\/tr>\n<tr>\n<td>After-Sales-Service<\/td>\n<td>Online-Unterst\u00fctzung<\/td>\n<\/tr>\n<tr>\n<td>Name<\/td>\n<td>kleine Entsalzungsanlage<\/td>\n<\/tr>\n<tr>\n<td>Spannung<\/td>\n<td>220V\/50Hz<\/td>\n<\/tr>\n<tr>\n<td>Kapazit\u00e4t<\/td>\n<td>1000, 2000, 3000 Liter pro Tag<\/td>\n<\/tr>\n<tr>\n<td>RO-Membranen Marke<\/td>\n<td>DOW<\/td>\n<\/tr>\n<tr>\n<td>HP-Pumpe<\/td>\n<td>Italien AR, CNP, Danfoss<\/td>\n<\/tr>\n<tr>\n<td>Speisewasser TDS<\/td>\n<td>&lt;45000ppm<\/td>\n<\/tr>\n<tr>\n<td>S\u00fc\u00dfwasser TDS<\/td>\n<td>&lt;600ppm<\/td>\n<\/tr>\n<tr>\n<td>Rahmen<\/td>\n<td>Stahlloser Stahl<\/td>\n<\/tr>\n<tr>\n<td>Mobiles Rad<\/td>\n<td>ja<\/td>\n<\/tr>\n<tr>\n<td>Anmeldung<\/td>\n<td>Meerwasserentsalzung<\/td>\n<\/tr>\n<tr>\n<td>Verkaufende Einheiten<\/td>\n<td>Einzelnes Element<\/td>\n<\/tr>\n<tr>\n<td>Einzelne Packungsgr\u00f6\u00dfe<\/td>\n<td>75X65X75 cm<\/td>\n<\/tr>\n<tr>\n<td>Einfaches Bruttogewicht<\/td>\n<td>82.000 kg<\/td>\n<\/tr>\n<tr>\n<td>Paket Typ<\/td>\n<td>1000 Liter pro Tag ro Meerwasserentsalzungsanlage. Export Holzkiste<\/td>\n<\/tr>\n<tr>\n<td>Bild Beispiel<\/td>\n<td>paket-img<\/td>\n<\/tr>\n<tr>\n<td>Vorlaufzeit<\/td>\n<td>1 - 20 S\u00e4tze: 25 Tage; &gt;20 Sets: Zu verhandeln<\/td>\n<\/tr>\n<\/tbody>\n<\/table>","protected":false},"featured_media":3846,"comment_status":"open","ping_status":"closed","template":"","meta":{"_gspb_post_css":""},"product_brand":[],"product_cat":[1202],"product_tag":[1271,1268,1270,1269,1272,1136],"class_list":{"0":"post-3845","1":"product","2":"type-product","3":"status-publish","4":"has-post-thumbnail","6":"product_cat-filter-cartridge","7":"product_tag-industrial-desalination-plant","8":"product_tag-lvyuan-reverse-osmosis-plant","9":"product_tag-reverse-osmosis-water-treatment","10":"product_tag-seawater-desalination-system","11":"product_tag-seawater-filtration-equipment","12":"product_tag-water-filter-locks","14":"first","15":"instock","16":"shipping-taxable","17":"product-type-simple"},"_links":{"self":[{"href":"https:\/\/lyfilter.com\/de\/wp-json\/wp\/v2\/product\/3845","targetHints":{"allow":["GET"]}}],"collection":[{"href":"https:\/\/lyfilter.com\/de\/wp-json\/wp\/v2\/product"}],"about":[{"href":"https:\/\/lyfilter.com\/de\/wp-json\/wp\/v2\/types\/product"}],"replies":[{"embeddable":true,"href":"https:\/\/lyfilter.com\/de\/wp-json\/wp\/v2\/comments?post=3845"}],"wp:featuredmedia":[{"embeddable":true,"href":"https:\/\/lyfilter.com\/de\/wp-json\/wp\/v2\/media\/3846"}],"wp:attachment":[{"href":"https:\/\/lyfilter.com\/de\/wp-json\/wp\/v2\/media?parent=3845"}],"wp:term":[{"taxonomy":"product_brand","embeddable":true,"href":"https:\/\/lyfilter.com\/de\/wp-json\/wp\/v2\/product_brand?post=3845"},{"taxonomy":"product_cat","embeddable":true,"href":"https:\/\/lyfilter.com\/de\/wp-json\/wp\/v2\/product_cat?post=3845"},{"taxonomy":"product_tag","embeddable":true,"href":"https:\/\/lyfilter.com\/de\/wp-json\/wp\/v2\/product_tag?post=3845"}],"curies":[{"name":"wp","href":"https:\/\/api.w.org\/{rel}","templated":true}]}}