{"id":3837,"date":"2026-04-03T03:41:17","date_gmt":"2026-04-03T03:41:17","guid":{"rendered":"https:\/\/lyfilter.com\/"},"modified":"2026-04-03T03:41:17","modified_gmt":"2026-04-03T03:41:17","slug":"industrial-water-ss304-316l-stainless-steel-liquid-security-filter-housing-with-10-20-30-40-inch-replacement-filter-cartridge","status":"publish","type":"product","link":"https:\/\/lyfilter.com\/de\/industrial-water-ss304-316l-stainless-steel-liquid-security-filter-housing-with-10-20-30-40-inch-replacement-filter-cartridge\/","title":{"rendered":"Industrielle Wasser Ss304 316L Edelstahl Fl\u00fcssigkeit Sicherheit Filtergeh\u00e4use mit 10\/20\/30\/40 Zoll Ersatz-Filterpatrone"},"content":{"rendered":"<p>Dieses f\u00fcr die Fl\u00fcssigkeitsfiltration konzipierte Geh\u00e4use aus Edelstahl SS304 und 316L unterst\u00fctzt 10-, 20-, 30- und 40-Zoll-Ersatzpatronen. Es tr\u00e4gt zu einem gleichm\u00e4\u00dfigen Durchfluss, einer dauerhaften Leistung und einer sauberen Verarbeitung in industriellen Systemen bei.<\/p>","protected":false},"excerpt":{"rendered":"<table>\n<thead>\n<tr>\n<th>Zustand<\/th>\n<th>Neu<\/th>\n<\/tr>\n<\/thead>\n<tbody>\n<tr>\n<td>Anwendbare Industrien<\/td>\n<td>Hotels, Bekleidungsgesch\u00e4fte, Baustoffgesch\u00e4fte, Fertigungsbetriebe, Maschinenreparaturwerkst\u00e4tten, Lebensmittel- und Getr\u00e4nkefabriken, Bauernh\u00f6fe, Restaurants, Haushalte, Einzelhandel, Lebensmittelgesch\u00e4fte, Druckereien, Bauunternehmen, Energie- und Bergbauunternehmen, Lebensmittel- und Getr\u00e4nkem\u00e4rkte, Werbeunternehmen<\/td>\n<\/tr>\n<tr>\n<td>Ort der Herkunft<\/td>\n<td>Guangdong, China<\/td>\n<\/tr>\n<tr>\n<td>Markenname<\/td>\n<td>Kundenspezifisch<\/td>\n<\/tr>\n<tr>\n<td>Material<\/td>\n<td>Kundenspezifisch, SS304 \/ SS316L<\/td>\n<\/tr>\n<tr>\n<td>Gewicht<\/td>\n<td>Kundenspezifisch<\/td>\n<\/tr>\n<tr>\n<td>Gr\u00f6\u00dfe<\/td>\n<td>Kundenspezifisch<\/td>\n<\/tr>\n<tr>\n<td>Strom<\/td>\n<td>0<\/td>\n<\/tr>\n<tr>\n<td>Garantie<\/td>\n<td>1 Jahr<\/td>\n<\/tr>\n<tr>\n<td>After-Sales-Service<\/td>\n<td>Online-Unterst\u00fctzung<\/td>\n<\/tr>\n<tr>\n<td>Artikel Name<\/td>\n<td>Industrielles Wasser Edelstahl Fl\u00fcssigkeit Sicherheit Filtergeh\u00e4use<\/td>\n<\/tr>\n<tr>\n<td>L\u00e4nge der Filterpatrone<\/td>\n<td>10\u2033 20\u2033 30\u2033 40\u2033<\/td>\n<\/tr>\n<tr>\n<td>Anzahl der Patronenfilter<\/td>\n<td>Einzelner Kern<\/td>\n<\/tr>\n<tr>\n<td>Oberfl\u00e4chenbehandlung<\/td>\n<td>Poliert &amp; Sandgestrahlt<\/td>\n<\/tr>\n<tr>\n<td>O-Ring Dichtung<\/td>\n<td>Elastik\/NBR\/EPDM\/Viton<\/td>\n<\/tr>\n<tr>\n<td>Typ der installierten Oberkappe<\/td>\n<td>Klammer-Typ<\/td>\n<\/tr>\n<tr>\n<td>Einlass &amp; Auslass Typ<\/td>\n<td>Innengewinde<\/td>\n<\/tr>\n<tr>\n<td>Steckertyp<\/td>\n<td>222\/226\/DOE<\/td>\n<\/tr>\n<tr>\n<td>Verpackungsmethode<\/td>\n<td>Standardbox exportieren<\/td>\n<\/tr>\n<tr>\n<td>Verkaufende Einheiten<\/td>\n<td>Einzelnes Element<\/td>\n<\/tr>\n<tr>\n<td>Einzelne Packungsgr\u00f6\u00dfe<\/td>\n<td>35X18X25 cm<\/td>\n<\/tr>\n<tr>\n<td>Einfaches Bruttogewicht<\/td>\n<td>3.000 kg<\/td>\n<\/tr>\n<tr>\n<td>Paket Typ<\/td>\n<td>Industrielles Wasser SS304 316L Edelstahl Fl\u00fcssigkeitssicherheitsfiltergeh\u00e4use mit 10\/20\/30\/40 Zoll Ersatzfilterpatrone: Verpackung: Export-Standardkarton\/nach Bedarf<\/td>\n<\/tr>\n<tr>\n<td>Vorlaufzeit<\/td>\n<td>1 - 10 St\u00fcck: 5 Tage; 11 - 100 St\u00fcck: 10 Tage; &gt;100 St\u00fcck: Zu verhandeln<\/td>\n<\/tr>\n<\/tbody>\n<\/table>","protected":false},"featured_media":3840,"comment_status":"open","ping_status":"closed","template":"","meta":{"_gspb_post_css":""},"product_brand":[],"product_cat":[15],"product_tag":[1266,1264,1267,1215,1265,1136],"class_list":{"0":"post-3837","1":"product","2":"type-product","3":"status-publish","4":"has-post-thumbnail","6":"product_cat-stainless-steel-filter-housing","7":"product_tag-316l-stainless-steel-filter","8":"product_tag-industrial-water-filter-housing","9":"product_tag-liquid-security-filter-housing","10":"product_tag-replacement-filter-cartridge","11":"product_tag-ss304-filter-housing","12":"product_tag-water-filter-locks","14":"first","15":"instock","16":"shipping-taxable","17":"product-type-simple"},"_links":{"self":[{"href":"https:\/\/lyfilter.com\/de\/wp-json\/wp\/v2\/product\/3837","targetHints":{"allow":["GET"]}}],"collection":[{"href":"https:\/\/lyfilter.com\/de\/wp-json\/wp\/v2\/product"}],"about":[{"href":"https:\/\/lyfilter.com\/de\/wp-json\/wp\/v2\/types\/product"}],"replies":[{"embeddable":true,"href":"https:\/\/lyfilter.com\/de\/wp-json\/wp\/v2\/comments?post=3837"}],"wp:featuredmedia":[{"embeddable":true,"href":"https:\/\/lyfilter.com\/de\/wp-json\/wp\/v2\/media\/3840"}],"wp:attachment":[{"href":"https:\/\/lyfilter.com\/de\/wp-json\/wp\/v2\/media?parent=3837"}],"wp:term":[{"taxonomy":"product_brand","embeddable":true,"href":"https:\/\/lyfilter.com\/de\/wp-json\/wp\/v2\/product_brand?post=3837"},{"taxonomy":"product_cat","embeddable":true,"href":"https:\/\/lyfilter.com\/de\/wp-json\/wp\/v2\/product_cat?post=3837"},{"taxonomy":"product_tag","embeddable":true,"href":"https:\/\/lyfilter.com\/de\/wp-json\/wp\/v2\/product_tag?post=3837"}],"curies":[{"name":"wp","href":"https:\/\/api.w.org\/{rel}","templated":true}]}}