{"id":3827,"date":"2026-04-03T03:37:41","date_gmt":"2026-04-03T03:37:41","guid":{"rendered":"https:\/\/lyfilter.com\/"},"modified":"2026-04-03T03:46:09","modified_gmt":"2026-04-03T03:46:09","slug":"pvc-water-filter-housing-for-pre-water-treatment","status":"publish","type":"product","link":"https:\/\/lyfilter.com\/de\/pvc-water-filter-housing-for-pre-water-treatment\/","title":{"rendered":"PVC-Wasserfiltergeh\u00e4use f\u00fcr die Wasseraufbereitung"},"content":{"rendered":"<p>Dieses PVC-Wasserfiltergeh\u00e4use wurde f\u00fcr eine zuverl\u00e4ssige Vorbehandlung entwickelt und unterst\u00fctzt einen reibungslosen Durchfluss und eine stabile Filtration in allt\u00e4glichen Systemen. Sein korrosionsbest\u00e4ndiges Geh\u00e4use tr\u00e4gt zum Schutz der Leistung bei und macht die Wartung einfach und praktisch<\/p>","protected":false},"excerpt":{"rendered":"<table>\n<thead>\n<tr>\n<th>Zustand<\/th>\n<th>Neu<\/th>\n<\/tr>\n<\/thead>\n<tbody>\n<tr>\n<td>Anwendbare Industrien<\/td>\n<td>Produktionsanlagen, Lebensmittel- und Getr\u00e4nkefabrik, Wasseraufbereitung<\/td>\n<\/tr>\n<tr>\n<td>Service nach der Garantie<\/td>\n<td>Online-Unterst\u00fctzung<\/td>\n<\/tr>\n<tr>\n<td>Lokaler Dienstort<\/td>\n<td>keine<\/td>\n<\/tr>\n<tr>\n<td>Standort des Ausstellungsraums<\/td>\n<td>keine<\/td>\n<\/tr>\n<tr>\n<td>Ort der Herkunft<\/td>\n<td>Guangdong, China<\/td>\n<\/tr>\n<tr>\n<td>Markenname<\/td>\n<td>Lvyuan,OEM,ODM<\/td>\n<\/tr>\n<tr>\n<td>Material<\/td>\n<td>upvc<\/td>\n<\/tr>\n<tr>\n<td>Gewicht<\/td>\n<td>angepasst<\/td>\n<\/tr>\n<tr>\n<td>Gr\u00f6\u00dfe<\/td>\n<td>individuell, 10\u2032, 20\u2032, \u201930\u201d, 40\u201d<\/td>\n<\/tr>\n<tr>\n<td>Strom<\/td>\n<td>0<\/td>\n<\/tr>\n<tr>\n<td>Garantie<\/td>\n<td>Nicht verf\u00fcgbar<\/td>\n<\/tr>\n<tr>\n<td>Merkmal<\/td>\n<td>Wirtschaft<\/td>\n<\/tr>\n<tr>\n<td>Zertifizierung<\/td>\n<td>ISO9001<\/td>\n<\/tr>\n<tr>\n<td>Material<\/td>\n<td>UPVC<\/td>\n<\/tr>\n<tr>\n<td>Verwendung<\/td>\n<td>Wasservorfilterung<\/td>\n<\/tr>\n<tr>\n<td>Anmeldung<\/td>\n<td>Industrie<\/td>\n<\/tr>\n<tr>\n<td>Arbeitsdruck<\/td>\n<td>150Psi<\/td>\n<\/tr>\n<tr>\n<td>Farbe<\/td>\n<td>schwarz und wei\u00df<\/td>\n<\/tr>\n<tr>\n<td>Schl\u00fcsselw\u00f6rter<\/td>\n<td>UPVC<\/td>\n<\/tr>\n<tr>\n<td>Lieferf\u00e4higkeit<\/td>\n<td>200 St\u00fcck\/St\u00fcck pro Monat<\/td>\n<\/tr>\n<\/tbody>\n<\/table>","protected":false},"featured_media":3833,"comment_status":"open","ping_status":"closed","template":"","meta":{"_gspb_post_css":""},"product_brand":[],"product_cat":[15],"product_tag":[1264,1262,1263,1261,93,1136],"class_list":{"0":"post-3827","1":"product","2":"type-product","3":"status-publish","4":"has-post-thumbnail","6":"product_cat-stainless-steel-filter-housing","7":"product_tag-industrial-water-filter-housing","8":"product_tag-pre-water-treatment-filter","9":"product_tag-pvc-filtration-housing","10":"product_tag-pvc-water-filter-housing","11":"product_tag-water-filter-housing","12":"product_tag-water-filter-locks","14":"first","15":"instock","16":"shipping-taxable","17":"product-type-simple"},"_links":{"self":[{"href":"https:\/\/lyfilter.com\/de\/wp-json\/wp\/v2\/product\/3827","targetHints":{"allow":["GET"]}}],"collection":[{"href":"https:\/\/lyfilter.com\/de\/wp-json\/wp\/v2\/product"}],"about":[{"href":"https:\/\/lyfilter.com\/de\/wp-json\/wp\/v2\/types\/product"}],"replies":[{"embeddable":true,"href":"https:\/\/lyfilter.com\/de\/wp-json\/wp\/v2\/comments?post=3827"}],"wp:featuredmedia":[{"embeddable":true,"href":"https:\/\/lyfilter.com\/de\/wp-json\/wp\/v2\/media\/3833"}],"wp:attachment":[{"href":"https:\/\/lyfilter.com\/de\/wp-json\/wp\/v2\/media?parent=3827"}],"wp:term":[{"taxonomy":"product_brand","embeddable":true,"href":"https:\/\/lyfilter.com\/de\/wp-json\/wp\/v2\/product_brand?post=3827"},{"taxonomy":"product_cat","embeddable":true,"href":"https:\/\/lyfilter.com\/de\/wp-json\/wp\/v2\/product_cat?post=3827"},{"taxonomy":"product_tag","embeddable":true,"href":"https:\/\/lyfilter.com\/de\/wp-json\/wp\/v2\/product_tag?post=3827"}],"curies":[{"name":"wp","href":"https:\/\/api.w.org\/{rel}","templated":true}]}}