{"id":3822,"date":"2026-04-03T03:32:07","date_gmt":"2026-04-03T03:32:07","guid":{"rendered":"https:\/\/lyfilter.com\/"},"modified":"2026-04-03T03:32:07","modified_gmt":"2026-04-03T03:32:07","slug":"lvyuan-carbon-block-filter-cartridge-factory-for-desalination","status":"publish","type":"product","link":"https:\/\/lyfilter.com\/de\/lvyuan-carbon-block-filter-cartridge-factory-for-desalination\/","title":{"rendered":"Lvyuan Carbon Block Filterpatrone Fabrik f\u00fcr Entsalzung"},"content":{"rendered":"<p><b>Vorteile f\u00fcr das Unternehmen<\/b><br \/>\n<b>1.<\/b>\u00a0Unterst\u00fctzt durch ein professionelles technisches Team genie\u00dft unsere Kohlenstoffblock-Filterpatrone ein viel h\u00f6heres Ansehen als zuvor. Aufgrund ihrer breiten chemischen Kompatibilit\u00e4t ist sie f\u00fcr die Verwendung mit w\u00e4ssrigen und organischen L\u00f6sungsmittelproben geeignet<br \/>\n<b>2.<\/b>\u00a0Menschen, die empfindlich auf Metalle reagieren, werden mit diesem Produkt keine Probleme haben, da es nicht reizend ist. Es kann die Filtrationsgenauigkeit wirksam kontrollieren<br \/>\n<b>3.<\/b>\u00a0Durch die Einf\u00fchrung eines strengen Qualit\u00e4tsmanagementsystems konnte die Produktqualit\u00e4t verbessert werden. Es f\u00e4ngt gr\u00f6\u00dfere Partikel in den \u00e4u\u00dferen Schichten ab und f\u00e4ngt kleinere Partikel in der tiefen Schicht auf<br \/>\n<b>4.<\/b>\u00a0Dieses Produkt ist die erste Wahl des Kunden, die Lebensdauer ist lang, die Praktikabilit\u00e4t ist stark. Als thermisch geschwei\u00dft, sind seine Kappen nicht anf\u00e4llig f\u00fcr Risse oder fallen ab<br \/>\n<b>5.<\/b>\u00a0Langfristig stabile Leistung des Produkts in der Industrie hat einen gro\u00dfen Vorteil. Sein Filtermedium ist entsprechend der unterschiedlichen Wasserqualit\u00e4t in der Anwendung anpassbar<\/p>","protected":false},"excerpt":{"rendered":"<table>\n<thead>\n<tr>\n<th>Anwendbare Industrien<\/th>\n<th>Produktionsanlagen, Lebensmittel- und Getr\u00e4nkefabrik, Wasseraufbereitung<\/th>\n<\/tr>\n<\/thead>\n<tbody>\n<tr>\n<td>Service nach der Garantie<\/td>\n<td>Online-Unterst\u00fctzung<\/td>\n<\/tr>\n<tr>\n<td>Lokaler Dienstort<\/td>\n<td>keine<\/td>\n<\/tr>\n<tr>\n<td>Standort des Ausstellungsraums<\/td>\n<td>keine<\/td>\n<\/tr>\n<tr>\n<td>Ort der Herkunft<\/td>\n<td>Guangdong, China<\/td>\n<\/tr>\n<tr>\n<td>Markenname<\/td>\n<td>Lvyuan oder OEM\/ ODM<\/td>\n<\/tr>\n<tr>\n<td>Material<\/td>\n<td>Kokosnusskohle, Kokosnusskohle, Kohlekohle<\/td>\n<\/tr>\n<tr>\n<td>Gewicht<\/td>\n<td>angepasst<\/td>\n<\/tr>\n<tr>\n<td>Gr\u00f6\u00dfe<\/td>\n<td>kundenspezifisch, kundenspezifisch<\/td>\n<\/tr>\n<tr>\n<td>Strom<\/td>\n<td>0<\/td>\n<\/tr>\n<tr>\n<td>Garantie<\/td>\n<td>Nicht verf\u00fcgbar<\/td>\n<\/tr>\n<tr>\n<td>Schl\u00fcsselw\u00f6rter<\/td>\n<td>Aktivkohle-Vorfilter<\/td>\n<\/tr>\n<tr>\n<td>After-Sales-Service<\/td>\n<td>Online-Unterst\u00fctzung<\/td>\n<\/tr>\n<tr>\n<td>Merkmal<\/td>\n<td>Geruch, Sediment, Geruch, etc. entfernen<\/td>\n<\/tr>\n<tr>\n<td>Anmeldung<\/td>\n<td>Vorfiltrierung<\/td>\n<\/tr>\n<tr>\n<td>Farbe<\/td>\n<td>Schwarz\/Grau<\/td>\n<\/tr>\n<tr>\n<td>Typ<\/td>\n<td>Wasserfilterteile<\/td>\n<\/tr>\n<tr>\n<td>Durchmesser<\/td>\n<td>angepasst<\/td>\n<\/tr>\n<tr>\n<td>Mikron-Rate<\/td>\n<td>5\/10\/25 Mikron<\/td>\n<\/tr>\n<tr>\n<td>Lieferf\u00e4higkeit<\/td>\n<td>500 St\u00fcck\/St\u00fcck pro Woche<\/td>\n<\/tr>\n<\/tbody>\n<\/table>","protected":false},"featured_media":3826,"comment_status":"open","ping_status":"closed","template":"","meta":{"_gspb_post_css":""},"product_brand":[],"product_cat":[1202],"product_tag":[1259,1244,1260,1258,1136,1182],"class_list":{"0":"post-3822","1":"product","2":"type-product","3":"status-publish","4":"has-post-thumbnail","6":"product_cat-filter-cartridge","7":"product_tag-carbon-block-water-filter","8":"product_tag-desalination-filter-cartridge","9":"product_tag-factory-direct-filter-cartridge","10":"product_tag-lvyuan-carbon-block-filter-cartridge","11":"product_tag-water-filter-locks","12":"product_tag-water-purification-filter","14":"first","15":"instock","16":"shipping-taxable","17":"product-type-simple"},"_links":{"self":[{"href":"https:\/\/lyfilter.com\/de\/wp-json\/wp\/v2\/product\/3822","targetHints":{"allow":["GET"]}}],"collection":[{"href":"https:\/\/lyfilter.com\/de\/wp-json\/wp\/v2\/product"}],"about":[{"href":"https:\/\/lyfilter.com\/de\/wp-json\/wp\/v2\/types\/product"}],"replies":[{"embeddable":true,"href":"https:\/\/lyfilter.com\/de\/wp-json\/wp\/v2\/comments?post=3822"}],"wp:featuredmedia":[{"embeddable":true,"href":"https:\/\/lyfilter.com\/de\/wp-json\/wp\/v2\/media\/3826"}],"wp:attachment":[{"href":"https:\/\/lyfilter.com\/de\/wp-json\/wp\/v2\/media?parent=3822"}],"wp:term":[{"taxonomy":"product_brand","embeddable":true,"href":"https:\/\/lyfilter.com\/de\/wp-json\/wp\/v2\/product_brand?post=3822"},{"taxonomy":"product_cat","embeddable":true,"href":"https:\/\/lyfilter.com\/de\/wp-json\/wp\/v2\/product_cat?post=3822"},{"taxonomy":"product_tag","embeddable":true,"href":"https:\/\/lyfilter.com\/de\/wp-json\/wp\/v2\/product_tag?post=3822"}],"curies":[{"name":"wp","href":"https:\/\/api.w.org\/{rel}","templated":true}]}}