{"id":3820,"date":"2026-04-03T03:26:35","date_gmt":"2026-04-03T03:26:35","guid":{"rendered":"https:\/\/lyfilter.com\/"},"modified":"2026-04-03T03:26:35","modified_gmt":"2026-04-03T03:26:35","slug":"ss-cartridge-filter-housing-for-industry-oem-lvyuan-factory-direct-supply","status":"publish","type":"product","link":"https:\/\/lyfilter.com\/de\/ss-cartridge-filter-housing-for-industry-oem-lvyuan-factory-direct-supply\/","title":{"rendered":"SS-Patronenfiltergeh\u00e4use f\u00fcr Industrie Oem\/Lvyuan Fabrik Direktlieferung"},"content":{"rendered":"<p><b>Produktdetails des ss-Patronenfiltergeh\u00e4uses<\/b><\/p>\n<p>&nbsp;<\/p>\n<p><b>Produkt-Spezifikation<\/b><\/p>\n<p>Verf\u00fcgbarkeit: OEM<\/p>\n<p>&nbsp;<\/p>\n<p><b>Produkt\u00fcbersicht<\/b><\/p>\n<p>Die Maschinen von Lvyuan Water Purification Equipment werden von den meisten Kunden wegen der folgenden Vorteile sehr gesch\u00e4tzt: vern\u00fcnftiges und neuartiges Design, kompakte Struktur, stabile Leistung und einfache Bedienung und Installation. Die Produktion von\u00a0<a href=\"https:\/\/lyfilter.com\/de\/\">Lvyuan-Filter<\/a>\u00a0ss Patronenfiltergeh\u00e4use ist hoch standardisiert und effizient. Das Produkt wird immer wieder auf h\u00f6chste Qualit\u00e4t gepr\u00fcft. Das tats\u00e4chliche Exportvolumen dieses Produkts hat den Plan \u00fcbertroffen.<\/p>\n<p>&nbsp;<\/p>\n<p><b>Informationen zum Produkt<\/b><\/p>\n<p>Nach der Verbesserung ist das von Lvyuan Water Purification Equipment hergestellte ss-Patronenfiltergeh\u00e4use in den folgenden Aspekten noch brillanter.<\/p>\n<p><strong>Edelstahl Selbstreinigendes Patronenfiltergeh\u00e4use<\/strong><\/p>\n<p>Der automatische Reinigungsfilter ist ein spezielles Filterger\u00e4t, das das Filtersieb nutzt, um feste Verunreinigungen und Partikel im Wasser abzufangen, wodurch die Tr\u00fcbung des Wassers verringert und die Wasserqualit\u00e4t verbessert wird. Das Wasser gelangt \u00fcber den Wasserzulauf in den Filter, und das Filtersieb in der Maschine f\u00e4ngt die Verunreinigungen im Wasser ab. Wenn der Schmutz auf dem Filtersieb ein bestimmtes Niveau erreicht, \u00f6ffnet das System automatisch das Abwasserventil und den Abflussmechanismus im Geh\u00e4use, um die Verunreinigungen auf dem Filtersieb zu reinigen und aus dem Geh\u00e4use zu entfernen. W\u00e4hrend der Entleerungsphase flie\u00dft das Abwasser kontinuierlich ab.<\/p>","protected":false},"excerpt":{"rendered":"<table>\n<thead>\n<tr>\n<th>Produktionskapazit\u00e4t<\/th>\n<th>10000 Einheiten\/Monat<\/th>\n<\/tr>\n<\/thead>\n<tbody>\n<tr>\n<td>Zahlung<\/td>\n<td>T\/T, Alibaba Trade Assurance, paypal<\/td>\n<\/tr>\n<tr>\n<td>Zertifizierung<\/td>\n<td>ISO 9001<\/td>\n<\/tr>\n<tr>\n<td>Marke<\/td>\n<td>OEM\/Lvyuan<\/td>\n<\/tr>\n<\/tbody>\n<\/table>","protected":false},"featured_media":3821,"comment_status":"open","ping_status":"closed","template":"","meta":{"_gspb_post_css":""},"product_brand":[],"product_cat":[1135],"product_tag":[1084,1186,1256,1255,1257,1136],"class_list":{"0":"post-3820","1":"product","2":"type-product","3":"status-publish","4":"has-post-thumbnail","6":"product_cat-stainless-steel-bag-filter-housing","7":"product_tag-industrial-filter-housing","8":"product_tag-lvyuan-filter-housing","9":"product_tag-oem-filter-supply","10":"product_tag-ss-cartridge-filter-housing","11":"product_tag-stainless-steel-cartridge-filter","12":"product_tag-water-filter-locks","14":"first","15":"instock","16":"shipping-taxable","17":"product-type-simple"},"_links":{"self":[{"href":"https:\/\/lyfilter.com\/de\/wp-json\/wp\/v2\/product\/3820","targetHints":{"allow":["GET"]}}],"collection":[{"href":"https:\/\/lyfilter.com\/de\/wp-json\/wp\/v2\/product"}],"about":[{"href":"https:\/\/lyfilter.com\/de\/wp-json\/wp\/v2\/types\/product"}],"replies":[{"embeddable":true,"href":"https:\/\/lyfilter.com\/de\/wp-json\/wp\/v2\/comments?post=3820"}],"wp:featuredmedia":[{"embeddable":true,"href":"https:\/\/lyfilter.com\/de\/wp-json\/wp\/v2\/media\/3821"}],"wp:attachment":[{"href":"https:\/\/lyfilter.com\/de\/wp-json\/wp\/v2\/media?parent=3820"}],"wp:term":[{"taxonomy":"product_brand","embeddable":true,"href":"https:\/\/lyfilter.com\/de\/wp-json\/wp\/v2\/product_brand?post=3820"},{"taxonomy":"product_cat","embeddable":true,"href":"https:\/\/lyfilter.com\/de\/wp-json\/wp\/v2\/product_cat?post=3820"},{"taxonomy":"product_tag","embeddable":true,"href":"https:\/\/lyfilter.com\/de\/wp-json\/wp\/v2\/product_tag?post=3820"}],"curies":[{"name":"wp","href":"https:\/\/api.w.org\/{rel}","templated":true}]}}