{"id":3813,"date":"2026-04-03T03:23:25","date_gmt":"2026-04-03T03:23:25","guid":{"rendered":"https:\/\/lyfilter.com\/"},"modified":"2026-04-03T03:23:50","modified_gmt":"2026-04-03T03:23:50","slug":"reusable-and-washable-filter-bag-stainless-steel-304-ss316-bag-filters-housing-to-filter-tea-and-milk","status":"publish","type":"product","link":"https:\/\/lyfilter.com\/de\/reusable-and-washable-filter-bag-stainless-steel-304-ss316-bag-filters-housing-to-filter-tea-and-milk\/","title":{"rendered":"Wiederverwendbare und waschbare Filterbeutel Edelstahl 304 SS316 Beutel Filtergeh\u00e4use zum Filtern von Tee und Milch"},"content":{"rendered":"<p>Dieses wiederverwendbare Filtergeh\u00e4use aus rostfreiem Stahl wurde f\u00fcr die t\u00e4gliche Filterung entwickelt und filtert Tee und Milch mit gleichm\u00e4\u00dfigem Durchfluss und einfacher Reinigung. Sein 304 und SS316 Design unterst\u00fctzt Haltbarkeit, Hygiene und wiederholte Verwendung in anspruchsvollen Umgebungen.<\/p>","protected":false},"excerpt":{"rendered":"<table>\n<thead>\n<tr>\n<th>Anwendbare Industrien<\/th>\n<th>Produktionsanlagen, Lebensmittel- und Getr\u00e4nkefabrik, Wasseraufbereitung<\/th>\n<\/tr>\n<\/thead>\n<tbody>\n<tr>\n<td>Ort der Herkunft<\/td>\n<td>Guangdong, China<\/td>\n<\/tr>\n<tr>\n<td>Markenname<\/td>\n<td>Lvyuan,OEM,ODM<\/td>\n<\/tr>\n<tr>\n<td>Material<\/td>\n<td>unlegierter Stahl 304\/ss304<\/td>\n<\/tr>\n<tr>\n<td>Gewicht<\/td>\n<td>25kg<\/td>\n<\/tr>\n<tr>\n<td>Gr\u00f6\u00dfe<\/td>\n<td>370<em>370<\/em>900mm<\/td>\n<\/tr>\n<tr>\n<td>Strom<\/td>\n<td>0<\/td>\n<\/tr>\n<tr>\n<td>Garantie<\/td>\n<td>1 Jahr<\/td>\n<\/tr>\n<tr>\n<td>After-Sales-Service<\/td>\n<td>Online-Unterst\u00fctzung<\/td>\n<\/tr>\n<tr>\n<td>Zertifizierung<\/td>\n<td>ISO9001<\/td>\n<\/tr>\n<tr>\n<td>Modell<\/td>\n<td>BFH-1<\/td>\n<\/tr>\n<tr>\n<td>Material<\/td>\n<td>sus304<\/td>\n<\/tr>\n<tr>\n<td>Filterbeutelgr\u00f6\u00dfe<\/td>\n<td>180*450mm<\/td>\n<\/tr>\n<tr>\n<td>au\u00dfen\/innen<\/td>\n<td>poliert<\/td>\n<\/tr>\n<tr>\n<td>Arbeitsdruck<\/td>\n<td>100Psi<\/td>\n<\/tr>\n<tr>\n<td>Verschluss<\/td>\n<td>Flansch<\/td>\n<\/tr>\n<tr>\n<td>Abdichtung<\/td>\n<td>EPDM-O-Ring<\/td>\n<\/tr>\n<tr>\n<td>Einlass\/Auslass<\/td>\n<td>Flansch<\/td>\n<\/tr>\n<tr>\n<td>Auslegungstemperatur<\/td>\n<td>100\u2103<\/td>\n<\/tr>\n<tr>\n<td>Verkaufende Einheiten<\/td>\n<td>Einzelnes Element<\/td>\n<\/tr>\n<tr>\n<td>Einzelne Packungsgr\u00f6\u00dfe<\/td>\n<td>45X45X120 cm<\/td>\n<\/tr>\n<tr>\n<td>Einfaches Bruttogewicht<\/td>\n<td>30.000 kg<\/td>\n<\/tr>\n<tr>\n<td>Paket Typ<\/td>\n<td>Papierkiste und wenn Menge bis zu 10 St\u00fcck w\u00fcrde Holzkiste haben.<\/td>\n<\/tr>\n<tr>\n<td>Vorlaufzeit<\/td>\n<td>1 - 10 St\u00fcck: 15 Tage; 11 - 50 St\u00fcck: 25 Tage; 51 - 100 St\u00fcck: 35 Tage; &gt;100 St\u00fcck: Zu verhandeln<\/td>\n<\/tr>\n<\/tbody>\n<\/table>","protected":false},"featured_media":3815,"comment_status":"open","ping_status":"closed","template":"","meta":{"_gspb_post_css":""},"product_brand":[],"product_cat":[1135],"product_tag":[1251,1253,1254,1250,1252,1136],"class_list":{"0":"post-3813","1":"product","2":"type-product","3":"status-publish","4":"has-post-thumbnail","6":"product_cat-stainless-steel-bag-filter-housing","7":"product_tag-304-ss316-filter-housing","8":"product_tag-milk-filter-bag-housing","9":"product_tag-reusable-washable-filter","10":"product_tag-stainless-steel-filter-bag","11":"product_tag-tea-filter-housing","12":"product_tag-water-filter-locks","14":"first","15":"instock","16":"shipping-taxable","17":"product-type-simple"},"_links":{"self":[{"href":"https:\/\/lyfilter.com\/de\/wp-json\/wp\/v2\/product\/3813","targetHints":{"allow":["GET"]}}],"collection":[{"href":"https:\/\/lyfilter.com\/de\/wp-json\/wp\/v2\/product"}],"about":[{"href":"https:\/\/lyfilter.com\/de\/wp-json\/wp\/v2\/types\/product"}],"replies":[{"embeddable":true,"href":"https:\/\/lyfilter.com\/de\/wp-json\/wp\/v2\/comments?post=3813"}],"wp:featuredmedia":[{"embeddable":true,"href":"https:\/\/lyfilter.com\/de\/wp-json\/wp\/v2\/media\/3815"}],"wp:attachment":[{"href":"https:\/\/lyfilter.com\/de\/wp-json\/wp\/v2\/media?parent=3813"}],"wp:term":[{"taxonomy":"product_brand","embeddable":true,"href":"https:\/\/lyfilter.com\/de\/wp-json\/wp\/v2\/product_brand?post=3813"},{"taxonomy":"product_cat","embeddable":true,"href":"https:\/\/lyfilter.com\/de\/wp-json\/wp\/v2\/product_cat?post=3813"},{"taxonomy":"product_tag","embeddable":true,"href":"https:\/\/lyfilter.com\/de\/wp-json\/wp\/v2\/product_tag?post=3813"}],"curies":[{"name":"wp","href":"https:\/\/api.w.org\/{rel}","templated":true}]}}