{"id":3800,"date":"2026-04-03T03:17:23","date_gmt":"2026-04-03T03:17:23","guid":{"rendered":"https:\/\/lyfilter.com\/"},"modified":"2026-04-03T03:17:23","modified_gmt":"2026-04-03T03:17:23","slug":"factory-supply-7-cartridge-filter-element-stainless-steel-10-inch-sediment-filter-housing-with-pleated-membrane-filter-5-micron","status":"publish","type":"product","link":"https:\/\/lyfilter.com\/de\/factory-supply-7-cartridge-filter-element-stainless-steel-10-inch-sediment-filter-housing-with-pleated-membrane-filter-5-micron\/","title":{"rendered":"Fabrikversorgung 7 Patrone Filterelement Edelstahl 10 Zoll Sediment Filtergeh\u00e4use mit plissierten Membranfilter 5 Mikron"},"content":{"rendered":"<p>Dieses 10-Zoll-Edelstahl-Sedimentfiltergeh\u00e4use ist f\u00fcr eine effiziente Partikelabscheidung mit einer 5-Mikron-Faltenmembran und 7 Patronenelementen ausgelegt. Sein robustes Design tr\u00e4gt zur Verbesserung der Stabilit\u00e4t, Lebensdauer und Filtration bei.<\/p>","protected":false},"excerpt":{"rendered":"<table>\n<thead>\n<tr>\n<th>Anwendbare Industrien<\/th>\n<th>Lebensmittel- und Getr\u00e4nkefabrik, Bauernh\u00f6fe, Restaurant, Hausgebrauch, Lebensmittelgesch\u00e4ft, Energie und Bergbau, Lebensmittel- und Getr\u00e4nkel\u00e4den<\/th>\n<\/tr>\n<\/thead>\n<tbody>\n<tr>\n<td>Ort der Herkunft<\/td>\n<td>Guangdong, China<\/td>\n<\/tr>\n<tr>\n<td>Markenname<\/td>\n<td>LVYUAN\/OEM<\/td>\n<\/tr>\n<tr>\n<td>Garantie<\/td>\n<td>1 Jahr<\/td>\n<\/tr>\n<tr>\n<td>After-Sales-Service<\/td>\n<td>Online-Unterst\u00fctzung<\/td>\n<\/tr>\n<tr>\n<td>Artikel Name<\/td>\n<td>10-Zoll-Sedimentfiltergeh\u00e4use aus Edelstahl<\/td>\n<\/tr>\n<tr>\n<td>Material des Geh\u00e4uses<\/td>\n<td>SS304\/SS316L<\/td>\n<\/tr>\n<tr>\n<td>L\u00e4nge der Filterpatrone<\/td>\n<td>10\u2033 20\u2033 30\u2033 40\u2033<\/td>\n<\/tr>\n<tr>\n<td>Anzahl der Patronenfilter<\/td>\n<td>Einzelner Kern<\/td>\n<\/tr>\n<tr>\n<td>Oberfl\u00e4chenbehandlung<\/td>\n<td>Poliert &amp; Sandgestrahlt<\/td>\n<\/tr>\n<tr>\n<td>O-Ring Dichtung<\/td>\n<td>Elastik\/NBR\/EPDM\/Viton<\/td>\n<\/tr>\n<tr>\n<td>Typ der installierten Oberkappe<\/td>\n<td>Klammer-Typ<\/td>\n<\/tr>\n<tr>\n<td>Steckertyp<\/td>\n<td>222\/226\/DOE<\/td>\n<\/tr>\n<tr>\n<td>Einlass &amp; Auslass Typ<\/td>\n<td>Innengewinde<\/td>\n<\/tr>\n<tr>\n<td>Verpackungsmethode<\/td>\n<td>Standardbox exportieren<\/td>\n<\/tr>\n<tr>\n<td>Verkaufende Einheiten<\/td>\n<td>Einzelnes Element<\/td>\n<\/tr>\n<tr>\n<td>Einzelne Packungsgr\u00f6\u00dfe<\/td>\n<td>35X18X25 cm<\/td>\n<\/tr>\n<tr>\n<td>Einfaches Bruttogewicht<\/td>\n<td>3.000 kg<\/td>\n<\/tr>\n<tr>\n<td>Paket Typ<\/td>\n<td>Mikro-Industrie 10 20 30 40 Zoll Sicherheit Filter Flasche 04 316L SS Fl\u00fcssigkeit Wasser Geh\u00e4use f\u00fcr Fl\u00fcssigkeit\/Wein\/Bier Filterung: Verpackung: Export-Standard-Box\/nach Bedarf<\/td>\n<\/tr>\n<tr>\n<td>Vorlaufzeit<\/td>\n<td>1 - 10 St\u00fcck: 5 Tage; 11 - 100 St\u00fcck: 10 Tage; &gt;100 St\u00fcck: Zu verhandeln<\/td>\n<\/tr>\n<\/tbody>\n<\/table>","protected":false},"featured_media":3803,"comment_status":"open","ping_status":"closed","template":"","meta":{"_gspb_post_css":""},"product_brand":[],"product_cat":[1245],"product_tag":[1246,635,1248,1247,34,1136],"class_list":{"0":"post-3800","1":"product","2":"type-product","3":"status-publish","4":"has-post-thumbnail","6":"product_cat-stainless-steel-cartridge-filter-housing","7":"product_tag-10-inch-sediment-filter","8":"product_tag-5-micron-water-filter","9":"product_tag-cartridge-filter-element","10":"product_tag-pleated-membrane-filter","11":"product_tag-stainless-steel-filter-housing","12":"product_tag-water-filter-locks","14":"first","15":"instock","16":"shipping-taxable","17":"product-type-simple"},"_links":{"self":[{"href":"https:\/\/lyfilter.com\/de\/wp-json\/wp\/v2\/product\/3800","targetHints":{"allow":["GET"]}}],"collection":[{"href":"https:\/\/lyfilter.com\/de\/wp-json\/wp\/v2\/product"}],"about":[{"href":"https:\/\/lyfilter.com\/de\/wp-json\/wp\/v2\/types\/product"}],"replies":[{"embeddable":true,"href":"https:\/\/lyfilter.com\/de\/wp-json\/wp\/v2\/comments?post=3800"}],"wp:featuredmedia":[{"embeddable":true,"href":"https:\/\/lyfilter.com\/de\/wp-json\/wp\/v2\/media\/3803"}],"wp:attachment":[{"href":"https:\/\/lyfilter.com\/de\/wp-json\/wp\/v2\/media?parent=3800"}],"wp:term":[{"taxonomy":"product_brand","embeddable":true,"href":"https:\/\/lyfilter.com\/de\/wp-json\/wp\/v2\/product_brand?post=3800"},{"taxonomy":"product_cat","embeddable":true,"href":"https:\/\/lyfilter.com\/de\/wp-json\/wp\/v2\/product_cat?post=3800"},{"taxonomy":"product_tag","embeddable":true,"href":"https:\/\/lyfilter.com\/de\/wp-json\/wp\/v2\/product_tag?post=3800"}],"curies":[{"name":"wp","href":"https:\/\/api.w.org\/{rel}","templated":true}]}}