{"id":3795,"date":"2026-04-03T03:13:12","date_gmt":"2026-04-03T03:13:12","guid":{"rendered":"https:\/\/lyfilter.com\/"},"modified":"2026-04-03T03:13:54","modified_gmt":"2026-04-03T03:13:54","slug":"lvyuan-professional-string-wound-filter-cartridge-manufacturers-for-desalination","status":"publish","type":"product","link":"https:\/\/lyfilter.com\/de\/lvyuan-professional-string-wound-filter-cartridge-manufacturers-for-desalination\/","title":{"rendered":"Lvyuan Professional String gewickelt Filterpatrone Hersteller f\u00fcr Entsalzung"},"content":{"rendered":"<p>Die fadengewickelten Filterpatronen von Lvyuan sind f\u00fcr anspruchsvolle Entsalzungsanlagen konzipiert und fangen Sedimente ab, w\u00e4hrend sie den Wasserdurchfluss konstant halten. Sie sorgen f\u00fcr eine sauberere Leistung, eine l\u00e4ngere Lebensdauer der Anlage und eine zuverl\u00e4ssige Filtration - Tag f\u00fcr Tag.<\/p>","protected":false},"excerpt":{"rendered":"<table>\n<thead>\n<tr>\n<th>Anwendbare Industrien<\/th>\n<th>Ort der Herkunft<\/th>\n<th>Markenname<\/th>\n<th>Material<\/th>\n<th>Gewicht<\/th>\n<\/tr>\n<\/thead>\n<tbody>\n<tr>\n<td>Produktionsanlagen, Lebensmittel- und Getr\u00e4nkehersteller, Hausgebrauch, Energie und Bergbau, Wasseraufbereitung<\/td>\n<td>Guangdong, China<\/td>\n<td>Lvyuan, OEM, ODM<\/td>\n<td>PP\/Baumwolle\/Glasfaser<\/td>\n<td>angepasst<\/td>\n<\/tr>\n<\/tbody>\n<\/table>\n<table>\n<thead>\n<tr>\n<th>Gr\u00f6\u00dfe<\/th>\n<th>Strom<\/th>\n<th>Garantie<\/th>\n<th>Merkmal<\/th>\n<th>Zertifizierung<\/th>\n<\/tr>\n<\/thead>\n<tbody>\n<tr>\n<td>individuell, schlank, jumbo<\/td>\n<td>0<\/td>\n<td>Nicht verf\u00fcgbar<\/td>\n<td>verschiedene Filtermedien<\/td>\n<td>SGS<\/td>\n<\/tr>\n<\/tbody>\n<\/table>","protected":false},"featured_media":3798,"comment_status":"open","ping_status":"closed","template":"","meta":{"_gspb_post_css":""},"product_brand":[],"product_cat":[1095],"product_tag":[1244,38,1158,325,1098,340],"class_list":{"0":"post-3795","1":"product","2":"type-product","3":"status-publish","4":"has-post-thumbnail","6":"product_cat-string-wound-filter-cartridge","7":"product_tag-desalination-filter-cartridge","8":"product_tag-industrial-water-filtration","9":"product_tag-lvyuan-filter-cartridge","10":"product_tag-sediment-filter-cartridge","11":"product_tag-string-wound-filter-cartridge","12":"product_tag-water-treatment-filter","14":"first","15":"instock","16":"shipping-taxable","17":"product-type-simple"},"_links":{"self":[{"href":"https:\/\/lyfilter.com\/de\/wp-json\/wp\/v2\/product\/3795","targetHints":{"allow":["GET"]}}],"collection":[{"href":"https:\/\/lyfilter.com\/de\/wp-json\/wp\/v2\/product"}],"about":[{"href":"https:\/\/lyfilter.com\/de\/wp-json\/wp\/v2\/types\/product"}],"replies":[{"embeddable":true,"href":"https:\/\/lyfilter.com\/de\/wp-json\/wp\/v2\/comments?post=3795"}],"wp:featuredmedia":[{"embeddable":true,"href":"https:\/\/lyfilter.com\/de\/wp-json\/wp\/v2\/media\/3798"}],"wp:attachment":[{"href":"https:\/\/lyfilter.com\/de\/wp-json\/wp\/v2\/media?parent=3795"}],"wp:term":[{"taxonomy":"product_brand","embeddable":true,"href":"https:\/\/lyfilter.com\/de\/wp-json\/wp\/v2\/product_brand?post=3795"},{"taxonomy":"product_cat","embeddable":true,"href":"https:\/\/lyfilter.com\/de\/wp-json\/wp\/v2\/product_cat?post=3795"},{"taxonomy":"product_tag","embeddable":true,"href":"https:\/\/lyfilter.com\/de\/wp-json\/wp\/v2\/product_tag?post=3795"}],"curies":[{"name":"wp","href":"https:\/\/api.w.org\/{rel}","templated":true}]}}