{"id":3793,"date":"2026-04-03T03:09:43","date_gmt":"2026-04-03T03:09:43","guid":{"rendered":"https:\/\/lyfilter.com\/"},"modified":"2026-04-03T03:09:43","modified_gmt":"2026-04-03T03:09:43","slug":"sintered-ss-filter-ly-hfpl-by-lvyuan-filter","status":"publish","type":"product","link":"https:\/\/lyfilter.com\/de\/sintered-ss-filter-ly-hfpl-by-lvyuan-filter\/","title":{"rendered":"Gesinterter SS-Filter LY-HFPL von Lvyuan Filter"},"content":{"rendered":"<p><b>Produktdetails des Sintersandfilters<\/b><\/p>\n<p>&nbsp;<\/p>\n<p><b>Schnelles Detail<\/b><\/p>\n<p>Lvyuan Wasseraufbereitungsanlagen \u2018s\u00a0<a href=\"https:\/\/lyfilter.com\/de\/products.html\/\">Wasserfilterpatronen<\/a>,Patronenfilter Hersteller, Patronengeh\u00e4use Herstellung haben vern\u00fcnftige Struktur, neuartiges Design und zuverl\u00e4ssige Qualit\u00e4t. Mit einem geringen L\u00e4rm, sind sie einfach zu bedienen und sind w\u00e4hrend des Betriebs stabil.\u00a0<a href=\"https:\/\/lyfilter.com\/de\/\">Lvyuan-Filter<\/a>\u00a0gesinterte ss-Filter wurden mit einem effizienten Produktionsverfahren entwickelt. Die Produktionszeit jedes Produkts ist stark optimiert und der Verlust und die Verschwendung von Rohstoffen werden effektiv reduziert. Das Produkt hat die \u00e4u\u00dferst strenge Qualit\u00e4tskontrolle und Inspektion auf der Grundlage eines Qualit\u00e4tskontrollplans durchlaufen. Dieser Plan wird strikt eingehalten, um die hohe Qualit\u00e4t des Produkts zu gew\u00e4hrleisten. Guangzhou Lvyuan Water Purification Equipment Co., Ltd. kann den gesamten Herstellungsprozess vollst\u00e4ndig kontrollieren, um die Qualit\u00e4t zu gew\u00e4hrleisten.<\/p>\n<p>&nbsp;<\/p>\n<p><b>Produkt-Einf\u00fchrung<\/b><\/p>\n<p>Verglichen mit den Sinter-SS-Filtern der Mitbewerber hat der Sinter-SS-Filter von Lvyuan Water Purification Equipment die folgenden Vorteile.<\/p>\n<div>\n<div>\n<div id=\"myybv\">\n<h3>Krankenhaus-Chemiefilter 0,45 5 1 10 Mikron PE Polyethylen-Pulver-Sinterfilter<\/h3>\n<\/div>\n<div id=\"moyu5\">\n<p>Unser Unternehmen stellt Sinterfilter aus ultrahochmolekularem Polyethylen mit einem Molekulargewicht von mehr als 3 Millionen her, die mit Hilfe einer Form im Sinterofen unter Druck gesetzt werden.mikropor\u00f6se Materialien werden aufgrund ihres g\u00fcnstigen Preises h\u00e4ufig zur Behandlung von Abgasen und Abw\u00e4ssern eingesetzt. Durch die Zugabe von funktionellen Materialien verschiedener Art, wie z.B. Aktivkohle, zu herk\u00f6mmlichen Kunststoffrohstoffen k\u00f6nnen umweltsch\u00e4dliche Stoffe in Gasen und Fl\u00fcssigkeiten, wie z.B. Geruchsstoffe und organische Stoffe, wirksam entfernt werden. Kaliumtitanat-Whisker zum Beispiel k\u00f6nnen die im Abwasser enthaltenen Schwermetallionen austauschen und haben daher eine hervorragende Leistung bei der Abwasserreinigung.<\/p>\n<\/div>\n<\/div>\n<\/div>","protected":false},"excerpt":{"rendered":"<table>\n<thead>\n<tr>\n<th>Start Hafen<\/th>\n<th>Produktionskapazit\u00e4t<\/th>\n<th>Modell<\/th>\n<th>Lieferfrist<\/th>\n<th>Zertifizierung<\/th>\n<\/tr>\n<\/thead>\n<tbody>\n<tr>\n<td>Guangzhou<\/td>\n<td>10000 Einheiten\/Monat<\/td>\n<td>LY-HFPL<\/td>\n<td>Innerhalb von 7 Arbeitstagen<\/td>\n<td>ISO 9001<\/td>\n<\/tr>\n<\/tbody>\n<\/table>","protected":false},"featured_media":3794,"comment_status":"open","ping_status":"closed","template":"","meta":{"_gspb_post_css":""},"product_brand":[],"product_cat":[22],"product_tag":[38,1242,1241,1240,1243,1136],"class_list":{"0":"post-3793","1":"product","2":"type-product","3":"status-publish","4":"has-post-thumbnail","6":"product_cat-sintered-filter-cartridge","7":"product_tag-industrial-water-filtration","8":"product_tag-lvyuan-filter","9":"product_tag-ly-hfpl-filter","10":"product_tag-sintered-ss-filter","11":"product_tag-stainless-steel-water-filter","12":"product_tag-water-filter-locks","14":"first","15":"instock","16":"shipping-taxable","17":"product-type-simple"},"_links":{"self":[{"href":"https:\/\/lyfilter.com\/de\/wp-json\/wp\/v2\/product\/3793","targetHints":{"allow":["GET"]}}],"collection":[{"href":"https:\/\/lyfilter.com\/de\/wp-json\/wp\/v2\/product"}],"about":[{"href":"https:\/\/lyfilter.com\/de\/wp-json\/wp\/v2\/types\/product"}],"replies":[{"embeddable":true,"href":"https:\/\/lyfilter.com\/de\/wp-json\/wp\/v2\/comments?post=3793"}],"wp:featuredmedia":[{"embeddable":true,"href":"https:\/\/lyfilter.com\/de\/wp-json\/wp\/v2\/media\/3794"}],"wp:attachment":[{"href":"https:\/\/lyfilter.com\/de\/wp-json\/wp\/v2\/media?parent=3793"}],"wp:term":[{"taxonomy":"product_brand","embeddable":true,"href":"https:\/\/lyfilter.com\/de\/wp-json\/wp\/v2\/product_brand?post=3793"},{"taxonomy":"product_cat","embeddable":true,"href":"https:\/\/lyfilter.com\/de\/wp-json\/wp\/v2\/product_cat?post=3793"},{"taxonomy":"product_tag","embeddable":true,"href":"https:\/\/lyfilter.com\/de\/wp-json\/wp\/v2\/product_tag?post=3793"}],"curies":[{"name":"wp","href":"https:\/\/api.w.org\/{rel}","templated":true}]}}