{"id":3784,"date":"2026-04-03T02:57:51","date_gmt":"2026-04-03T02:57:51","guid":{"rendered":"https:\/\/lyfilter.com\/"},"modified":"2026-04-03T02:57:51","modified_gmt":"2026-04-03T02:57:51","slug":"factory-price-pleated-water-filter-cartridge-manufacturing-for-industry","status":"publish","type":"product","link":"https:\/\/lyfilter.com\/de\/factory-price-pleated-water-filter-cartridge-manufacturing-for-industry\/","title":{"rendered":"Fabrikpreis plissierte Wasserfilterpatrone Herstellung f\u00fcr Industrie"},"content":{"rendered":"<p>Diese plissierte Wasserfilterpatrone wurde f\u00fcr die industrielle Filtration entwickelt und bietet einen stabilen Durchfluss, eine effektive Partikelr\u00fcckhaltung und einen zuverl\u00e4ssigen Ersatzwert. Ihre Struktur unterst\u00fctzt eine sauberere Verarbeitung und eine gleichbleibende Leistung in einem ausgelasteten System.<\/p>","protected":false},"excerpt":{"rendered":"<table>\n<thead>\n<tr>\n<th>Zustand<\/th>\n<th>Neu<\/th>\n<th>Anwendbare Industrien<\/th>\n<th>Hotels, Bekleidungsgesch\u00e4fte, Baustoffgesch\u00e4fte, Fertigungsbetriebe, Maschinenreparaturwerkst\u00e4tten, Lebensmittel- und Getr\u00e4nkefabriken, Bauernh\u00f6fe, Restaurants, Haushalte, Einzelhandel, Lebensmittelgesch\u00e4fte, Druckereien, Bauunternehmen, Energie- und Bergbauunternehmen, Lebensmittel- und Getr\u00e4nkem\u00e4rkte, Werbeunternehmen<\/th>\n<\/tr>\n<\/thead>\n<tbody>\n<tr>\n<td>Service nach der Garantie<\/td>\n<td>Online-Unterst\u00fctzung<\/td>\n<td>Lokaler Dienstort<\/td>\n<td>keine<\/td>\n<\/tr>\n<tr>\n<td>Standort des Ausstellungsraums<\/td>\n<td>keine<\/td>\n<td>Ort der Herkunft<\/td>\n<td>Guangdong, China<\/td>\n<\/tr>\n<tr>\n<td>Markenname<\/td>\n<td>Lvyuan\/OEM<\/td>\n<td>Material<\/td>\n<td>Polypropylen<\/td>\n<\/tr>\n<tr>\n<td>Gewicht<\/td>\n<td>Standard<\/td>\n<td>Gr\u00f6\u00dfe<\/td>\n<td>Standard<\/td>\n<\/tr>\n<tr>\n<td>Strom<\/td>\n<td>0<\/td>\n<td>Garantie<\/td>\n<td>Nicht verf\u00fcgbar<\/td>\n<\/tr>\n<tr>\n<td>Name<\/td>\n<td>Mehrschichtmembran PP\/PTFE\/PVDF\/PES\/N66 222 Faltenfilter<\/td>\n<td>Material der Filtermembran<\/td>\n<td>PP\/PVDF\/PTFE\/PES\/Nylon<\/td>\n<\/tr>\n<tr>\n<td>L\u00e4nge<\/td>\n<td>5 \/ 10 \/ 20 \/ 30 \/ 40 \/ 50 \/ 60 Zoll<\/td>\n<td>Konvektor<\/td>\n<td>Fin\/222\/226\/215\/DOE\/Thread<\/td>\n<\/tr>\n<tr>\n<td>Mikron<\/td>\n<td>0.22\/0.5\/1\/3\/5\/10\/25\/50\/75\/100\/150<\/td>\n<td>O-Ring-Werkstoff<\/td>\n<td>EPDM\/Silikon\/Te flon<\/td>\n<\/tr>\n<tr>\n<td>Methode der Versiegelung<\/td>\n<td>Warmschmelzschwei\u00dfen<\/td>\n<td>Durchmesser<\/td>\n<td>70mm\/OEM<\/td>\n<\/tr>\n<tr>\n<td>Innerer Kern<\/td>\n<td>PP\/SS\/OEM<\/td>\n<td>MOQ<\/td>\n<td>Derzeit keine begrenzte<\/td>\n<\/tr>\n<tr>\n<td>Verkaufende Einheiten<\/td>\n<td>Einzelnes Element<\/td>\n<td>Einzelne Packungsgr\u00f6\u00dfe<\/td>\n<td>68X40X40 cm<\/td>\n<\/tr>\n<tr>\n<td>Einfaches Bruttogewicht<\/td>\n<td>23.000 kg<\/td>\n<td>Paket Typ<\/td>\n<td>Mehrschichtmembran PP\/PTFE\/PVDF\/PES\/N66 222 Faltenfilter mit 0,1\/0,2\/0,45 Mikron Faltenmembran: 10\u2033 50PCS\/CTN, 20\u2033 25PCS\/CTN, 30\u2033 25PCS\/CTN, 40\u2033 25PCS\/CTN.<\/td>\n<\/tr>\n<tr>\n<td>Vorlaufzeit (1 - 100 St\u00fcck)<\/td>\n<td>2 Tage<\/td>\n<td>Vorlaufzeit (101 - 500 St\u00fcck)<\/td>\n<td>5 Tage<\/td>\n<\/tr>\n<tr>\n<td>Vorlaufzeit (501 - 1000 St\u00fcck)<\/td>\n<td>7 Tage<\/td>\n<td>Vorlaufzeit (&gt;1000 St\u00fcck)<\/td>\n<td>Noch zu verhandeln<\/td>\n<\/tr>\n<tr>\n<td>Beschreibung<\/td>\n<td>Mehrschichtmembran PP\/PTFE\/PVDF\/PES\/N66 222 plissierter Filter mit 0,1\/0,2\/0,45 Mikron plissierter Membran<\/td>\n<td><\/td>\n<td><\/td>\n<\/tr>\n<\/tbody>\n<\/table>","protected":false},"featured_media":3785,"comment_status":"open","ping_status":"closed","template":"","meta":{"_gspb_post_css":""},"product_brand":[],"product_cat":[15],"product_tag":[1235,334,1236,814,1162,340],"class_list":{"0":"post-3784","1":"product","2":"type-product","3":"status-publish","4":"has-post-thumbnail","6":"product_cat-stainless-steel-filter-housing","7":"product_tag-factory-price-filter-cartridge","8":"product_tag-industrial-water-filter","9":"product_tag-pleated-filter-cartridge","10":"product_tag-pleated-water-filter-cartridge","11":"product_tag-replacement-water-filter","12":"product_tag-water-treatment-filter","14":"first","15":"instock","16":"shipping-taxable","17":"product-type-simple"},"_links":{"self":[{"href":"https:\/\/lyfilter.com\/de\/wp-json\/wp\/v2\/product\/3784","targetHints":{"allow":["GET"]}}],"collection":[{"href":"https:\/\/lyfilter.com\/de\/wp-json\/wp\/v2\/product"}],"about":[{"href":"https:\/\/lyfilter.com\/de\/wp-json\/wp\/v2\/types\/product"}],"replies":[{"embeddable":true,"href":"https:\/\/lyfilter.com\/de\/wp-json\/wp\/v2\/comments?post=3784"}],"wp:featuredmedia":[{"embeddable":true,"href":"https:\/\/lyfilter.com\/de\/wp-json\/wp\/v2\/media\/3785"}],"wp:attachment":[{"href":"https:\/\/lyfilter.com\/de\/wp-json\/wp\/v2\/media?parent=3784"}],"wp:term":[{"taxonomy":"product_brand","embeddable":true,"href":"https:\/\/lyfilter.com\/de\/wp-json\/wp\/v2\/product_brand?post=3784"},{"taxonomy":"product_cat","embeddable":true,"href":"https:\/\/lyfilter.com\/de\/wp-json\/wp\/v2\/product_cat?post=3784"},{"taxonomy":"product_tag","embeddable":true,"href":"https:\/\/lyfilter.com\/de\/wp-json\/wp\/v2\/product_tag?post=3784"}],"curies":[{"name":"wp","href":"https:\/\/api.w.org\/{rel}","templated":true}]}}