{"id":3778,"date":"2026-04-03T02:51:52","date_gmt":"2026-04-03T02:51:52","guid":{"rendered":"https:\/\/lyfilter.com\/"},"modified":"2026-04-03T02:51:52","modified_gmt":"2026-04-03T02:51:52","slug":"supply-20-inch-titanium-powder-water-filter-sintered-titanium-replacement-filter","status":"publish","type":"product","link":"https:\/\/lyfilter.com\/de\/supply-20-inch-titanium-powder-water-filter-sintered-titanium-replacement-filter\/","title":{"rendered":"Lieferung von 20 Zoll Titan-Pulver-Wasserfilter \/ Sinter-Titan-Ersatzfilter"},"content":{"rendered":"<p>Dieser 20-Zoll-Ersatzfilter aus gesintertem Titan wurde f\u00fcr eine zuverl\u00e4ssige Filtration entwickelt und unterst\u00fctzt einen sauberen Durchfluss und eine dauerhafte Nutzung. Seine Titanpulverstruktur hilft dabei, anspruchsvolle Wasseraufbereitungsaufgaben mit gleichm\u00e4\u00dfiger, praktischer Leistung zu bew\u00e4ltigen.<\/p>","protected":false},"excerpt":{"rendered":"<table>\n<thead>\n<tr>\n<th>Anwendbare Industrien<\/th>\n<th>Heimgebrauch<\/th>\n<th>Service nach der Garantie<\/th>\n<th>Online-Unterst\u00fctzung<\/th>\n<\/tr>\n<\/thead>\n<tbody>\n<tr>\n<td>Lokaler Dienstort<\/td>\n<td>keine<\/td>\n<td>Standort des Ausstellungsraums<\/td>\n<td>keine<\/td>\n<\/tr>\n<tr>\n<td>Video-Ausgangsinspektion<\/td>\n<td>Zur Verf\u00fcgung gestellt<\/td>\n<td>Maschinen-Testbericht<\/td>\n<td>Zur Verf\u00fcgung gestellt<\/td>\n<\/tr>\n<tr>\n<td>Marketing-Typ<\/td>\n<td>Gew\u00f6hnliches Produkt<\/td>\n<td>Garantie f\u00fcr Kernkomponenten<\/td>\n<td>1 Jahr<\/td>\n<\/tr>\n<tr>\n<td>Kernkomponenten<\/td>\n<td>Druckbeh\u00e4lter<\/td>\n<td>Ort der Herkunft<\/td>\n<td>China<\/td>\n<\/tr>\n<tr>\n<td>Garantie<\/td>\n<td>1 Jahr<\/td>\n<td>After-Sales-Service<\/td>\n<td>Online-Unterst\u00fctzung<\/td>\n<\/tr>\n<tr>\n<td>Name<\/td>\n<td>Wasserfilter aus Titanpulver<\/td>\n<td>Material<\/td>\n<td>Reines Titan<\/td>\n<\/tr>\n<tr>\n<td>Schnittstelle<\/td>\n<td>222,226,215,Flat,M20,M30,M42<\/td>\n<td>\u00c4u\u00dferer Durchmesser<\/td>\n<td>60-70mm<\/td>\n<\/tr>\n<tr>\n<td>L\u00e4nge<\/td>\n<td>5,10,20,30,40 Zoll oder kundenspezifisch<\/td>\n<td>Mikron<\/td>\n<td>0,1 ~ 100 Mikron<\/td>\n<\/tr>\n<tr>\n<td>Porosit\u00e4t<\/td>\n<td>28~50%<\/td>\n<td>Temperaturtoleranz<\/td>\n<td>\u2264300\u2103(Nass)<\/td>\n<\/tr>\n<tr>\n<td>Verwendung<\/td>\n<td>Wasser f\u00fcr hohe Temperaturen, s\u00e4ure- und laugenbest\u00e4ndig<\/td>\n<td>Art des Waschens<\/td>\n<td>Brunnensp\u00fclung &amp; R\u00fccksp\u00fclung<\/td>\n<\/tr>\n<\/tbody>\n<\/table>","protected":false},"featured_media":3783,"comment_status":"open","ping_status":"closed","template":"","meta":{"_gspb_post_css":""},"product_brand":[],"product_cat":[1141],"product_tag":[1232,38,1233,1231,1234,1230],"class_list":{"0":"post-3778","1":"product","2":"type-product","3":"status-publish","4":"has-post-thumbnail","6":"product_cat-titanium-filter-cartridge","7":"product_tag-20-inch-replacement-filter","8":"product_tag-industrial-water-filtration","9":"product_tag-reusable-water-filter-cartridge","10":"product_tag-sintered-titanium-filter","11":"product_tag-titanium-filter-element","12":"product_tag-titanium-powder-water-filter","14":"first","15":"instock","16":"shipping-taxable","17":"product-type-simple"},"_links":{"self":[{"href":"https:\/\/lyfilter.com\/de\/wp-json\/wp\/v2\/product\/3778","targetHints":{"allow":["GET"]}}],"collection":[{"href":"https:\/\/lyfilter.com\/de\/wp-json\/wp\/v2\/product"}],"about":[{"href":"https:\/\/lyfilter.com\/de\/wp-json\/wp\/v2\/types\/product"}],"replies":[{"embeddable":true,"href":"https:\/\/lyfilter.com\/de\/wp-json\/wp\/v2\/comments?post=3778"}],"wp:featuredmedia":[{"embeddable":true,"href":"https:\/\/lyfilter.com\/de\/wp-json\/wp\/v2\/media\/3783"}],"wp:attachment":[{"href":"https:\/\/lyfilter.com\/de\/wp-json\/wp\/v2\/media?parent=3778"}],"wp:term":[{"taxonomy":"product_brand","embeddable":true,"href":"https:\/\/lyfilter.com\/de\/wp-json\/wp\/v2\/product_brand?post=3778"},{"taxonomy":"product_cat","embeddable":true,"href":"https:\/\/lyfilter.com\/de\/wp-json\/wp\/v2\/product_cat?post=3778"},{"taxonomy":"product_tag","embeddable":true,"href":"https:\/\/lyfilter.com\/de\/wp-json\/wp\/v2\/product_tag?post=3778"}],"curies":[{"name":"wp","href":"https:\/\/api.w.org\/{rel}","templated":true}]}}