{"id":3767,"date":"2026-04-03T02:47:14","date_gmt":"2026-04-03T02:47:14","guid":{"rendered":"https:\/\/lyfilter.com\/"},"modified":"2026-04-03T02:47:15","modified_gmt":"2026-04-03T02:47:15","slug":"40-inch-60-inch-filter-element-replacement-pleated-glass-fiber-high-flow-filter-cartridge","status":"publish","type":"product","link":"https:\/\/lyfilter.com\/de\/40-inch-60-inch-filter-element-replacement-pleated-glass-fiber-high-flow-filter-cartridge\/","title":{"rendered":"40 Zoll 60 Zoll Filterelement Ersatz plissierte Glasfaser High Flow Filterpatrone"},"content":{"rendered":"<p>Diese plissierte Glasfaserkartusche wurde f\u00fcr Filtrationsaufgaben entwickelt und sorgt mit einer starken Partikelr\u00fcckhaltung und einer gro\u00dfen Oberfl\u00e4che f\u00fcr einen sauberen Wasserfluss. Sie ist ein zuverl\u00e4ssiger Ersatz f\u00fcr industrielle Systeme, die eine stabile Leistung ben\u00f6tigen.<\/p>","protected":false},"excerpt":{"rendered":"<table>\n<thead>\n<tr>\n<th>Anwendbare Industrien<\/th>\n<th>Produktionsanlagen, Lebensmittel- und Getr\u00e4nkefabrik, Wasseraufbereitung<\/th>\n<th>Ort der Herkunft<\/th>\n<th>Guangdong, China<\/th>\n<\/tr>\n<\/thead>\n<tbody>\n<tr>\n<td>Markenname<\/td>\n<td>Lvyuan, OEM, ODM<\/td>\n<td>Material<\/td>\n<td>plissierte Glasfaser\/pp<\/td>\n<\/tr>\n<tr>\n<td>Gewicht<\/td>\n<td>angepasst<\/td>\n<td>Gr\u00f6\u00dfe<\/td>\n<td>angepasst<\/td>\n<\/tr>\n<tr>\n<td>Strom<\/td>\n<td>0<\/td>\n<td>Garantie<\/td>\n<td>Nicht verf\u00fcgbar<\/td>\n<\/tr>\n<tr>\n<td>Merkmal<\/td>\n<td>Vergr\u00f6\u00dferung der Filtrationsfl\u00e4che<\/td>\n<td>L\u00e4nge<\/td>\n<td>20 Zoll \/40 Zoll \/60 Zoll<\/td>\n<\/tr>\n<tr>\n<td>Zertifizierung<\/td>\n<td>SGS<\/td>\n<td>Form<\/td>\n<td>Zylinder<\/td>\n<\/tr>\n<tr>\n<td>Verwendung<\/td>\n<td>Wasseraufbereitung<\/td>\n<td>Anmeldung<\/td>\n<td>Industrie<\/td>\n<\/tr>\n<tr>\n<td>Farbe<\/td>\n<td>wei\u00df<\/td>\n<td>Verpacken<\/td>\n<td>Papierschachtel<\/td>\n<\/tr>\n<tr>\n<td>Anderer Name<\/td>\n<td>Filterpatrone mit hohem Durchfluss<\/td>\n<td>Filtermedien<\/td>\n<td>PP\/pp schmelzgeblasen\/ Glasfaser<\/td>\n<\/tr>\n<tr>\n<td>After-Sales-Service<\/td>\n<td>Online-Unterst\u00fctzung<\/td>\n<td>Lieferf\u00e4higkeit<\/td>\n<td>100 St\u00fcck\/St\u00fcck pro Woche<\/td>\n<\/tr>\n<\/tbody>\n<\/table>","protected":false},"featured_media":3774,"comment_status":"open","ping_status":"closed","template":"","meta":{"_gspb_post_css":""},"product_brand":[],"product_cat":[1202],"product_tag":[1228,1229,1226,1227,1215,340],"class_list":{"0":"post-3767","1":"product","2":"type-product","3":"status-publish","4":"has-post-thumbnail","6":"product_cat-filter-cartridge","7":"product_tag-40-inch-filter-element","8":"product_tag-60-inch-filter-element","9":"product_tag-high-flow-filter-cartridge","10":"product_tag-pleated-glass-fiber-filter","11":"product_tag-replacement-filter-cartridge","12":"product_tag-water-treatment-filter","14":"first","15":"instock","16":"shipping-taxable","17":"product-type-simple"},"_links":{"self":[{"href":"https:\/\/lyfilter.com\/de\/wp-json\/wp\/v2\/product\/3767","targetHints":{"allow":["GET"]}}],"collection":[{"href":"https:\/\/lyfilter.com\/de\/wp-json\/wp\/v2\/product"}],"about":[{"href":"https:\/\/lyfilter.com\/de\/wp-json\/wp\/v2\/types\/product"}],"replies":[{"embeddable":true,"href":"https:\/\/lyfilter.com\/de\/wp-json\/wp\/v2\/comments?post=3767"}],"wp:featuredmedia":[{"embeddable":true,"href":"https:\/\/lyfilter.com\/de\/wp-json\/wp\/v2\/media\/3774"}],"wp:attachment":[{"href":"https:\/\/lyfilter.com\/de\/wp-json\/wp\/v2\/media?parent=3767"}],"wp:term":[{"taxonomy":"product_brand","embeddable":true,"href":"https:\/\/lyfilter.com\/de\/wp-json\/wp\/v2\/product_brand?post=3767"},{"taxonomy":"product_cat","embeddable":true,"href":"https:\/\/lyfilter.com\/de\/wp-json\/wp\/v2\/product_cat?post=3767"},{"taxonomy":"product_tag","embeddable":true,"href":"https:\/\/lyfilter.com\/de\/wp-json\/wp\/v2\/product_tag?post=3767"}],"curies":[{"name":"wp","href":"https:\/\/api.w.org\/{rel}","templated":true}]}}