{"id":3760,"date":"2026-04-03T02:32:44","date_gmt":"2026-04-03T02:32:44","guid":{"rendered":"https:\/\/lyfilter.com\/"},"modified":"2026-04-03T02:32:44","modified_gmt":"2026-04-03T02:32:44","slug":"bag-filter-housing-oem-odm-by-lvyuan-filter","status":"publish","type":"product","link":"https:\/\/lyfilter.com\/de\/bag-filter-housing-oem-odm-by-lvyuan-filter\/","title":{"rendered":"Schlauchfiltergeh\u00e4use OEM\/ODM von Lvyuan Filter"},"content":{"rendered":"<div class=\"unit-detail-html-tabs__content-attr\">\n<div class=\"unit-product-attrparam\">\n<div class=\"unit-product-attrparam__items row\">\n<div class=\"col-12 col-md-6\">\n<div class=\"unit-product-attrparam__item\"><\/div>\n<\/div>\n<\/div>\n<\/div>\n<\/div>\n<div class=\"unit-detail-html-tabs__content-featuresAttr\"><b>Produkt-Spezifikation<\/b><\/div>\n<div class=\"unit-detail-html-tabs__content-html\">\n<p>Verf\u00fcgbarkeit: OEM\/ODM<\/p>\n<p>Material: Rostfreier Stahl<\/p>\n<p><b>Informationen zum Produkt<\/b><\/p>\n<p>Was das Design betrifft, so ist die\u00a0<a href=\"https:\/\/lyfilter.com\/de\/\">Lvyuan-Filter<\/a>\u00a0Taschenfiltergeh\u00e4use ist sehr ansprechend und wettbewerbsf\u00e4hig. Das Produkt hat die internationale Qualit\u00e4tszertifizierung bestanden, um die hohe Qualit\u00e4t der Produkte zu gew\u00e4hrleisten. Guangzhou Lvyuan Water Purification Equipment Co., Ltd. setzt hohe Ziele f\u00fcr Produktqualit\u00e4t und Service.<\/p>\n<div id=\"module-74E4U0f4f3b0a\">\n<div class=\"ce-d-flex ce-flex-wrap\">\n<div class=\"ce-col-12\">\n<div id=\"unit-zzuNfqHeIMdKBT5\">\n<div class=\"ce-text_item\">\n<div class=\"ce-text\" data-qb-tmp-id=\"lt-270764\" data-gramm=\"false\">\n<div>\n<div class=\"ce-d-flex ce-flex-wrap\">\n<div class=\"ce-col-12\">\n<div id=\"unit-adi8SlZ2NA87g7x\">\n<div class=\"ce-text_item\">\n<div class=\"ce-text\">\n<p><strong>Hochleistungsf\u00e4hige Sanit\u00e4rfiltergeh\u00e4use aus Edelstahl<\/strong><\/p>\n<p>&nbsp;<\/p>\n<p>Merkmale f\u00fcr Sanit\u00e4rfiltergeh\u00e4use aus Edelstahl<\/p>\n<p>&nbsp;<\/p>\n<ul>\n<li>Hygienisches Design: Unsere Sanit\u00e4rfiltergeh\u00e4use aus Edelstahl sind mit einem hygienischen Design versehen, das sicherstellt, dass der Filtrationsprozess die Reinheit Ihrer Produkte bewahrt.<\/li>\n<li>Korrosionsbest\u00e4ndigkeit: Die aus hochwertigem Edelstahl gefertigten Geh\u00e4use bieten eine au\u00dfergew\u00f6hnliche Korrosionsbest\u00e4ndigkeit und sind daher ideal f\u00fcr den Einsatz in anspruchsvollen Umgebungen.<\/li>\n<li>Leichte Reinigung: Die glatten und polierten Oberfl\u00e4chen unserer Sanit\u00e4rfiltergeh\u00e4use erleichtern die Reinigung und erm\u00f6glichen eine schnelle und effiziente Wartung.<\/li>\n<li>Lebensmittelgeeignetes Material: Unsere aus lebensmittelechtem Edelstahl gefertigten Filtergeh\u00e4use entsprechen den Industriestandards und eignen sich daher f\u00fcr Anwendungen in der Lebensmittel- und Getr\u00e4nkeindustrie.<\/li>\n<li>Anpassbare Optionen: Passen Sie diese Filtergeh\u00e4use an Ihre spezifischen Anforderungen an. W\u00e4hlen Sie aus verschiedenen Gr\u00f6\u00dfen, Konfigurationen und Anschlussarten, um Ihren Filtrationsanforderungen gerecht zu werden.<\/li>\n<li>Integrit\u00e4t der Dichtung: Die Geh\u00e4usekonstruktion gew\u00e4hrleistet eine sichere Abdichtung, die Leckagen oder Verunreinigungen w\u00e4hrend des Filtrationsprozesses verhindert.<\/li>\n<li>Einhaltung von Normen: Unsere Sanit\u00e4rfiltergeh\u00e4use entsprechen den Industrienormen und -vorschriften, so dass Sie sich auf die Produktsicherheit und -qualit\u00e4t verlassen k\u00f6nnen.<\/li>\n<li>Breites Spektrum an Anwendungen: Ob in der Pharmazie, der Kosmetik, der Lebensmittelverarbeitung oder in anderen Branchen, diese\u00a0<a href=\"https:\/\/lyfilter.com\/de\/stainless-steel-filter-housing.html\/\">Filtergeh\u00e4use aus rostfreiem Stahl<\/a>s bieten vielseitige und zuverl\u00e4ssige Filtrationsl\u00f6sungen.<\/li>\n<li>Langlebige Konstruktion: Mit ihrer robusten Konstruktion und den langlebigen Materialien sind unsere Sanit\u00e4rfiltergeh\u00e4use f\u00fcr den Dauerbetrieb in anspruchsvollen Umgebungen ausgelegt.<\/li>\n<li>Einfache Installation: Diese Filtergeh\u00e4use sind f\u00fcr eine benutzerfreundliche Installation konzipiert und verf\u00fcgen \u00fcber Funktionen, die den Einrichtungsprozess vereinfachen und minimale Ausfallzeiten f\u00fcr Ihren Betrieb gew\u00e4hrleisten.<\/li>\n<\/ul>\n<\/div>\n<\/div>\n<\/div>\n<\/div>\n<\/div>\n<\/div>\n<\/div>\n<\/div>\n<\/div>\n<\/div>\n<\/div>\n<\/div>\n<\/div>","protected":false},"excerpt":{"rendered":"<table>\n<thead>\n<tr>\n<th>Produktionskapazit\u00e4t<\/th>\n<th>Modell<\/th>\n<th>Marke<\/th>\n<\/tr>\n<\/thead>\n<tbody>\n<tr>\n<td>10000 Einheiten\/Monat<\/td>\n<td>LY-FB<\/td>\n<td>OEM\/Lvyuan<\/td>\n<\/tr>\n<\/tbody>\n<\/table>","protected":false},"featured_media":3766,"comment_status":"open","ping_status":"closed","template":"","meta":{"_gspb_post_css":""},"product_brand":[],"product_cat":[15],"product_tag":[],"class_list":{"0":"post-3760","1":"product","2":"type-product","3":"status-publish","4":"has-post-thumbnail","6":"product_cat-stainless-steel-filter-housing","8":"first","9":"instock","10":"shipping-taxable","11":"product-type-simple"},"_links":{"self":[{"href":"https:\/\/lyfilter.com\/de\/wp-json\/wp\/v2\/product\/3760","targetHints":{"allow":["GET"]}}],"collection":[{"href":"https:\/\/lyfilter.com\/de\/wp-json\/wp\/v2\/product"}],"about":[{"href":"https:\/\/lyfilter.com\/de\/wp-json\/wp\/v2\/types\/product"}],"replies":[{"embeddable":true,"href":"https:\/\/lyfilter.com\/de\/wp-json\/wp\/v2\/comments?post=3760"}],"wp:featuredmedia":[{"embeddable":true,"href":"https:\/\/lyfilter.com\/de\/wp-json\/wp\/v2\/media\/3766"}],"wp:attachment":[{"href":"https:\/\/lyfilter.com\/de\/wp-json\/wp\/v2\/media?parent=3760"}],"wp:term":[{"taxonomy":"product_brand","embeddable":true,"href":"https:\/\/lyfilter.com\/de\/wp-json\/wp\/v2\/product_brand?post=3760"},{"taxonomy":"product_cat","embeddable":true,"href":"https:\/\/lyfilter.com\/de\/wp-json\/wp\/v2\/product_cat?post=3760"},{"taxonomy":"product_tag","embeddable":true,"href":"https:\/\/lyfilter.com\/de\/wp-json\/wp\/v2\/product_tag?post=3760"}],"curies":[{"name":"wp","href":"https:\/\/api.w.org\/{rel}","templated":true}]}}