{"id":3743,"date":"2026-04-03T02:18:27","date_gmt":"2026-04-03T02:18:27","guid":{"rendered":"https:\/\/lyfilter.com\/"},"modified":"2026-04-03T02:23:02","modified_gmt":"2026-04-03T02:23:02","slug":"high-quality-water-filter-cartridge-manufacturers-for-water","status":"publish","type":"product","link":"https:\/\/lyfilter.com\/de\/high-quality-water-filter-cartridge-manufacturers-for-water\/","title":{"rendered":"Hochwertige Wasserfilterpatrone Hersteller f\u00fcr Wasser"},"content":{"rendered":"<p>Diese f\u00fcr sichere Leistung konzipierten Wasserfilterverschl\u00fcsse werden mit Qualit\u00e4tskartuschen kombiniert, um einen saubereren Durchfluss und einen stabileren Sitz zu gew\u00e4hrleisten. Sie helfen, Bewegungen zu reduzieren, verbessern die Zuverl\u00e4ssigkeit und eignen sich gut f\u00fcr die Filtration zu Hause oder in kleinen Unternehmen.<\/p>","protected":false},"excerpt":{"rendered":"<table>\n<thead>\n<tr>\n<th>Ort der Herkunft<\/th>\n<th>China<\/th>\n<th>Markenname<\/th>\n<th>Lvyuan\/OEM<\/th>\n<\/tr>\n<\/thead>\n<tbody>\n<tr>\n<td>Modellnummer<\/td>\n<td>LY-PLF-01<\/td>\n<td>Leistung (W)<\/td>\n<td>0<\/td>\n<\/tr>\n<tr>\n<td>Spannung (V)<\/td>\n<td>0<\/td>\n<td>After-Sales-Service<\/td>\n<td>keine<\/td>\n<\/tr>\n<tr>\n<td>Garantie<\/td>\n<td>keine<\/td>\n<td>Typ<\/td>\n<td>Umkehrosmose<\/td>\n<\/tr>\n<tr>\n<td>Zertifizierung<\/td>\n<td>GS<\/td>\n<td>Verwenden Sie<\/td>\n<td>Haushalt Vorfiltrierung<\/td>\n<\/tr>\n<tr>\n<td>Anmeldung<\/td>\n<td>Auto, Wohnmobil, Outdoor, Hotel, Garage, Gewerbe, Haushalt<\/td>\n<td>Stromquelle<\/td>\n<td>Handbuch<\/td>\n<\/tr>\n<tr>\n<td>Name<\/td>\n<td>Filter liefert Element<\/td>\n<td>Material der Filtermembran<\/td>\n<td>PP\/PVDF\/PTFE\/PES\/Nylon<\/td>\n<\/tr>\n<tr>\n<td>L\u00e4nge<\/td>\n<td>5 \/ 10 \/ 20 \/ 30 \/ 40 \/ 50 \/ 60 Zoll<\/td>\n<td>Konvektor<\/td>\n<td>Fin\/222\/226\/215\/DOE\/Thread<\/td>\n<\/tr>\n<tr>\n<td>Mikron<\/td>\n<td>0.22\/0.5\/1\/3\/5\/10\/25\/50\/75\/100\/150<\/td>\n<td>Methode der Versiegelung<\/td>\n<td>Warmschmelzschwei\u00dfen<\/td>\n<\/tr>\n<tr>\n<td>Durchmesser<\/td>\n<td>70mm\/OEM<\/td>\n<td>Innerer Kern<\/td>\n<td>PP\/SS\/OEM<\/td>\n<\/tr>\n<tr>\n<td>MOQ<\/td>\n<td>Derzeit keine begrenzte<\/td>\n<td>Lieferf\u00e4higkeit<\/td>\n<td>5000 St\u00fcck\/St\u00fcck pro Woche<\/td>\n<\/tr>\n<\/tbody>\n<\/table>\n<p>&nbsp;<\/p>","protected":false},"featured_media":3744,"comment_status":"open","ping_status":"closed","template":"","meta":{"_gspb_post_css":""},"product_brand":[],"product_cat":[1202],"product_tag":[1213,1217,1215,1214,1136,1216],"class_list":{"0":"post-3743","1":"product","2":"type-product","3":"status-publish","4":"has-post-thumbnail","6":"product_cat-filter-cartridge","7":"product_tag-high-quality-water-filter-cartridge","8":"product_tag-household-water-filter-parts","9":"product_tag-replacement-filter-cartridge","10":"product_tag-water-filter-cartridge-manufacturers","11":"product_tag-water-filter-locks","12":"product_tag-water-filtration-supplies","14":"first","15":"instock","16":"shipping-taxable","17":"product-type-simple"},"_links":{"self":[{"href":"https:\/\/lyfilter.com\/de\/wp-json\/wp\/v2\/product\/3743","targetHints":{"allow":["GET"]}}],"collection":[{"href":"https:\/\/lyfilter.com\/de\/wp-json\/wp\/v2\/product"}],"about":[{"href":"https:\/\/lyfilter.com\/de\/wp-json\/wp\/v2\/types\/product"}],"replies":[{"embeddable":true,"href":"https:\/\/lyfilter.com\/de\/wp-json\/wp\/v2\/comments?post=3743"}],"wp:featuredmedia":[{"embeddable":true,"href":"https:\/\/lyfilter.com\/de\/wp-json\/wp\/v2\/media\/3744"}],"wp:attachment":[{"href":"https:\/\/lyfilter.com\/de\/wp-json\/wp\/v2\/media?parent=3743"}],"wp:term":[{"taxonomy":"product_brand","embeddable":true,"href":"https:\/\/lyfilter.com\/de\/wp-json\/wp\/v2\/product_brand?post=3743"},{"taxonomy":"product_cat","embeddable":true,"href":"https:\/\/lyfilter.com\/de\/wp-json\/wp\/v2\/product_cat?post=3743"},{"taxonomy":"product_tag","embeddable":true,"href":"https:\/\/lyfilter.com\/de\/wp-json\/wp\/v2\/product_tag?post=3743"}],"curies":[{"name":"wp","href":"https:\/\/api.w.org\/{rel}","templated":true}]}}