{"id":3724,"date":"2026-04-03T02:06:25","date_gmt":"2026-04-03T02:06:25","guid":{"rendered":"https:\/\/lyfilter.com\/"},"modified":"2026-04-03T02:06:25","modified_gmt":"2026-04-03T02:06:25","slug":"customized-activated-carbon-block-filter-series-for-water-purification","status":"publish","type":"product","link":"https:\/\/lyfilter.com\/de\/customized-activated-carbon-block-filter-series-for-water-purification\/","title":{"rendered":"Kundenspezifische Aktivkohle-Blockfilter-Serie f\u00fcr die Wasseraufbereitung"},"content":{"rendered":"<p>Diese ma\u00dfgeschneiderte Aktivkohleblock-Filterserie wurde f\u00fcr reineres Wasser und gleichm\u00e4\u00dfigere Leistung entwickelt und tr\u00e4gt zur Reduzierung von Verunreinigungen, zur Verbesserung des Geschmacks und zur zuverl\u00e4ssigen t\u00e4glichen Reinigung von privaten und gewerblichen Anlagen bei.<\/p>","protected":false},"excerpt":{"rendered":"<table>\n<thead>\n<tr>\n<th>Abschnitt<\/th>\n<th>Feld<\/th>\n<th>Wert<\/th>\n<\/tr>\n<\/thead>\n<tbody>\n<tr>\n<td>Vorteile f\u00fcr das Unternehmen<\/td>\n<td>1<\/td>\n<td>Die notwendigen Tests f\u00fcr den Lvyuan-Filter wurden streng durchgef\u00fchrt. Er wurde in Bezug auf Sicherheit, elektromagnetische Vertr\u00e4glichkeit, Vibration, Zuverl\u00e4ssigkeit und Haltbarkeit getestet. Kundenspezifische Endkappenkonfigurationen sind verf\u00fcgbar, um spezifische Anforderungen zu erf\u00fcllen<\/td>\n<\/tr>\n<tr>\n<td>Vorteile f\u00fcr das Unternehmen<\/td>\n<td>2<\/td>\n<td>Es gibt verschiedene M\u00e4rkte f\u00fcr dieses Produkt, das f\u00fcr die Verwendung mit digitalen Projektoren, Filmprojektoren, Overheadprojektoren und Diaprojektoren bestimmt ist. Es enth\u00e4lt keine Bindemittel, Wirkstoffe, L\u00f6sungsmittel, antistatische Materialien oder Benetzungsmittel.<\/td>\n<\/tr>\n<tr>\n<td>Vorteile f\u00fcr das Unternehmen<\/td>\n<td>3<\/td>\n<td>Strenge Tests: Die aktuelle Leistung wurde von Dritten getestet. Es kann auch von den Nutzern getestet werden und wird st\u00e4ndig aktualisiert. Es f\u00e4ngt gr\u00f6\u00dfere Partikel in den \u00e4u\u00dferen Schichten ab und f\u00e4ngt kleinere Partikel in der tiefen Schicht auf<\/td>\n<\/tr>\n<tr>\n<td>\u00dcbersicht<\/td>\n<td>Anwendbare Industrien<\/td>\n<td>Hotels, Bekleidungsgesch\u00e4fte, Baustoffgesch\u00e4fte, Fertigungsbetriebe, Maschinenreparaturwerkst\u00e4tten, Lebensmittel- und Getr\u00e4nkefabriken, Bauernh\u00f6fe, Restaurants, Haushalte, Einzelhandel, Lebensmittelgesch\u00e4fte, Druckereien, Bauunternehmen, Energie- und Bergbauunternehmen, Lebensmittel- und Getr\u00e4nkem\u00e4rkte, Werbeunternehmen<\/td>\n<\/tr>\n<tr>\n<td>\u00dcbersicht<\/td>\n<td>Service nach der Garantie<\/td>\n<td>Online-Unterst\u00fctzung<\/td>\n<\/tr>\n<tr>\n<td>\u00dcbersicht<\/td>\n<td>Lokaler Dienstort<\/td>\n<td>keine<\/td>\n<\/tr>\n<tr>\n<td>\u00dcbersicht<\/td>\n<td>Standort des Ausstellungsraums<\/td>\n<td>keine<\/td>\n<\/tr>\n<tr>\n<td>\u00dcbersicht<\/td>\n<td>Video-Ausgangsinspektion<\/td>\n<td>Zur Verf\u00fcgung gestellt<\/td>\n<\/tr>\n<tr>\n<td>\u00dcbersicht<\/td>\n<td>Maschinen-Testbericht<\/td>\n<td>Zur Verf\u00fcgung gestellt<\/td>\n<\/tr>\n<tr>\n<td>\u00dcbersicht<\/td>\n<td>Marketing-Typ<\/td>\n<td>Gew\u00f6hnliches Produkt<\/td>\n<\/tr>\n<tr>\n<td>\u00dcbersicht<\/td>\n<td>Garantie f\u00fcr Kernkomponenten<\/td>\n<td>1 Jahr<\/td>\n<\/tr>\n<tr>\n<td>\u00dcbersicht<\/td>\n<td>Kernkomponenten<\/td>\n<td>Druckbeh\u00e4lter<\/td>\n<\/tr>\n<tr>\n<td>\u00dcbersicht<\/td>\n<td>Zustand<\/td>\n<td>Neu<\/td>\n<\/tr>\n<tr>\n<td>\u00dcbersicht<\/td>\n<td>Ort der Herkunft<\/td>\n<td>Guangdong, China<\/td>\n<\/tr>\n<tr>\n<td>\u00dcbersicht<\/td>\n<td>Markenname<\/td>\n<td>LVYUAN\/OEM<\/td>\n<\/tr>\n<tr>\n<td>\u00dcbersicht<\/td>\n<td>Garantie<\/td>\n<td>6 Monate<\/td>\n<\/tr>\n<tr>\n<td>\u00dcbersicht<\/td>\n<td>After-Sales-Service<\/td>\n<td>Online-Unterst\u00fctzung, Online-Unterst\u00fctzung<\/td>\n<\/tr>\n<tr>\n<td>\u00dcbersicht<\/td>\n<td>Name des Produkts<\/td>\n<td>Sinterkohlefilterpatrone<\/td>\n<\/tr>\n<tr>\n<td>\u00dcbersicht<\/td>\n<td>Zertifizierung<\/td>\n<td>ISO<\/td>\n<\/tr>\n<tr>\n<td>\u00dcbersicht<\/td>\n<td>Material<\/td>\n<td>Gesinterte Aktivkohle aus Kokosnuss<\/td>\n<\/tr>\n<tr>\n<td>\u00dcbersicht<\/td>\n<td>L\u00e4nge<\/td>\n<td>10-1050mm<\/td>\n<\/tr>\n<tr>\n<td>\u00dcbersicht<\/td>\n<td>OD<\/td>\n<td>14-121mm<\/td>\n<\/tr>\n<tr>\n<td>\u00dcbersicht<\/td>\n<td>ID<\/td>\n<td>6-50mm<\/td>\n<\/tr>\n<tr>\n<td>\u00dcbersicht<\/td>\n<td>Mikron-Rate<\/td>\n<td>0,5-20um<\/td>\n<\/tr>\n<tr>\n<td>\u00dcbersicht<\/td>\n<td>Jodzahl<\/td>\n<td>bis zu 1000<\/td>\n<\/tr>\n<tr>\n<td>\u00dcbersicht<\/td>\n<td>Durchflussmenge<\/td>\n<td>\u2264300L\/h<\/td>\n<\/tr>\n<tr>\n<td>Lieferf\u00e4higkeit<\/td>\n<td>Lieferf\u00e4higkeit<\/td>\n<td>500 St\u00fcck\/St\u00fcck pro Tag<\/td>\n<\/tr>\n<\/tbody>\n<\/table>","protected":false},"featured_media":3726,"comment_status":"open","ping_status":"closed","template":"","meta":{"_gspb_post_css":""},"product_brand":[],"product_cat":[18],"product_tag":[1073,1204,1203,38,357,1182],"class_list":{"0":"post-3724","1":"product","2":"type-product","3":"status-publish","4":"has-post-thumbnail","6":"product_cat-sintered-metal-filters","7":"product_tag-activated-carbon-block-filter","8":"product_tag-clean-water-filter","9":"product_tag-customized-carbon-filter","10":"product_tag-industrial-water-filtration","11":"product_tag-water-filter-cartridge","12":"product_tag-water-purification-filter","14":"first","15":"instock","16":"shipping-taxable","17":"product-type-simple"},"_links":{"self":[{"href":"https:\/\/lyfilter.com\/de\/wp-json\/wp\/v2\/product\/3724","targetHints":{"allow":["GET"]}}],"collection":[{"href":"https:\/\/lyfilter.com\/de\/wp-json\/wp\/v2\/product"}],"about":[{"href":"https:\/\/lyfilter.com\/de\/wp-json\/wp\/v2\/types\/product"}],"replies":[{"embeddable":true,"href":"https:\/\/lyfilter.com\/de\/wp-json\/wp\/v2\/comments?post=3724"}],"wp:featuredmedia":[{"embeddable":true,"href":"https:\/\/lyfilter.com\/de\/wp-json\/wp\/v2\/media\/3726"}],"wp:attachment":[{"href":"https:\/\/lyfilter.com\/de\/wp-json\/wp\/v2\/media?parent=3724"}],"wp:term":[{"taxonomy":"product_brand","embeddable":true,"href":"https:\/\/lyfilter.com\/de\/wp-json\/wp\/v2\/product_brand?post=3724"},{"taxonomy":"product_cat","embeddable":true,"href":"https:\/\/lyfilter.com\/de\/wp-json\/wp\/v2\/product_cat?post=3724"},{"taxonomy":"product_tag","embeddable":true,"href":"https:\/\/lyfilter.com\/de\/wp-json\/wp\/v2\/product_tag?post=3724"}],"curies":[{"name":"wp","href":"https:\/\/api.w.org\/{rel}","templated":true}]}}