{"id":3717,"date":"2026-04-03T01:53:18","date_gmt":"2026-04-03T01:53:18","guid":{"rendered":"https:\/\/lyfilter.com\/"},"modified":"2026-04-03T01:53:18","modified_gmt":"2026-04-03T01:53:18","slug":"housing-filter-pvc-filter-for-drinking-water-pvc-bag-filter","status":"publish","type":"product","link":"https:\/\/lyfilter.com\/de\/housing-filter-pvc-filter-for-drinking-water-pvc-bag-filter\/","title":{"rendered":"Geh\u00e4usefilter Pvc-Filter f\u00fcr Trinkwasser PVC-Beutelfilter"},"content":{"rendered":"<p>Dieses PVC-Beutelfiltergeh\u00e4use gibt Ihrer Wasserleitung einen einfachen und praktischen ersten Schutz. Es hilft, sichtbare Sedimente und unerw\u00fcnschte Partikel abzufangen, bevor sie sich ausbreiten, und unterst\u00fctzt so sauberes Trinkwasser und einen reibungsloseren t\u00e4glichen Gebrauch zu Hause.<\/p>","protected":false},"excerpt":{"rendered":"<table>\n<thead>\n<tr>\n<th>Artikel<\/th>\n<th>Einzelheiten<\/th>\n<\/tr>\n<\/thead>\n<tbody>\n<tr>\n<td>Zustand<\/td>\n<td>Neu<\/td>\n<\/tr>\n<tr>\n<td>Anwendbare Industrien<\/td>\n<td>Produktionsanlagen, Lebensmittel- und Getr\u00e4nkefabrik, Wasseraufbereitung<\/td>\n<\/tr>\n<tr>\n<td>Service nach der Garantie<\/td>\n<td>Online-Unterst\u00fctzung<\/td>\n<\/tr>\n<tr>\n<td>Lokaler Dienstort<\/td>\n<td>keine<\/td>\n<\/tr>\n<tr>\n<td>Standort des Ausstellungsraums<\/td>\n<td>keine<\/td>\n<\/tr>\n<tr>\n<td>Ort der Herkunft<\/td>\n<td>Guangdong, China<\/td>\n<\/tr>\n<tr>\n<td>Markenname<\/td>\n<td>Lvyuan,OEM,ODM<\/td>\n<\/tr>\n<tr>\n<td>Material<\/td>\n<td>upvc<\/td>\n<\/tr>\n<tr>\n<td>Gewicht<\/td>\n<td>angepasst<\/td>\n<\/tr>\n<tr>\n<td>Gr\u00f6\u00dfe<\/td>\n<td>individuell, 10\u2032, 20\u2032, 30\u201d, 40\u201d<\/td>\n<\/tr>\n<tr>\n<td>Strom<\/td>\n<td>0<\/td>\n<\/tr>\n<tr>\n<td>Garantie<\/td>\n<td>Nicht verf\u00fcgbar<\/td>\n<\/tr>\n<tr>\n<td>Merkmal<\/td>\n<td>Wirtschaft<\/td>\n<\/tr>\n<tr>\n<td>Zertifizierung<\/td>\n<td>ISO9001<\/td>\n<\/tr>\n<tr>\n<td>Material<\/td>\n<td>UPVC<\/td>\n<\/tr>\n<tr>\n<td>Verwendung<\/td>\n<td>Wasservorfilterung<\/td>\n<\/tr>\n<tr>\n<td>Anmeldung<\/td>\n<td>Industrie<\/td>\n<\/tr>\n<tr>\n<td>Arbeitsdruck<\/td>\n<td>150Psi<\/td>\n<\/tr>\n<tr>\n<td>Farbe<\/td>\n<td>schwarz und wei\u00df<\/td>\n<\/tr>\n<tr>\n<td>Schl\u00fcsselw\u00f6rter<\/td>\n<td>UPVC<\/td>\n<\/tr>\n<tr>\n<td>Lieferf\u00e4higkeit<\/td>\n<td>200 St\u00fcck\/St\u00fcck pro Monat<\/td>\n<\/tr>\n<\/tbody>\n<\/table>","protected":false},"featured_media":3719,"comment_status":"open","ping_status":"closed","template":"","meta":{"_gspb_post_css":""},"product_brand":[],"product_cat":[1198],"product_tag":[654,334,1199,1200,1136,1201],"class_list":{"0":"post-3717","1":"product","2":"type-product","3":"status-publish","4":"has-post-thumbnail","6":"product_cat-filter-housings","7":"product_tag-drinking-water-filter","8":"product_tag-industrial-water-filter","9":"product_tag-pvc-bag-filter-housing","10":"product_tag-pvc-housing-filter","11":"product_tag-water-filter-locks","12":"product_tag-water-pre-filtration-filter","14":"first","15":"instock","16":"shipping-taxable","17":"product-type-simple"},"_links":{"self":[{"href":"https:\/\/lyfilter.com\/de\/wp-json\/wp\/v2\/product\/3717","targetHints":{"allow":["GET"]}}],"collection":[{"href":"https:\/\/lyfilter.com\/de\/wp-json\/wp\/v2\/product"}],"about":[{"href":"https:\/\/lyfilter.com\/de\/wp-json\/wp\/v2\/types\/product"}],"replies":[{"embeddable":true,"href":"https:\/\/lyfilter.com\/de\/wp-json\/wp\/v2\/comments?post=3717"}],"wp:featuredmedia":[{"embeddable":true,"href":"https:\/\/lyfilter.com\/de\/wp-json\/wp\/v2\/media\/3719"}],"wp:attachment":[{"href":"https:\/\/lyfilter.com\/de\/wp-json\/wp\/v2\/media?parent=3717"}],"wp:term":[{"taxonomy":"product_brand","embeddable":true,"href":"https:\/\/lyfilter.com\/de\/wp-json\/wp\/v2\/product_brand?post=3717"},{"taxonomy":"product_cat","embeddable":true,"href":"https:\/\/lyfilter.com\/de\/wp-json\/wp\/v2\/product_cat?post=3717"},{"taxonomy":"product_tag","embeddable":true,"href":"https:\/\/lyfilter.com\/de\/wp-json\/wp\/v2\/product_tag?post=3717"}],"curies":[{"name":"wp","href":"https:\/\/api.w.org\/{rel}","templated":true}]}}