{"id":3710,"date":"2026-04-03T01:49:17","date_gmt":"2026-04-03T01:49:17","guid":{"rendered":"https:\/\/lyfilter.com\/"},"modified":"2026-04-03T01:49:17","modified_gmt":"2026-04-03T01:49:17","slug":"wholehouse-small-type-pre-filter-water-sediment-sand-filter-with-nylon-net-filter","status":"publish","type":"product","link":"https:\/\/lyfilter.com\/de\/wholehouse-small-type-pre-filter-water-sediment-sand-filter-with-nylon-net-filter\/","title":{"rendered":"Wholehouse Small Type Pre Filter Wasser Sediment Sandfilter mit Nylon Netzfilter"},"content":{"rendered":"<p>Mit diesem kompakten Vorfilter f\u00fcr das ganze Haus halten Sie Ihr Wasser jeden Tag sauberer. Das transparente Geh\u00e4use und das Nylongewebe fangen Sand, Sedimente und sichtbare Partikel ab, bevor sie in Ihre Rohre und Haushaltsger\u00e4te gelangen.<\/p>","protected":false},"excerpt":{"rendered":"<table>\n<thead>\n<tr>\n<th>Artikel<\/th>\n<th>Einzelheiten<\/th>\n<\/tr>\n<\/thead>\n<tbody>\n<tr>\n<td>Anwendbare Industrien<\/td>\n<td>Lebensmittel- und Getr\u00e4nkehersteller, Restaurant, Lebensmittel- und Getr\u00e4nkel\u00e4den<\/td>\n<\/tr>\n<tr>\n<td>Ort der Herkunft<\/td>\n<td>Guangdong, China<\/td>\n<\/tr>\n<tr>\n<td>Markenname<\/td>\n<td>Lvyuan\/OEM<\/td>\n<\/tr>\n<tr>\n<td>Material<\/td>\n<td>Polypropylen<\/td>\n<\/tr>\n<tr>\n<td>Gewicht<\/td>\n<td>Kundenspezifisch<\/td>\n<\/tr>\n<tr>\n<td>Gr\u00f6\u00dfe<\/td>\n<td>Kundenspezifisch<\/td>\n<\/tr>\n<tr>\n<td>Strom<\/td>\n<td>0<\/td>\n<\/tr>\n<tr>\n<td>Garantie<\/td>\n<td>1 Jahr<\/td>\n<\/tr>\n<tr>\n<td>After-Sales-Service<\/td>\n<td>Online-Unterst\u00fctzung<\/td>\n<\/tr>\n<tr>\n<td>Artikel Name<\/td>\n<td>kleiner Vorfilter f\u00fcr Wasser und Sedimente mit Nylonfilter<\/td>\n<\/tr>\n<tr>\n<td>Einlass&amp;Auslass<\/td>\n<td>Messing 1\/2\u2033 1\u2033 Innengewinde<\/td>\n<\/tr>\n<tr>\n<td>Geh\u00e4use<\/td>\n<td>Transparent<\/td>\n<\/tr>\n<tr>\n<td>Nylon-Netzfilter<\/td>\n<td>5 - 300 Mikrometer<\/td>\n<\/tr>\n<tr>\n<td>POWER PHOS<\/td>\n<td>Erforderliche Kunden<\/td>\n<\/tr>\n<tr>\n<td>Durchflussmenge<\/td>\n<td>2-4T\/h<\/td>\n<\/tr>\n<tr>\n<td>Arbeitsdruck<\/td>\n<td>1,0MPa<\/td>\n<\/tr>\n<tr>\n<td>Arbeitstemperatur<\/td>\n<td>Maximal 80C<\/td>\n<\/tr>\n<tr>\n<td>X-over-Anschluss<\/td>\n<td>Mit oder ohne<\/td>\n<\/tr>\n<tr>\n<td>Verpackungsbox<\/td>\n<td>Farbkasten<\/td>\n<\/tr>\n<\/tbody>\n<\/table>","protected":false},"featured_media":3713,"comment_status":"open","ping_status":"closed","template":"","meta":{"_gspb_post_css":""},"product_brand":[],"product_cat":[17],"product_tag":[1197,1195,1194,1196,1136,1193],"class_list":{"0":"post-3710","1":"product","2":"type-product","3":"status-publish","4":"has-post-thumbnail","6":"product_cat-sediment-filter","7":"product_tag-home-water-purifier","8":"product_tag-nylon-net-water-filter","9":"product_tag-sediment-sand-filter","10":"product_tag-transparent-housing-filter","11":"product_tag-water-filter-locks","12":"product_tag-wholehouse-pre-filter","14":"first","15":"instock","16":"shipping-taxable","17":"product-type-simple"},"_links":{"self":[{"href":"https:\/\/lyfilter.com\/de\/wp-json\/wp\/v2\/product\/3710","targetHints":{"allow":["GET"]}}],"collection":[{"href":"https:\/\/lyfilter.com\/de\/wp-json\/wp\/v2\/product"}],"about":[{"href":"https:\/\/lyfilter.com\/de\/wp-json\/wp\/v2\/types\/product"}],"replies":[{"embeddable":true,"href":"https:\/\/lyfilter.com\/de\/wp-json\/wp\/v2\/comments?post=3710"}],"wp:featuredmedia":[{"embeddable":true,"href":"https:\/\/lyfilter.com\/de\/wp-json\/wp\/v2\/media\/3713"}],"wp:attachment":[{"href":"https:\/\/lyfilter.com\/de\/wp-json\/wp\/v2\/media?parent=3710"}],"wp:term":[{"taxonomy":"product_brand","embeddable":true,"href":"https:\/\/lyfilter.com\/de\/wp-json\/wp\/v2\/product_brand?post=3710"},{"taxonomy":"product_cat","embeddable":true,"href":"https:\/\/lyfilter.com\/de\/wp-json\/wp\/v2\/product_cat?post=3710"},{"taxonomy":"product_tag","embeddable":true,"href":"https:\/\/lyfilter.com\/de\/wp-json\/wp\/v2\/product_tag?post=3710"}],"curies":[{"name":"wp","href":"https:\/\/api.w.org\/{rel}","templated":true}]}}