{"id":3691,"date":"2026-04-02T11:03:42","date_gmt":"2026-04-02T11:03:42","guid":{"rendered":"https:\/\/lyfilter.com\/"},"modified":"2026-04-02T11:03:42","modified_gmt":"2026-04-02T11:03:42","slug":"lvyuan-efficient-activated-carbon-filter-element-factory-for-water","status":"publish","type":"product","link":"https:\/\/lyfilter.com\/de\/lvyuan-efficient-activated-carbon-filter-element-factory-for-water\/","title":{"rendered":"Lvyuan Effizientes Aktivkohlefilterelement Fabrik f\u00fcr Wasser"},"content":{"rendered":"<p><b>1.<\/b>\u00a0Bei der Herstellung der Lvyuan-Sedimentfilterpatrone werden verschiedene grundlegende mechanische Teile verwendet. Dazu geh\u00f6ren Zahnr\u00e4der, Lager, Befestigungselemente, Federn, Dichtungen, Kupplungen und so weiter. Die selbsttragende Fasermatrix erm\u00f6glicht ein kernloses Design, das sowohl wirtschaftlich als auch stark ist<br \/>\n<b>2.<\/b>\u00a0Lvyuan Wasseraufbereitungsanlagen k\u00f6nnen die Marktnachfrage mit der h\u00f6chsten Effizienz erf\u00fcllen. Es gibt unterschiedliche Porosit\u00e4t \u00fcber die Tiefe des Filtermediums<br \/>\n<b>3.<\/b>\u00a0Das Produkt wird in unserer eigenen, technologisch fortschrittlichen Anlage hergestellt und ist qualit\u00e4tsgesichert. Das Filtermedium ist thermisch gebunden, um die Freisetzung von Fasern zu verhindern und gleichzeitig konstante Durchflussraten zu gew\u00e4hrleisten.<\/p>","protected":false},"excerpt":{"rendered":"<table>\n<thead>\n<tr>\n<th>Artikel<\/th>\n<th>Einzelheiten<\/th>\n<\/tr>\n<\/thead>\n<tbody>\n<tr>\n<td>Ort der Herkunft<\/td>\n<td>China<\/td>\n<\/tr>\n<tr>\n<td>Markenname<\/td>\n<td>Lvyuan\/OEM<\/td>\n<\/tr>\n<tr>\n<td>Modellnummer<\/td>\n<td>LY-PLF-01<\/td>\n<\/tr>\n<tr>\n<td>Leistung (W)<\/td>\n<td>0<\/td>\n<\/tr>\n<tr>\n<td>Spannung (V)<\/td>\n<td>0<\/td>\n<\/tr>\n<tr>\n<td>After-Sales-Service<\/td>\n<td>keine<\/td>\n<\/tr>\n<tr>\n<td>Garantie<\/td>\n<td>keine<\/td>\n<\/tr>\n<tr>\n<td>Typ<\/td>\n<td>Umkehrosmose<\/td>\n<\/tr>\n<tr>\n<td>Zertifizierung<\/td>\n<td>GS<\/td>\n<\/tr>\n<tr>\n<td>Verwenden Sie<\/td>\n<td>Haushalt Vorfiltrierung<\/td>\n<\/tr>\n<tr>\n<td>Anmeldung<\/td>\n<td>Auto, Wohnmobil, Outdoor, Hotel, Garage, Gewerbe, Haushalt<\/td>\n<\/tr>\n<tr>\n<td>Stromquelle<\/td>\n<td>Handbuch<\/td>\n<\/tr>\n<tr>\n<td>Name<\/td>\n<td>PP-Wasserfiltereinsatz<\/td>\n<\/tr>\n<tr>\n<td>Material der Filtermembran<\/td>\n<td>PP\/PVDF\/PTFE\/PES\/Nylon<\/td>\n<\/tr>\n<tr>\n<td>L\u00e4nge<\/td>\n<td>5 \/ 10 \/ 20 \/ 30 \/ 40 \/ 50 \/ 60 Zoll<\/td>\n<\/tr>\n<tr>\n<td>Konvektor<\/td>\n<td>Fin\/222\/226\/215\/DOE\/Thread<\/td>\n<\/tr>\n<tr>\n<td>Mikron<\/td>\n<td>0.22\/0.5\/1\/3\/5\/10\/25\/50\/75\/100\/150<\/td>\n<\/tr>\n<tr>\n<td>Methode der Versiegelung<\/td>\n<td>Warmschmelzschwei\u00dfen<\/td>\n<\/tr>\n<tr>\n<td>Durchmesser<\/td>\n<td>70mm\/OEM<\/td>\n<\/tr>\n<tr>\n<td>Innerer Kern<\/td>\n<td>PP\/SS\/OEM<\/td>\n<\/tr>\n<tr>\n<td>MOQ<\/td>\n<td>Derzeit keine begrenzte<\/td>\n<\/tr>\n<tr>\n<td>Lieferf\u00e4higkeit<\/td>\n<td>5000 St\u00fcck\/St\u00fcck pro Woche<\/td>\n<\/tr>\n<\/tbody>\n<\/table>","protected":false},"featured_media":3693,"comment_status":"open","ping_status":"closed","template":"","meta":{"_gspb_post_css":""},"product_brand":[],"product_cat":[20],"product_tag":[1177,1178,1180,1179,1176,866],"class_list":{"0":"post-3691","1":"product","2":"type-product","3":"status-publish","4":"has-post-thumbnail","6":"product_cat-high-flow-filter-cartridge","7":"product_tag-activated-carbon-filter-element","8":"product_tag-carbon-water-filter-factory","9":"product_tag-efficient-carbon-filter","10":"product_tag-household-water-filter-element","11":"product_tag-lvyuan-water-filter","12":"product_tag-water-filtration-cartridge","14":"first","15":"instock","16":"shipping-taxable","17":"product-type-simple"},"_links":{"self":[{"href":"https:\/\/lyfilter.com\/de\/wp-json\/wp\/v2\/product\/3691","targetHints":{"allow":["GET"]}}],"collection":[{"href":"https:\/\/lyfilter.com\/de\/wp-json\/wp\/v2\/product"}],"about":[{"href":"https:\/\/lyfilter.com\/de\/wp-json\/wp\/v2\/types\/product"}],"replies":[{"embeddable":true,"href":"https:\/\/lyfilter.com\/de\/wp-json\/wp\/v2\/comments?post=3691"}],"wp:featuredmedia":[{"embeddable":true,"href":"https:\/\/lyfilter.com\/de\/wp-json\/wp\/v2\/media\/3693"}],"wp:attachment":[{"href":"https:\/\/lyfilter.com\/de\/wp-json\/wp\/v2\/media?parent=3691"}],"wp:term":[{"taxonomy":"product_brand","embeddable":true,"href":"https:\/\/lyfilter.com\/de\/wp-json\/wp\/v2\/product_brand?post=3691"},{"taxonomy":"product_cat","embeddable":true,"href":"https:\/\/lyfilter.com\/de\/wp-json\/wp\/v2\/product_cat?post=3691"},{"taxonomy":"product_tag","embeddable":true,"href":"https:\/\/lyfilter.com\/de\/wp-json\/wp\/v2\/product_tag?post=3691"}],"curies":[{"name":"wp","href":"https:\/\/api.w.org\/{rel}","templated":true}]}}