{"id":3688,"date":"2026-04-02T10:59:19","date_gmt":"2026-04-02T10:59:19","guid":{"rendered":"https:\/\/lyfilter.com\/"},"modified":"2026-04-02T11:02:01","modified_gmt":"2026-04-02T11:02:01","slug":"string-wound-sediment-water-filter-upplier","status":"publish","type":"product","link":"https:\/\/lyfilter.com\/de\/string-wound-sediment-water-filter-upplier\/","title":{"rendered":"String Wunde Sediment Wasserfilter Upplier"},"content":{"rendered":"<p><b>Produktdetails des fadengewickelten Sedimentwasserfilters<\/b><\/p>\n<p>&nbsp;<\/p>\n<p><b>Schnelles Detail<\/b><\/p>\n<p>string wound sediment water filter ist stabil in der Leistung und zuverl\u00e4ssig in der Qualit\u00e4t. Er zeichnet sich durch folgende Vorteile aus: hohe Pr\u00e4zision, hohe Effizienz, hohe Flexibilit\u00e4t, geringer Abrieb, etc. Er kann in verschiedenen Bereichen eingesetzt werden.\u00a0<a href=\"https:\/\/lyfilter.com\/de\/\">Lvyuan-Filter<\/a>Schnurumwickelte Sedimentwasserfilter werden mit Hilfe der international fortschrittlichen Technologie hergestellt. Schnurumwickelte Sedimentwasserfilter haben eine ausgezeichnete Leistung, stabile und zuverl\u00e4ssige Qualit\u00e4t. Schnurumwickelte Sedimentwasserfilter werden in vielen Bereichen verwendet, einschlie\u00dflich Automobilersatzteile, Metallersatzteile, Baumaterialien, Edelstahlprodukte und andere. Aufgrund seiner Kosteneffizienz erfreut sich das Produkt in diesem Bereich immer gr\u00f6\u00dferer Beliebtheit.<\/p>","protected":false},"excerpt":{"rendered":"<table>\n<thead>\n<tr>\n<th>Artikel<\/th>\n<th>Einzelheiten<\/th>\n<\/tr>\n<\/thead>\n<tbody>\n<tr>\n<td>Ort der Herkunft<\/td>\n<td>Guangdong, China<\/td>\n<\/tr>\n<tr>\n<td>Markenname<\/td>\n<td>Lvyuan \/ OEM<\/td>\n<\/tr>\n<tr>\n<td>Modellnummer<\/td>\n<td>Baureihe LY-SW<\/td>\n<\/tr>\n<tr>\n<td>Name des Produkts<\/td>\n<td>5-Mikron-Patronenfilter<\/td>\n<\/tr>\n<tr>\n<td>Mikron Rate<\/td>\n<td>Filterpatrone mit 1, 3, 5 und 10 Mikron<\/td>\n<\/tr>\n<tr>\n<td>Material<\/td>\n<td>PP \/ Baumwolle \/ Glasfaser<\/td>\n<\/tr>\n<tr>\n<td>Innerer Kern<\/td>\n<td>PP oder rostfreier Stahl<\/td>\n<\/tr>\n<tr>\n<td>L\u00e4nge<\/td>\n<td>5\u2033, 10\u2033, 20\u2033, 30\u2033, 40\u2033, 50\u201d Zoll<\/td>\n<\/tr>\n<tr>\n<td>Material der Dichtung\/des Rings<\/td>\n<td>Silizium \/ EPDM \/ Viton<\/td>\n<\/tr>\n<tr>\n<td>Verwendung<\/td>\n<td>Fl\u00fcssigkeitsfilter, Wasserfilterteile<\/td>\n<\/tr>\n<tr>\n<td>Innendurchmesser<\/td>\n<td>28, 30 mm<\/td>\n<\/tr>\n<tr>\n<td>\u00c4u\u00dferer Durchmesser<\/td>\n<td>60~62mm, Jumbo 110~115mm<\/td>\n<\/tr>\n<tr>\n<td>Zertifizierung<\/td>\n<td>CE SGS ISO<\/td>\n<\/tr>\n<tr>\n<td>Lieferf\u00e4higkeit<\/td>\n<td>5000 St\u00fcck\/St\u00fcck pro Tag 5 Mikron Patronenfilter<\/td>\n<\/tr>\n<\/tbody>\n<\/table>","protected":false},"featured_media":3690,"comment_status":"open","ping_status":"closed","template":"","meta":{"_gspb_post_css":""},"product_brand":[],"product_cat":[1095],"product_tag":[1172,1175,1176,1174,1171,1173],"class_list":{"0":"post-3688","1":"product","2":"type-product","3":"status-publish","4":"has-post-thumbnail","6":"product_cat-string-wound-filter-cartridge","7":"product_tag-5-micron-cartridge-filter","8":"product_tag-industrial-water-filter-parts","9":"product_tag-lvyuan-water-filter","10":"product_tag-pp-cotton-filter-cartridge","11":"product_tag-string-wound-sediment-water-filter","12":"product_tag-water-filter-cartridge-supplier","14":"first","15":"instock","16":"shipping-taxable","17":"product-type-simple"},"_links":{"self":[{"href":"https:\/\/lyfilter.com\/de\/wp-json\/wp\/v2\/product\/3688","targetHints":{"allow":["GET"]}}],"collection":[{"href":"https:\/\/lyfilter.com\/de\/wp-json\/wp\/v2\/product"}],"about":[{"href":"https:\/\/lyfilter.com\/de\/wp-json\/wp\/v2\/types\/product"}],"replies":[{"embeddable":true,"href":"https:\/\/lyfilter.com\/de\/wp-json\/wp\/v2\/comments?post=3688"}],"wp:featuredmedia":[{"embeddable":true,"href":"https:\/\/lyfilter.com\/de\/wp-json\/wp\/v2\/media\/3690"}],"wp:attachment":[{"href":"https:\/\/lyfilter.com\/de\/wp-json\/wp\/v2\/media?parent=3688"}],"wp:term":[{"taxonomy":"product_brand","embeddable":true,"href":"https:\/\/lyfilter.com\/de\/wp-json\/wp\/v2\/product_brand?post=3688"},{"taxonomy":"product_cat","embeddable":true,"href":"https:\/\/lyfilter.com\/de\/wp-json\/wp\/v2\/product_cat?post=3688"},{"taxonomy":"product_tag","embeddable":true,"href":"https:\/\/lyfilter.com\/de\/wp-json\/wp\/v2\/product_tag?post=3688"}],"curies":[{"name":"wp","href":"https:\/\/api.w.org\/{rel}","templated":true}]}}