{"id":3656,"date":"2026-04-02T09:36:46","date_gmt":"2026-04-02T09:36:46","guid":{"rendered":"https:\/\/lyfilter.com\/"},"modified":"2026-04-02T09:36:46","modified_gmt":"2026-04-02T09:36:46","slug":"high-end-pp-sediment-filter-exporter-for-industry","status":"publish","type":"product","link":"https:\/\/lyfilter.com\/de\/high-end-pp-sediment-filter-exporter-for-industry\/","title":{"rendered":"Hochwertiger PP-Sedimentfilter Exporteur f\u00fcr die Industrie"},"content":{"rendered":"<p>Dieser PP-Sedimentfilter wurde f\u00fcr anspruchsvolle Wasseraufbereitungsanforderungen entwickelt und hilft bei der Entfernung feiner Partikel, w\u00e4hrend er einen gleichm\u00e4\u00dfigen Durchfluss und eine lang anhaltende Leistung gew\u00e4hrleistet. Er ist eine praktische Wahl f\u00fcr industrielle Systeme, die eine saubere und zuverl\u00e4ssige Filtration ben\u00f6tigen.<\/p>","protected":false},"excerpt":{"rendered":"<table>\n<thead>\n<tr>\n<th>Feld<\/th>\n<th>Wert<\/th>\n<\/tr>\n<\/thead>\n<tbody>\n<tr>\n<td>Zustand<\/td>\n<td>Neu<\/td>\n<\/tr>\n<tr>\n<td>Anwendbare Industrien<\/td>\n<td>Produktionsanlagen, Lebensmittel- und Getr\u00e4nkehersteller, Hausgebrauch, Wasseraufbereitung<\/td>\n<\/tr>\n<tr>\n<td>Service nach der Garantie<\/td>\n<td>Online-Unterst\u00fctzung<\/td>\n<\/tr>\n<tr>\n<td>Lokaler Dienstort<\/td>\n<td>keine<\/td>\n<\/tr>\n<tr>\n<td>Standort des Ausstellungsraums<\/td>\n<td>keine<\/td>\n<\/tr>\n<tr>\n<td>Ort der Herkunft<\/td>\n<td>Guangdong, China<\/td>\n<\/tr>\n<tr>\n<td>Markenname<\/td>\n<td>Lvyuan, OEM, ODM<\/td>\n<\/tr>\n<tr>\n<td>Material<\/td>\n<td>Seiten<\/td>\n<\/tr>\n<tr>\n<td>Gewicht<\/td>\n<td>angepasst<\/td>\n<\/tr>\n<tr>\n<td>Gr\u00f6\u00dfe<\/td>\n<td>individuell, schlank, jumbo<\/td>\n<\/tr>\n<tr>\n<td>Strom<\/td>\n<td>0<\/td>\n<\/tr>\n<tr>\n<td>Garantie<\/td>\n<td>Nicht verf\u00fcgbar<\/td>\n<\/tr>\n<tr>\n<td>Merkmal<\/td>\n<td>Stahl in individueller Gr\u00f6\u00dfe und mit Logo<\/td>\n<\/tr>\n<tr>\n<td>Zertifizierung<\/td>\n<td>SGS<\/td>\n<\/tr>\n<tr>\n<td>Form<\/td>\n<td>Zylinder<\/td>\n<\/tr>\n<tr>\n<td>Verwendung<\/td>\n<td>Wasseraufbereitung<\/td>\n<\/tr>\n<tr>\n<td>Anmeldung<\/td>\n<td>Industrie<\/td>\n<\/tr>\n<tr>\n<td>Farbe<\/td>\n<td>wei\u00df<\/td>\n<\/tr>\n<tr>\n<td>Verpacken<\/td>\n<td>Papierschachtel<\/td>\n<\/tr>\n<tr>\n<td>Rohmaterial<\/td>\n<td>pp Faser<\/td>\n<\/tr>\n<tr>\n<td>Erscheinungsbild<\/td>\n<td>gepr\u00e4gt, gl\u00e4nzend, etc.<\/td>\n<\/tr>\n<tr>\n<td>Lieferf\u00e4higkeit<\/td>\n<td>5000 St\u00fcck\/St\u00fcck pro Woche<\/td>\n<\/tr>\n<\/tbody>\n<\/table>","protected":false},"featured_media":3660,"comment_status":"open","ping_status":"closed","template":"","meta":{"_gspb_post_css":""},"product_brand":[],"product_cat":[23],"product_tag":[1157,334,319,662,1156,321],"class_list":{"0":"post-3656","1":"product","2":"type-product","3":"status-publish","4":"has-post-thumbnail","6":"product_cat-pp-filter-cartridge","7":"product_tag-industrial-filtration-solution","8":"product_tag-industrial-water-filter","9":"product_tag-polypropylene-filter","10":"product_tag-pp-sediment-filter","11":"product_tag-sediment-filter-exporter","12":"product_tag-water-treatment-cartridge","14":"first","15":"instock","16":"shipping-taxable","17":"product-type-simple"},"_links":{"self":[{"href":"https:\/\/lyfilter.com\/de\/wp-json\/wp\/v2\/product\/3656","targetHints":{"allow":["GET"]}}],"collection":[{"href":"https:\/\/lyfilter.com\/de\/wp-json\/wp\/v2\/product"}],"about":[{"href":"https:\/\/lyfilter.com\/de\/wp-json\/wp\/v2\/types\/product"}],"replies":[{"embeddable":true,"href":"https:\/\/lyfilter.com\/de\/wp-json\/wp\/v2\/comments?post=3656"}],"wp:featuredmedia":[{"embeddable":true,"href":"https:\/\/lyfilter.com\/de\/wp-json\/wp\/v2\/media\/3660"}],"wp:attachment":[{"href":"https:\/\/lyfilter.com\/de\/wp-json\/wp\/v2\/media?parent=3656"}],"wp:term":[{"taxonomy":"product_brand","embeddable":true,"href":"https:\/\/lyfilter.com\/de\/wp-json\/wp\/v2\/product_brand?post=3656"},{"taxonomy":"product_cat","embeddable":true,"href":"https:\/\/lyfilter.com\/de\/wp-json\/wp\/v2\/product_cat?post=3656"},{"taxonomy":"product_tag","embeddable":true,"href":"https:\/\/lyfilter.com\/de\/wp-json\/wp\/v2\/product_tag?post=3656"}],"curies":[{"name":"wp","href":"https:\/\/api.w.org\/{rel}","templated":true}]}}