{"id":3649,"date":"2026-04-02T09:30:08","date_gmt":"2026-04-02T09:30:08","guid":{"rendered":"https:\/\/lyfilter.com\/"},"modified":"2026-04-02T09:30:08","modified_gmt":"2026-04-02T09:30:08","slug":"moveable-sewage-treatment-plant-car-wash-water-recycle","status":"publish","type":"product","link":"https:\/\/lyfilter.com\/de\/moveable-sewage-treatment-plant-car-wash-water-recycle\/","title":{"rendered":"Bewegliche Kl\u00e4ranlage\/Autowaschwasser-Recycling"},"content":{"rendered":"<p>Diese mobile Kl\u00e4ranlage wurde f\u00fcr die Wiederverwendung von Wasser gebaut und recycelt Autowaschwasser mit gleichm\u00e4\u00dfiger Filtration und praktischer Leistung. Sie bietet eine sauberere Leistung, einen einfacheren Standortwechsel und einen zuverl\u00e4ssigen Betrieb an stark frequentierten Arbeitspl\u00e4tzen.<\/p>","protected":false},"excerpt":{"rendered":"<table>\n<thead>\n<tr>\n<th>Artikel<\/th>\n<th>Wert<\/th>\n<\/tr>\n<\/thead>\n<tbody>\n<tr>\n<td>Anwendbare Industrien<\/td>\n<td>Lebensmittel- und Getr\u00e4nkefabrik, Bauarbeiten, Lebensmittel- und Getr\u00e4nkel\u00e4den<\/td>\n<\/tr>\n<tr>\n<td>Service nach der Garantie<\/td>\n<td>Online-Unterst\u00fctzung<\/td>\n<\/tr>\n<tr>\n<td>Lokaler Dienstort<\/td>\n<td>keine<\/td>\n<\/tr>\n<tr>\n<td>Standort des Ausstellungsraums<\/td>\n<td>keine<\/td>\n<\/tr>\n<tr>\n<td>Video-Ausgangsinspektion<\/td>\n<td>Zur Verf\u00fcgung gestellt<\/td>\n<\/tr>\n<tr>\n<td>Maschinen-Testbericht<\/td>\n<td>Zur Verf\u00fcgung gestellt<\/td>\n<\/tr>\n<tr>\n<td>Marketing-Typ<\/td>\n<td>Gew\u00f6hnliches Produkt<\/td>\n<\/tr>\n<tr>\n<td>Garantie f\u00fcr Kernkomponenten<\/td>\n<td>1 Jahr<\/td>\n<\/tr>\n<tr>\n<td>Kernkomponenten<\/td>\n<td>Motor<\/td>\n<\/tr>\n<tr>\n<td>Ort der Herkunft<\/td>\n<td>Guangdong, China<\/td>\n<\/tr>\n<tr>\n<td>Markenname<\/td>\n<td>Lvyuan<\/td>\n<\/tr>\n<tr>\n<td>Garantie<\/td>\n<td>1 Jahr<\/td>\n<\/tr>\n<tr>\n<td>After-Sales-Service<\/td>\n<td>Online-Unterst\u00fctzung<\/td>\n<\/tr>\n<tr>\n<td>Artikel<\/td>\n<td>MBR-Abwasseraufbereitungsanlage<\/td>\n<\/tr>\n<tr>\n<td>B\u00fcrgschaft<\/td>\n<td>Ein Jahr<\/td>\n<\/tr>\n<tr>\n<td>Zertifizierung<\/td>\n<td>ISO<\/td>\n<\/tr>\n<tr>\n<td>Technologietransfer 1<\/td>\n<td>Membrantrennverfahren<\/td>\n<\/tr>\n<tr>\n<td>Technologietransfer 2<\/td>\n<td>biologische Behandlungstechnik<\/td>\n<\/tr>\n<tr>\n<td>Technologietransfer 3<\/td>\n<td>Alpha-Membran-Modul<\/td>\n<\/tr>\n<tr>\n<td>dauerhaft<\/td>\n<td>Lange Lebensdauer<\/td>\n<\/tr>\n<tr>\n<td>Betrieb<\/td>\n<td>Einfach<\/td>\n<\/tr>\n<tr>\n<td>Wartung<\/td>\n<td>bequem<\/td>\n<\/tr>\n<tr>\n<td>Qualit\u00e4t<\/td>\n<td>hohes Niveau<\/td>\n<\/tr>\n<tr>\n<td>Lieferf\u00e4higkeit<\/td>\n<td>10 Satz\/S\u00e4tze pro Monat<\/td>\n<\/tr>\n<\/tbody>\n<\/table>","protected":false},"featured_media":3655,"comment_status":"open","ping_status":"closed","template":"","meta":{"_gspb_post_css":""},"product_brand":[],"product_cat":[1147],"product_tag":[1153,38,1155,1152,1154,1136],"class_list":{"0":"post-3649","1":"product","2":"type-product","3":"status-publish","4":"has-post-thumbnail","6":"product_cat-waste-water-treatment-plant","7":"product_tag-car-wash-water-recycle","8":"product_tag-industrial-water-filtration","9":"product_tag-mobile-water-treatment","10":"product_tag-moveable-sewage-treatment-plant","11":"product_tag-wastewater-reuse-system","12":"product_tag-water-filter-locks","14":"first","15":"instock","16":"shipping-taxable","17":"product-type-simple"},"_links":{"self":[{"href":"https:\/\/lyfilter.com\/de\/wp-json\/wp\/v2\/product\/3649","targetHints":{"allow":["GET"]}}],"collection":[{"href":"https:\/\/lyfilter.com\/de\/wp-json\/wp\/v2\/product"}],"about":[{"href":"https:\/\/lyfilter.com\/de\/wp-json\/wp\/v2\/types\/product"}],"replies":[{"embeddable":true,"href":"https:\/\/lyfilter.com\/de\/wp-json\/wp\/v2\/comments?post=3649"}],"wp:featuredmedia":[{"embeddable":true,"href":"https:\/\/lyfilter.com\/de\/wp-json\/wp\/v2\/media\/3655"}],"wp:attachment":[{"href":"https:\/\/lyfilter.com\/de\/wp-json\/wp\/v2\/media?parent=3649"}],"wp:term":[{"taxonomy":"product_brand","embeddable":true,"href":"https:\/\/lyfilter.com\/de\/wp-json\/wp\/v2\/product_brand?post=3649"},{"taxonomy":"product_cat","embeddable":true,"href":"https:\/\/lyfilter.com\/de\/wp-json\/wp\/v2\/product_cat?post=3649"},{"taxonomy":"product_tag","embeddable":true,"href":"https:\/\/lyfilter.com\/de\/wp-json\/wp\/v2\/product_tag?post=3649"}],"curies":[{"name":"wp","href":"https:\/\/api.w.org\/{rel}","templated":true}]}}