{"id":3647,"date":"2026-04-02T09:28:05","date_gmt":"2026-04-02T09:28:05","guid":{"rendered":"https:\/\/lyfilter.com\/"},"modified":"2026-04-02T09:28:06","modified_gmt":"2026-04-02T09:28:06","slug":"sewage-reuse-water-tree-watering-source","status":"publish","type":"product","link":"https:\/\/lyfilter.com\/de\/sewage-reuse-water-tree-watering-source\/","title":{"rendered":"Abwasserwiederverwendung Wasser\/Baumbew\u00e4sserung Quelle"},"content":{"rendered":"<div class=\"scc-wrapper detail-module module-productPackagingAndQuickDetail\" data-spm=\"prilinga1e\">\n<div class=\"widget-detail-overview\"><\/div>\n<\/div>\n<div class=\"scc-wrapper detail-module module-productSpecification\" data-spm=\"pronpeci14\">\n<div id=\"J-rich-text-description\" class=\"richtext richtext-detail rich-text-description\">\n<div class=\"table-responsive\">\n<table class=\"aliDataTable\">\n<tbody>\n<tr align=\"left\">\n<td valign=\"bottom\">NO<\/td>\n<td valign=\"bottom\">Artikel<\/td>\n<\/tr>\n<tr align=\"left\">\n<td valign=\"center\">1<\/td>\n<td valign=\"center\">MBR-Membran<\/td>\n<\/tr>\n<tr align=\"left\">\n<td valign=\"center\">2<\/td>\n<td valign=\"center\">MBR-Unterst\u00fctzung Frame<\/td>\n<\/tr>\n<tr align=\"left\">\n<td valign=\"center\">3<\/td>\n<td valign=\"center\">MBR-Sammelrohr<\/td>\n<\/tr>\n<tr align=\"left\">\n<td valign=\"center\">4<\/td>\n<td valign=\"center\">MBR-Hauptleitung<\/td>\n<\/tr>\n<tr align=\"left\">\n<td valign=\"center\">6<\/td>\n<td valign=\"center\">Selbstansaugende Pumpe<\/td>\n<\/tr>\n<tr align=\"left\">\n<td valign=\"center\">7<\/td>\n<td valign=\"center\">Schlammpumpe<\/td>\n<\/tr>\n<tr align=\"left\">\n<td valign=\"center\">8<\/td>\n<td valign=\"center\">Hebepumpe<\/td>\n<\/tr>\n<tr align=\"left\">\n<td valign=\"center\">10<\/td>\n<td valign=\"center\">R\u00fccksp\u00fcldosierpumpe<\/td>\n<\/tr>\n<tr align=\"left\">\n<td valign=\"center\">11<\/td>\n<td valign=\"center\">R\u00fccksp\u00fcl-Dosierbeh\u00e4lter<\/td>\n<\/tr>\n<tr align=\"left\">\n<td valign=\"center\">12<\/td>\n<td valign=\"center\">Desinfektionsmittel<\/p>\n<p>Dosierbeh\u00e4lter<\/td>\n<\/tr>\n<tr align=\"left\">\n<td valign=\"center\">13<\/td>\n<td valign=\"center\">Dosierpumpe<\/p>\n<p>&nbsp;<\/td>\n<\/tr>\n<tr align=\"left\">\n<td valign=\"center\">14<\/td>\n<td valign=\"center\">Gebl\u00e4se<\/td>\n<\/tr>\n<tr align=\"left\">\n<td valign=\"center\">15<\/td>\n<td valign=\"center\">Kontrollbox<\/td>\n<\/tr>\n<tr align=\"left\">\n<td valign=\"center\">16<\/td>\n<td valign=\"center\">Luftverteiler<\/td>\n<\/tr>\n<tr align=\"left\">\n<td valign=\"center\">17<\/td>\n<td valign=\"center\">Rohre&amp;Fittings<\/td>\n<\/tr>\n<tr align=\"left\">\n<td valign=\"center\">18<\/td>\n<td valign=\"center\">Integrierter Wassertank<\/td>\n<\/tr>\n<tr align=\"left\">\n<td valign=\"center\">19<\/td>\n<td valign=\"center\">Andere<\/td>\n<\/tr>\n<\/tbody>\n<\/table>\n<\/div>\n<p><strong>Wiederverwendung von Abwasser\/Baumbew\u00e4sserungsquelle\/Abwasser\/Wiederverwendung von Wasser\/Baumbew\u00e4sserungsquelle<\/strong><\/p>\n<\/div>\n<\/div>","protected":false},"excerpt":{"rendered":"<table>\n<thead>\n<tr>\n<th>Artikel<\/th>\n<th>Wert<\/th>\n<\/tr>\n<\/thead>\n<tbody>\n<tr>\n<td>Anwendbare Industrien<\/td>\n<td>Maschinenreparaturwerkst\u00e4tten, Lebensmittel- und Getr\u00e4nkefabrik, Bauarbeiten, Lebensmittel- und Getr\u00e4nkem\u00e4rkte<\/td>\n<\/tr>\n<tr>\n<td>Service nach der Garantie<\/td>\n<td>Online-Unterst\u00fctzung<\/td>\n<\/tr>\n<tr>\n<td>Lokaler Dienstort<\/td>\n<td>keine<\/td>\n<\/tr>\n<tr>\n<td>Standort des Ausstellungsraums<\/td>\n<td>keine<\/td>\n<\/tr>\n<tr>\n<td>Video-Ausgangsinspektion<\/td>\n<td>Zur Verf\u00fcgung gestellt<\/td>\n<\/tr>\n<tr>\n<td>Maschinen-Testbericht<\/td>\n<td>Zur Verf\u00fcgung gestellt<\/td>\n<\/tr>\n<tr>\n<td>Marketing-Typ<\/td>\n<td>Gew\u00f6hnliches Produkt<\/td>\n<\/tr>\n<tr>\n<td>Garantie f\u00fcr Kernkomponenten<\/td>\n<td>1 Jahr<\/td>\n<\/tr>\n<tr>\n<td>Kernkomponenten<\/td>\n<td>Pumpe<\/td>\n<\/tr>\n<tr>\n<td>Ort der Herkunft<\/td>\n<td>Guangdong, China<\/td>\n<\/tr>\n<tr>\n<td>Markenname<\/td>\n<td>Guangzhou Lvyuan<\/td>\n<\/tr>\n<tr>\n<td>Garantie<\/td>\n<td>1 Jahr<\/td>\n<\/tr>\n<tr>\n<td>After-Sales-Service<\/td>\n<td>Online-Unterst\u00fctzung<\/td>\n<\/tr>\n<tr>\n<td>Artikel<\/td>\n<td>MBR-Abwasseraufbereitungsanlage<\/td>\n<\/tr>\n<tr>\n<td>B\u00fcrgschaft<\/td>\n<td>Elektrisches Teil f\u00fcr ein Jahr<\/td>\n<\/tr>\n<tr>\n<td>Zertifizierung<\/td>\n<td>BV<\/td>\n<\/tr>\n<tr>\n<td>Technologietransfer 1<\/td>\n<td>Membrantrennverfahren<\/td>\n<\/tr>\n<tr>\n<td>Technologietransfer 2<\/td>\n<td>biologische Behandlungstechnik<\/td>\n<\/tr>\n<tr>\n<td>Technologietransfer 3<\/td>\n<td>Alpha-Membran-Modul<\/td>\n<\/tr>\n<tr>\n<td>dauerhaft<\/td>\n<td>Lange Lebensdauer<\/td>\n<\/tr>\n<tr>\n<td>Betrieb<\/td>\n<td>Einfach<\/td>\n<\/tr>\n<tr>\n<td>Wartung<\/td>\n<td>bequem<\/td>\n<\/tr>\n<tr>\n<td>Qualit\u00e4t<\/td>\n<td>hohes Niveau<\/td>\n<\/tr>\n<tr>\n<td>Lieferf\u00e4higkeit<\/td>\n<td>5 St\u00fcck\/St\u00fcck pro Monat<\/td>\n<\/tr>\n<tr>\n<td>Beschreibung des Produkts<\/td>\n<td>Integrierte MBR-Abwasseraufbereitungsanlage<\/td>\n<\/tr>\n<tr>\n<td>Anmeldung<\/td>\n<td>Abwasserwiederverwendung \/ Baumbew\u00e4sserungsquelle \/ Abwasserwiederverwendung \/ Baumbew\u00e4sserungsquelle<\/td>\n<\/tr>\n<tr>\n<td>Technische Parameter<\/td>\n<td>Abwasserwiederverwendung \/ Baumbew\u00e4sserungsquelle \/ Abwasserwiederverwendung \/ Baumbew\u00e4sserungsquelle<\/td>\n<\/tr>\n<\/tbody>\n<\/table>","protected":false},"featured_media":3651,"comment_status":"open","ping_status":"closed","template":"","meta":{"_gspb_post_css":""},"product_brand":[],"product_cat":[1147],"product_tag":[636,1151,1148,1149,1150,1136],"class_list":{"0":"post-3647","1":"product","2":"type-product","3":"status-publish","4":"has-post-thumbnail","6":"product_cat-waste-water-treatment-plant","7":"product_tag-industrial-water-treatment","8":"product_tag-reuse-water-filtration","9":"product_tag-sewage-reuse-water","10":"product_tag-tree-watering-source","11":"product_tag-wastewater-treatment-system","12":"product_tag-water-filter-locks","14":"first","15":"instock","16":"shipping-taxable","17":"product-type-simple"},"_links":{"self":[{"href":"https:\/\/lyfilter.com\/de\/wp-json\/wp\/v2\/product\/3647","targetHints":{"allow":["GET"]}}],"collection":[{"href":"https:\/\/lyfilter.com\/de\/wp-json\/wp\/v2\/product"}],"about":[{"href":"https:\/\/lyfilter.com\/de\/wp-json\/wp\/v2\/types\/product"}],"replies":[{"embeddable":true,"href":"https:\/\/lyfilter.com\/de\/wp-json\/wp\/v2\/comments?post=3647"}],"wp:featuredmedia":[{"embeddable":true,"href":"https:\/\/lyfilter.com\/de\/wp-json\/wp\/v2\/media\/3651"}],"wp:attachment":[{"href":"https:\/\/lyfilter.com\/de\/wp-json\/wp\/v2\/media?parent=3647"}],"wp:term":[{"taxonomy":"product_brand","embeddable":true,"href":"https:\/\/lyfilter.com\/de\/wp-json\/wp\/v2\/product_brand?post=3647"},{"taxonomy":"product_cat","embeddable":true,"href":"https:\/\/lyfilter.com\/de\/wp-json\/wp\/v2\/product_cat?post=3647"},{"taxonomy":"product_tag","embeddable":true,"href":"https:\/\/lyfilter.com\/de\/wp-json\/wp\/v2\/product_tag?post=3647"}],"curies":[{"name":"wp","href":"https:\/\/api.w.org\/{rel}","templated":true}]}}