{"id":3642,"date":"2026-04-02T09:17:12","date_gmt":"2026-04-02T09:17:12","guid":{"rendered":"https:\/\/lyfilter.com\/"},"modified":"2026-04-02T09:17:12","modified_gmt":"2026-04-02T09:17:12","slug":"efficient-sintered-plastic-filter-exporter-for-factory","status":"publish","type":"product","link":"https:\/\/lyfilter.com\/de\/efficient-sintered-plastic-filter-exporter-for-factory\/","title":{"rendered":"Effiziente gesinterte Kunststofffilter Exporteur f\u00fcr Fabrik"},"content":{"rendered":"<p>Dieser mikropor\u00f6se Filter aus Titan wurde f\u00fcr die Fl\u00fcssigkeitsfiltration entwickelt und bietet einen gleichm\u00e4\u00dfigen Durchfluss, Korrosionsbest\u00e4ndigkeit und stabile Ergebnisse. Er unterst\u00fctzt DOE-, 222-, 226- und Schraubanschl\u00fcsse und eignet sich somit f\u00fcr industrielle Verarbeitungslinien.<\/p>","protected":false},"excerpt":{"rendered":"<table>\n<thead>\n<tr>\n<th>Artikel<\/th>\n<th>Wert<\/th>\n<\/tr>\n<\/thead>\n<tbody>\n<tr>\n<td>Anwendbare Industrien<\/td>\n<td>Hotels, Bekleidungsgesch\u00e4fte, Baustoffgesch\u00e4fte, Fertigungsbetriebe, Maschinenreparaturwerkst\u00e4tten, Lebensmittel- und Getr\u00e4nkefabriken, Bauernh\u00f6fe, Restaurants, Haushalte, Einzelhandel, Lebensmittelgesch\u00e4fte, Druckereien, Bauunternehmen, Energie- und Bergbauunternehmen, Lebensmittel- und Getr\u00e4nkem\u00e4rkte, Werbeunternehmen<\/td>\n<\/tr>\n<tr>\n<td>Ort der Herkunft<\/td>\n<td>Guangdong, China<\/td>\n<\/tr>\n<tr>\n<td>Markenname<\/td>\n<td>Lvyuan \/ OEM<\/td>\n<\/tr>\n<tr>\n<td>Material<\/td>\n<td>als Anfrage<\/td>\n<\/tr>\n<tr>\n<td>Gewicht<\/td>\n<td>h\u00e4ngt vom tats\u00e4chlichen Produkt ab<\/td>\n<\/tr>\n<tr>\n<td>Gr\u00f6\u00dfe<\/td>\n<td>Personalisierung<\/td>\n<\/tr>\n<tr>\n<td>Strom<\/td>\n<td>0<\/td>\n<\/tr>\n<tr>\n<td>Garantie<\/td>\n<td>Nicht verf\u00fcgbar<\/td>\n<\/tr>\n<tr>\n<td>Name<\/td>\n<td>mikropor\u00f6se Filter aus Titan<\/td>\n<\/tr>\n<tr>\n<td>Mikron Rate<\/td>\n<td>0,1, 0,22, 0,45, 1 bis 60 Mikron<\/td>\n<\/tr>\n<tr>\n<td>L\u00e4nge<\/td>\n<td>5\u2033, 10\u2033, 20\u2033, 30\u2033, 40\u2033, OEM<\/td>\n<\/tr>\n<tr>\n<td>Durchmesser<\/td>\n<td>50, 60, 70, 80 mm<\/td>\n<\/tr>\n<tr>\n<td>Art der Verbindung<\/td>\n<td>DOE, SOE, Schraubentyp, 222, 226<\/td>\n<\/tr>\n<tr>\n<td>Verwendung<\/td>\n<td>Fl\u00fcssigkeitsfiltration<\/td>\n<\/tr>\n<tr>\n<td>Rohmaterial<\/td>\n<td>Reintitan 99,6%<\/td>\n<\/tr>\n<tr>\n<td>Art des Waschens<\/td>\n<td>Waschen des R\u00fcckens<\/td>\n<\/tr>\n<tr>\n<td>Zertifizierung<\/td>\n<td>SGS, ISO9001<\/td>\n<\/tr>\n<tr>\n<td>Filtergeh\u00e4use<\/td>\n<td>verf\u00fcgbar f\u00fcr Option<\/td>\n<\/tr>\n<tr>\n<td>After-Sales-Service<\/td>\n<td>Online-Unterst\u00fctzung<\/td>\n<\/tr>\n<tr>\n<td>Lieferf\u00e4higkeit<\/td>\n<td>5000 St\u00fcck\/St\u00fcck pro Woche Mikroporen-Titanfilter<\/td>\n<\/tr>\n<\/tbody>\n<\/table>","protected":false},"featured_media":3645,"comment_status":"open","ping_status":"closed","template":"","meta":{"_gspb_post_css":""},"product_brand":[],"product_cat":[24],"product_tag":[1145,1144,1143,1142,1146,1136],"class_list":{"0":"post-3642","1":"product","2":"type-product","3":"status-publish","4":"has-post-thumbnail","6":"product_cat-sintered-porous-plastic","7":"product_tag-222-226-code-filter","8":"product_tag-doe-titanium-filter","9":"product_tag-industrial-liquid-filter","10":"product_tag-micropore-titanium-filter","11":"product_tag-titanium-microporous-cartridge","12":"product_tag-water-filter-locks","14":"first","15":"instock","16":"shipping-taxable","17":"product-type-simple"},"_links":{"self":[{"href":"https:\/\/lyfilter.com\/de\/wp-json\/wp\/v2\/product\/3642","targetHints":{"allow":["GET"]}}],"collection":[{"href":"https:\/\/lyfilter.com\/de\/wp-json\/wp\/v2\/product"}],"about":[{"href":"https:\/\/lyfilter.com\/de\/wp-json\/wp\/v2\/types\/product"}],"replies":[{"embeddable":true,"href":"https:\/\/lyfilter.com\/de\/wp-json\/wp\/v2\/comments?post=3642"}],"wp:featuredmedia":[{"embeddable":true,"href":"https:\/\/lyfilter.com\/de\/wp-json\/wp\/v2\/media\/3645"}],"wp:attachment":[{"href":"https:\/\/lyfilter.com\/de\/wp-json\/wp\/v2\/media?parent=3642"}],"wp:term":[{"taxonomy":"product_brand","embeddable":true,"href":"https:\/\/lyfilter.com\/de\/wp-json\/wp\/v2\/product_brand?post=3642"},{"taxonomy":"product_cat","embeddable":true,"href":"https:\/\/lyfilter.com\/de\/wp-json\/wp\/v2\/product_cat?post=3642"},{"taxonomy":"product_tag","embeddable":true,"href":"https:\/\/lyfilter.com\/de\/wp-json\/wp\/v2\/product_tag?post=3642"}],"curies":[{"name":"wp","href":"https:\/\/api.w.org\/{rel}","templated":true}]}}