{"id":3626,"date":"2026-04-02T08:36:28","date_gmt":"2026-04-02T08:36:28","guid":{"rendered":"https:\/\/lyfilter.com\/"},"modified":"2026-04-02T08:38:27","modified_gmt":"2026-04-02T08:38:27","slug":"ss304-316l-stainless-steel-food-grade-filters-solid-and-liquid-filtration-system-of-beer-food-milk-beverage-processing-filter","status":"publish","type":"product","link":"https:\/\/lyfilter.com\/de\/ss304-316l-stainless-steel-food-grade-filters-solid-and-liquid-filtration-system-of-beer-food-milk-beverage-processing-filter\/","title":{"rendered":"SS304\/316L Edelstahlfilter f\u00fcr die Lebensmittelindustrie Fest- und Fl\u00fcssigkeitsfiltrationssystem f\u00fcr die Verarbeitung von Bier, Milch und Getr\u00e4nken"},"content":{"rendered":"<p>Dieses Filtersystem aus lebensmittelechtem Edelstahl wurde f\u00fcr den zuverl\u00e4ssigen t\u00e4glichen Gebrauch entwickelt und unterst\u00fctzt die reibungslose Verarbeitung von Bier, Milch und anderen Getr\u00e4nken. Sein sicheres Design, die robuste Verarbeitung und der gleichm\u00e4\u00dfige Durchfluss sorgen f\u00fcr eine saubere und gleichm\u00e4\u00dfige Fl\u00fcssigkeitsfiltration.<\/p>","protected":false},"excerpt":{"rendered":"<table>\n<thead>\n<tr>\n<th>Artikel<\/th>\n<th>Wert<\/th>\n<\/tr>\n<\/thead>\n<tbody>\n<tr>\n<td>Zustand<\/td>\n<td>Neu<\/td>\n<\/tr>\n<tr>\n<td>Anwendbare Industrien<\/td>\n<td>Hotels, Bekleidungsgesch\u00e4fte, Baustoffgesch\u00e4fte, Fertigungsbetriebe, Maschinenreparaturwerkst\u00e4tten, Lebensmittel- und Getr\u00e4nkefabriken, Bauernh\u00f6fe, Restaurants, Haushalte, Einzelhandel, Lebensmittelgesch\u00e4fte, Druckereien, Bauunternehmen, Energie- und Bergbauunternehmen, Lebensmittel- und Getr\u00e4nkem\u00e4rkte, Werbeunternehmen<\/td>\n<\/tr>\n<tr>\n<td>Service nach der Garantie<\/td>\n<td>Online-Unterst\u00fctzung<\/td>\n<\/tr>\n<tr>\n<td>Lokaler Dienstort<\/td>\n<td>keine<\/td>\n<\/tr>\n<tr>\n<td>Standort des Ausstellungsraums<\/td>\n<td>keine<\/td>\n<\/tr>\n<tr>\n<td>Ort der Herkunft<\/td>\n<td>Guangdong, China<\/td>\n<\/tr>\n<tr>\n<td>Markenname<\/td>\n<td>Lvyuan \/ OEM<\/td>\n<\/tr>\n<tr>\n<td>Garantie<\/td>\n<td>Nicht verf\u00fcgbar<\/td>\n<\/tr>\n<tr>\n<td>After-Sales-Service<\/td>\n<td>Online-Unterst\u00fctzung<\/td>\n<\/tr>\n<tr>\n<td>Name des Produkts<\/td>\n<td>lebensmittelechte Filter<\/td>\n<\/tr>\n<tr>\n<td>Geh\u00e4usewerkstoff<\/td>\n<td>ss304, sus 316, ss316L<\/td>\n<\/tr>\n<tr>\n<td>Anzahl Taschenfilter<\/td>\n<td>Einzelne oder mehrere Beutel nach Ma\u00df<\/td>\n<\/tr>\n<tr>\n<td>Gr\u00f6\u00dfe der Tasche<\/td>\n<td>180<em>450mm oder 180<\/em>810mm, andere<\/td>\n<\/tr>\n<tr>\n<td>Einlass &amp; Auslass Typ<\/td>\n<td>Flansch-\/Gewindeanschluss<\/td>\n<\/tr>\n<tr>\n<td>Filterbeutel Material<\/td>\n<td>PP, PE, kundenspezifisch<\/td>\n<\/tr>\n<tr>\n<td>Max. Betriebsdruck<\/td>\n<td>100\/150\/300 Psi<\/td>\n<\/tr>\n<tr>\n<td>Verwendung<\/td>\n<td>Fl\u00fcssigkeitsfiltration<\/td>\n<\/tr>\n<tr>\n<td>Nummer des Beutels<\/td>\n<td>#1, 2, 3, 4, 5, OEM<\/td>\n<\/tr>\n<tr>\n<td>Geh\u00e4use Clousure von<\/td>\n<td>Schnellbolzen, Schelle, Flansch<\/td>\n<\/tr>\n<tr>\n<td>Verkaufende Einheiten<\/td>\n<td>Einzelnes Element<\/td>\n<\/tr>\n<tr>\n<td>Einzelne Packungsgr\u00f6\u00dfe<\/td>\n<td>40X40X100 cm<\/td>\n<\/tr>\n<tr>\n<td>Einfaches Bruttogewicht<\/td>\n<td>40.000 kg<\/td>\n<\/tr>\n<tr>\n<td>Paket Typ<\/td>\n<td>SS304\/316L Edelstahl-Filter f\u00fcr Lebensmittel Fest- und Fl\u00fcssigfiltrationssystem f\u00fcr Bier-, Milch- und Getr\u00e4nkefilter Verpackung: Holzkiste oder Karton Das Angebot dient nur als Referenz, bitte z\u00f6gern Sie nicht, uns f\u00fcr die besten Preise zu kontaktieren. Danke.<\/td>\n<\/tr>\n<\/tbody>\n<\/table>","protected":false},"featured_media":3631,"comment_status":"open","ping_status":"closed","template":"","meta":{"_gspb_post_css":""},"product_brand":[],"product_cat":[1135],"product_tag":[1139,1138,1137,1140,80,1136],"class_list":{"0":"post-3626","1":"product","2":"type-product","3":"status-publish","4":"has-post-thumbnail","6":"product_cat-stainless-steel-bag-filter-housing","7":"product_tag-beer-filtration-system","8":"product_tag-beverage-processing-filter","9":"product_tag-food-grade-filter","10":"product_tag-milk-filtration-equipment","11":"product_tag-stainless-steel-filter","12":"product_tag-water-filter-locks","14":"first","15":"instock","16":"shipping-taxable","17":"product-type-simple"},"_links":{"self":[{"href":"https:\/\/lyfilter.com\/de\/wp-json\/wp\/v2\/product\/3626","targetHints":{"allow":["GET"]}}],"collection":[{"href":"https:\/\/lyfilter.com\/de\/wp-json\/wp\/v2\/product"}],"about":[{"href":"https:\/\/lyfilter.com\/de\/wp-json\/wp\/v2\/types\/product"}],"replies":[{"embeddable":true,"href":"https:\/\/lyfilter.com\/de\/wp-json\/wp\/v2\/comments?post=3626"}],"wp:featuredmedia":[{"embeddable":true,"href":"https:\/\/lyfilter.com\/de\/wp-json\/wp\/v2\/media\/3631"}],"wp:attachment":[{"href":"https:\/\/lyfilter.com\/de\/wp-json\/wp\/v2\/media?parent=3626"}],"wp:term":[{"taxonomy":"product_brand","embeddable":true,"href":"https:\/\/lyfilter.com\/de\/wp-json\/wp\/v2\/product_brand?post=3626"},{"taxonomy":"product_cat","embeddable":true,"href":"https:\/\/lyfilter.com\/de\/wp-json\/wp\/v2\/product_cat?post=3626"},{"taxonomy":"product_tag","embeddable":true,"href":"https:\/\/lyfilter.com\/de\/wp-json\/wp\/v2\/product_tag?post=3626"}],"curies":[{"name":"wp","href":"https:\/\/api.w.org\/{rel}","templated":true}]}}