{"id":3586,"date":"2026-04-01T09:46:04","date_gmt":"2026-04-01T09:46:04","guid":{"rendered":"https:\/\/lyfilter.com\/"},"modified":"2026-04-01T09:46:05","modified_gmt":"2026-04-01T09:46:05","slug":"spiral-wound-filter-cartridge-for-wire-wound-water-filters-element","status":"publish","type":"product","link":"https:\/\/lyfilter.com\/de\/spiral-wound-filter-cartridge-for-wire-wound-water-filters-element\/","title":{"rendered":"Spirale gewickelt Filterpatrone f\u00fcr Draht gewickelt Wasserfilter Element"},"content":{"rendered":"<p>Diese spiralf\u00f6rmig gewickelte Filterpatrone wurde f\u00fcr den praktischen Bedarf der Wasser- und Fl\u00fcssigkeitsaufbereitung entwickelt und bietet eine zuverl\u00e4ssige Schmutzaufnahmekapazit\u00e4t, eine stabile Filtrationseffizienz und eine lange Lebensdauer. Sie ist eine zuverl\u00e4ssige Wahl f\u00fcr industrielle und kommerzielle Filtrationssysteme.<\/p>","protected":false},"excerpt":{"rendered":"<table>\n<thead>\n<tr>\n<th>Artikel<\/th>\n<th>Einzelheiten<\/th>\n<\/tr>\n<\/thead>\n<tbody>\n<tr>\n<td>Ort der Herkunft<\/td>\n<td>Guangdong, China<\/td>\n<\/tr>\n<tr>\n<td>Markenname<\/td>\n<td>Lvyuan \/ OEM<\/td>\n<\/tr>\n<tr>\n<td>Modellnummer<\/td>\n<td>Baureihe LY-SW<\/td>\n<\/tr>\n<tr>\n<td>Name des Produkts<\/td>\n<td>fadengewickelte Filterpatrone<\/td>\n<\/tr>\n<tr>\n<td>Mikron Rate<\/td>\n<td>Filterpatrone mit 1, 3, 5 und 10 Mikron<\/td>\n<\/tr>\n<tr>\n<td>Material<\/td>\n<td>PP \/ Baumwolle \/ Glasfaser<\/td>\n<\/tr>\n<tr>\n<td>Innerer Kern<\/td>\n<td>PP oder rostfreier Stahl<\/td>\n<\/tr>\n<tr>\n<td>L\u00e4nge<\/td>\n<td>5\u2033, 10\u2033, 20\u2033, 30\u2033, 40\u2033, 50\u201d Zoll<\/td>\n<\/tr>\n<tr>\n<td>Material der Dichtung\/des Rings<\/td>\n<td>Silizium\/EPDM\/Viton<\/td>\n<\/tr>\n<tr>\n<td>Verwendung<\/td>\n<td>Fl\u00fcssigkeitsfilter, Wasserfilterteile<\/td>\n<\/tr>\n<tr>\n<td>Innendurchmesser<\/td>\n<td>28, 30 mm<\/td>\n<\/tr>\n<tr>\n<td>\u00c4u\u00dferer Durchmesser<\/td>\n<td>60~62mm, Jumbo 110~115mm<\/td>\n<\/tr>\n<tr>\n<td>Zertifizierung<\/td>\n<td>CE SGS ISO<\/td>\n<\/tr>\n<tr>\n<td>Lieferf\u00e4higkeit<\/td>\n<td>5000 St\u00fcck\/St\u00fcck pro Tag spiralgewickelte Filterpatrone<\/td>\n<\/tr>\n<\/tbody>\n<\/table>","protected":false},"featured_media":3589,"comment_status":"open","ping_status":"closed","template":"","meta":{"_gspb_post_css":""},"product_brand":[],"product_cat":[1095],"product_tag":[1100,1099,1096,1098,357,1097],"class_list":{"0":"post-3586","1":"product","2":"type-product","3":"status-publish","4":"has-post-thumbnail","6":"product_cat-string-wound-filter-cartridge","7":"product_tag-industrial-filter-element","8":"product_tag-liquid-filtration-cartridge","9":"product_tag-spiral-wound-filter-cartridge","10":"product_tag-string-wound-filter-cartridge","11":"product_tag-water-filter-cartridge","12":"product_tag-wire-wound-water-filter-element","14":"first","15":"instock","16":"shipping-taxable","17":"product-type-simple"},"_links":{"self":[{"href":"https:\/\/lyfilter.com\/de\/wp-json\/wp\/v2\/product\/3586","targetHints":{"allow":["GET"]}}],"collection":[{"href":"https:\/\/lyfilter.com\/de\/wp-json\/wp\/v2\/product"}],"about":[{"href":"https:\/\/lyfilter.com\/de\/wp-json\/wp\/v2\/types\/product"}],"replies":[{"embeddable":true,"href":"https:\/\/lyfilter.com\/de\/wp-json\/wp\/v2\/comments?post=3586"}],"wp:featuredmedia":[{"embeddable":true,"href":"https:\/\/lyfilter.com\/de\/wp-json\/wp\/v2\/media\/3589"}],"wp:attachment":[{"href":"https:\/\/lyfilter.com\/de\/wp-json\/wp\/v2\/media?parent=3586"}],"wp:term":[{"taxonomy":"product_brand","embeddable":true,"href":"https:\/\/lyfilter.com\/de\/wp-json\/wp\/v2\/product_brand?post=3586"},{"taxonomy":"product_cat","embeddable":true,"href":"https:\/\/lyfilter.com\/de\/wp-json\/wp\/v2\/product_cat?post=3586"},{"taxonomy":"product_tag","embeddable":true,"href":"https:\/\/lyfilter.com\/de\/wp-json\/wp\/v2\/product_tag?post=3586"}],"curies":[{"name":"wp","href":"https:\/\/api.w.org\/{rel}","templated":true}]}}