{"id":3576,"date":"2026-04-01T08:54:48","date_gmt":"2026-04-01T08:54:48","guid":{"rendered":"https:\/\/lyfilter.com\/"},"modified":"2026-04-01T08:54:48","modified_gmt":"2026-04-01T08:54:48","slug":"304-stainless-steel-filter-housing-liquid-cartridge-filter-housing-for-biodiese","status":"publish","type":"product","link":"https:\/\/lyfilter.com\/de\/304-stainless-steel-filter-housing-liquid-cartridge-filter-housing-for-biodiese\/","title":{"rendered":"304 Edelstahl-Filtergeh\u00e4use Fl\u00fcssigkeits-Kartuschenfiltergeh\u00e4use f\u00fcr Biodiesel"},"content":{"rendered":"<table>\n<thead>\n<tr>\n<th>Artikel<\/th>\n<th>Einzelheiten<\/th>\n<\/tr>\n<\/thead>\n<tbody>\n<tr>\n<td>Material<\/td>\n<td>Rostfreier Stahl<\/td>\n<\/tr>\n<tr>\n<td>Verf\u00fcgbarkeit<\/td>\n<td>OEM\/ODM<\/td>\n<\/tr>\n<\/tbody>\n<\/table>\n<p><strong>304\u00a0<a href=\"https:\/\/lyfilter.com\/de\/stainless-steel-filter-housing.html\/\">Filtergeh\u00e4use aus rostfreiem Stahl<\/a>\u00a0Fl\u00fcssigkeits-Patronenfiltergeh\u00e4use f\u00fcr Biodiesel<\/strong><\/p>\n<p>Das Geh\u00e4use des Fl\u00fcssigkeitsfilters besteht aus rostfreiem Stahl SUS316l oder SUS304, die Innen- und Au\u00dfenfl\u00e4chen sind geschliffen und poliert. Geringer Durchflusswiderstand, S\u00e4urebest\u00e4ndigkeit, Laugenbest\u00e4ndigkeit, Korrosionsbest\u00e4ndigkeit, einfache Reinigung und Desinfektion. Kann verschiedene montieren\u00a0<a href=\"https:\/\/lyfilter.com\/de\/products.html\/\">Filtereinsatz<\/a>s nach ihren Bed\u00fcrfnissen und erf\u00fcllen die Anforderungen der GMP f\u00fcr die Lebensmittel- und Pharmaindustrie. Die Filteranlage ist gut f\u00fcr die Lebensmittel- und Pharmaindustrie geeignet.<\/p>","protected":false},"excerpt":{"rendered":"<table>\n<thead>\n<tr>\n<th>Artikel<\/th>\n<th>Einzelheiten<\/th>\n<\/tr>\n<\/thead>\n<tbody>\n<tr>\n<td>Start Hafen<\/td>\n<td>Guangzhou<\/td>\n<\/tr>\n<tr>\n<td>Produktionskapazit\u00e4t<\/td>\n<td>10000 Einheiten\/Monat<\/td>\n<\/tr>\n<tr>\n<td>Ort der Herkunft<\/td>\n<td>Guangdong, China<\/td>\n<\/tr>\n<tr>\n<td>Zahlung<\/td>\n<td>T\/T, Alibaba Trade Assurance, paypal<\/td>\n<\/tr>\n<tr>\n<td>Lieferfrist<\/td>\n<td>Innerhalb von 7 Arbeitstagen<\/td>\n<\/tr>\n<tr>\n<td>Zertifizierung<\/td>\n<td>ISO 9001<\/td>\n<\/tr>\n<tr>\n<td>Marke<\/td>\n<td>OEM\/Lvyuan<\/td>\n<\/tr>\n<\/tbody>\n<\/table>","protected":false},"featured_media":3577,"comment_status":"open","ping_status":"closed","template":"","meta":{"_gspb_post_css":""},"product_brand":[],"product_cat":[15],"product_tag":[1085,1087,43,1089,1086,1088],"class_list":{"0":"post-3576","1":"product","2":"type-product","3":"status-publish","4":"has-post-thumbnail","6":"product_cat-stainless-steel-filter-housing","7":"product_tag-304-stainless-steel-filter-housing","8":"product_tag-biodiesel-filter-housing","9":"product_tag-corrosion-resistant-filter-housing","10":"product_tag-industrial-cartridge-housing","11":"product_tag-liquid-cartridge-filter-housing","12":"product_tag-stainless-steel-liquid-filter","14":"first","15":"instock","16":"shipping-taxable","17":"product-type-simple"},"_links":{"self":[{"href":"https:\/\/lyfilter.com\/de\/wp-json\/wp\/v2\/product\/3576","targetHints":{"allow":["GET"]}}],"collection":[{"href":"https:\/\/lyfilter.com\/de\/wp-json\/wp\/v2\/product"}],"about":[{"href":"https:\/\/lyfilter.com\/de\/wp-json\/wp\/v2\/types\/product"}],"replies":[{"embeddable":true,"href":"https:\/\/lyfilter.com\/de\/wp-json\/wp\/v2\/comments?post=3576"}],"wp:featuredmedia":[{"embeddable":true,"href":"https:\/\/lyfilter.com\/de\/wp-json\/wp\/v2\/media\/3577"}],"wp:attachment":[{"href":"https:\/\/lyfilter.com\/de\/wp-json\/wp\/v2\/media?parent=3576"}],"wp:term":[{"taxonomy":"product_brand","embeddable":true,"href":"https:\/\/lyfilter.com\/de\/wp-json\/wp\/v2\/product_brand?post=3576"},{"taxonomy":"product_cat","embeddable":true,"href":"https:\/\/lyfilter.com\/de\/wp-json\/wp\/v2\/product_cat?post=3576"},{"taxonomy":"product_tag","embeddable":true,"href":"https:\/\/lyfilter.com\/de\/wp-json\/wp\/v2\/product_tag?post=3576"}],"curies":[{"name":"wp","href":"https:\/\/api.w.org\/{rel}","templated":true}]}}