{"id":3569,"date":"2026-04-01T08:26:06","date_gmt":"2026-04-01T08:26:06","guid":{"rendered":"https:\/\/lyfilter.com\/"},"modified":"2026-04-01T08:26:06","modified_gmt":"2026-04-01T08:26:06","slug":"tri-clamp-10-20-30-inch-stainless-steel-steam-filter-housing-for-compressed-steam-air-gas-water-purifying","status":"publish","type":"product","link":"https:\/\/lyfilter.com\/de\/tri-clamp-10-20-30-inch-stainless-steel-steam-filter-housing-for-compressed-steam-air-gas-water-purifying\/","title":{"rendered":"Tri Clamp 10 20 30 Zoll Edelstahl-Dampffiltergeh\u00e4use f\u00fcr Druckdampf-Luft-Gas-Wasser-Reinigung"},"content":{"rendered":"<table>\n<thead>\n<tr>\n<th>Artikel<\/th>\n<th>Einzelheiten<\/th>\n<\/tr>\n<\/thead>\n<tbody>\n<tr>\n<td>Material<\/td>\n<td>Rostfreier Stahl<\/td>\n<\/tr>\n<tr>\n<td>Verf\u00fcgbarkeit<\/td>\n<td>OEM\/ODM<\/td>\n<\/tr>\n<\/tbody>\n<\/table>\n<p><strong><span class=\"\">Tri-Clamp 10 20 30 Zoll Edelstahl-Dampffiltergeh\u00e4use f\u00fcr Druckdampf-Luft-Gas-Wasser-Reinigung<\/span><\/strong><\/p>\n<ul>\n<li>Material und Konstruktion: Diese Filtergeh\u00e4use sind aus hochwertigem Edelstahl, z. B. 304 oder 316L-Edelstahl, gefertigt und gew\u00e4hrleisten Langlebigkeit und Korrosionsbest\u00e4ndigkeit;<\/li>\n<li>Endanschl\u00fcsse: Sie sind mit verschiedenen Endanschl\u00fcssen erh\u00e4ltlich, darunter NPT- (1\/2\u201d bis 2\u201d) und ASME 150-Flanschanschl\u00fcsse (2-1\/2\u201d bis 8\u201d), was Flexibilit\u00e4t bei der Installation und Kompatibilit\u00e4t mit verschiedenen Systemen bietet;<\/li>\n<li>Anwendungen: Edelstahl-Dampffiltergeh\u00e4use sind f\u00fcr die Aufbereitung von Druckluft, technischen Gasen und Dampf in hygienischen Anwendungen konzipiert und eignen sich daher f\u00fcr den Einsatz in Branchen wie der Pharma-, Lebensmittel- und Getr\u00e4nkeindustrie sowie f\u00fcr andere hygienische Anwendungen;<\/li>\n<li>Vielseitigkeit: Diese\u00a0<strong><a href=\"https:\/\/lyfilter.com\/de\/stainless-steel-filter-housing.html\/\">Filtergeh\u00e4use aus rostfreiem Stahl<\/a>s<\/strong>\u00a0eignen sich f\u00fcr die Filterung von Druckluft und Dampf und gew\u00e4hrleisten die Entfernung von Verunreinigungen und Schadstoffen, um den spezifischen Anforderungen der Anwendung gerecht zu werden;<\/li>\n<li>Sanit\u00e4re Anwendungen: Die Geh\u00e4use sind f\u00fcr den Einsatz im Sanit\u00e4rbereich konzipiert und gew\u00e4hrleisten die Reinheit und Sauberkeit der gefilterten Luft und des Dampfes, was in Branchen mit strengen Hygienestandards von entscheidender Bedeutung ist;<\/li>\n<li>Produktverf\u00fcgbarkeit: Diese\u00a0<strong>Tri-Clamp-Filtergeh\u00e4use<\/strong>\u00a0sind von verschiedenen Anbietern erh\u00e4ltlich und k\u00f6nnen in verschiedenen Gr\u00f6\u00dfen und Konfigurationen gefunden werden, um spezifische Filtrationsanforderungen zu erf\u00fcllen.<\/li>\n<\/ul>\n<p>Edelstahl-Dampffiltergeh\u00e4use sind wesentliche Komponenten zur Aufrechterhaltung der Reinheit und Qualit\u00e4t von Druckluft und Dampf in kritischen Anwendungen. Sie bieten eine zuverl\u00e4ssige Filtration und gew\u00e4hrleisten die Integrit\u00e4t der Prozesse, in denen sie eingesetzt werden.<\/p>","protected":false},"excerpt":{"rendered":"<table>\n<thead>\n<tr>\n<th>Artikel<\/th>\n<th>Einzelheiten<\/th>\n<\/tr>\n<\/thead>\n<tbody>\n<tr>\n<td>Start Hafen<\/td>\n<td>Guangzhou<\/td>\n<\/tr>\n<tr>\n<td>Produktionskapazit\u00e4t<\/td>\n<td>10000 Einheiten\/Monat<\/td>\n<\/tr>\n<tr>\n<td>Ort der Herkunft<\/td>\n<td>Guangdong, China<\/td>\n<\/tr>\n<tr>\n<td>Zahlung<\/td>\n<td>T\/T, Alibaba Handelsgarantie<\/td>\n<\/tr>\n<tr>\n<td>MOQ<\/td>\n<td>1 St\u00fcck<\/td>\n<\/tr>\n<tr>\n<td>Modell<\/td>\n<td>LY-FB<\/td>\n<\/tr>\n<tr>\n<td>Lieferfrist<\/td>\n<td>Innerhalb von 7 Arbeitstagen<\/td>\n<\/tr>\n<tr>\n<td>Zertifizierung<\/td>\n<td>ISO 9001<\/td>\n<\/tr>\n<tr>\n<td>Marke<\/td>\n<td>OEM\/Lvyuan<\/td>\n<\/tr>\n<\/tbody>\n<\/table>","protected":false},"featured_media":3570,"comment_status":"open","ping_status":"closed","template":"","meta":{"_gspb_post_css":""},"product_brand":[],"product_cat":[15],"product_tag":[1082,1081,1084,1079,1083,1080],"class_list":{"0":"post-3569","1":"product","2":"type-product","3":"status-publish","4":"has-post-thumbnail","6":"product_cat-stainless-steel-filter-housing","7":"product_tag-air-gas-water-filter-housing","8":"product_tag-compressed-steam-filter","9":"product_tag-industrial-filter-housing","10":"product_tag-stainless-steel-steam-filter-housing","11":"product_tag-steam-filtration-housing","12":"product_tag-tri-clamp-filter-housing","14":"first","15":"instock","16":"shipping-taxable","17":"product-type-simple"},"_links":{"self":[{"href":"https:\/\/lyfilter.com\/de\/wp-json\/wp\/v2\/product\/3569","targetHints":{"allow":["GET"]}}],"collection":[{"href":"https:\/\/lyfilter.com\/de\/wp-json\/wp\/v2\/product"}],"about":[{"href":"https:\/\/lyfilter.com\/de\/wp-json\/wp\/v2\/types\/product"}],"replies":[{"embeddable":true,"href":"https:\/\/lyfilter.com\/de\/wp-json\/wp\/v2\/comments?post=3569"}],"wp:featuredmedia":[{"embeddable":true,"href":"https:\/\/lyfilter.com\/de\/wp-json\/wp\/v2\/media\/3570"}],"wp:attachment":[{"href":"https:\/\/lyfilter.com\/de\/wp-json\/wp\/v2\/media?parent=3569"}],"wp:term":[{"taxonomy":"product_brand","embeddable":true,"href":"https:\/\/lyfilter.com\/de\/wp-json\/wp\/v2\/product_brand?post=3569"},{"taxonomy":"product_cat","embeddable":true,"href":"https:\/\/lyfilter.com\/de\/wp-json\/wp\/v2\/product_cat?post=3569"},{"taxonomy":"product_tag","embeddable":true,"href":"https:\/\/lyfilter.com\/de\/wp-json\/wp\/v2\/product_tag?post=3569"}],"curies":[{"name":"wp","href":"https:\/\/api.w.org\/{rel}","templated":true}]}}