{"id":3563,"date":"2026-04-01T07:37:52","date_gmt":"2026-04-01T07:37:52","guid":{"rendered":"https:\/\/lyfilter.com\/"},"modified":"2026-04-01T07:37:52","modified_gmt":"2026-04-01T07:37:52","slug":"resin-bonded-filter-cartridges-10-20-30-40-inch","status":"publish","type":"product","link":"https:\/\/lyfilter.com\/de\/resin-bonded-filter-cartridges-10-20-30-40-inch\/","title":{"rendered":"Kunstharzgebundene Filterpatronen 10 20 30 40 Zoll"},"content":{"rendered":"<table>\n<thead>\n<tr>\n<th>Artikel<\/th>\n<th>Einzelheiten<\/th>\n<\/tr>\n<\/thead>\n<tbody>\n<tr>\n<td>Gemeinsame Gr\u00f6\u00dfen<\/td>\n<td>L\u00e4nge: 5\u2033, 10\u2033, 20\u2033, 30\u2033, 40\u2033 (Anmerkung: 1 Zoll = 25,4 mm); Au\u00dfendurchmesser: etwa 65 \u00b1 1 mm, Innendurchmesser: etwa 28 \u00b1 1 mm<\/td>\n<\/tr>\n<tr>\n<td>Genauigkeit der Filterung<\/td>\n<td>1-100 \u03bcm (abh\u00e4ngig vom jeweiligen Modell)<\/td>\n<\/tr>\n<tr>\n<td>Durchflussmenge bei der Verarbeitung<\/td>\n<td>0,15-1,2 t\/h (proportional zur L\u00e4nge des Filterelements)<\/td>\n<\/tr>\n<tr>\n<td>Arbeitstemperatur<\/td>\n<td>-20 \u2103 bis 90 \u2103 (einige Modelle k\u00f6nnen hohen Temperaturen bis zu 100 \u2103 standhalten)<\/td>\n<\/tr>\n<tr>\n<td>Arbeitsdruck<\/td>\n<td>Maximal 0,2-0,6 MPa (\u00fcblicherweise in der Wasseraufbereitung verwendet); industrielle \u00d6lbehandlungsfilter k\u00f6nnen 21 MPa erreichen<\/td>\n<\/tr>\n<tr>\n<td>Porosit\u00e4t<\/td>\n<td>30% -35% (gesinterter Typ)<\/td>\n<\/tr>\n<tr>\n<td>Restchlorentfernungsrate<\/td>\n<td>&gt;96%<\/td>\n<\/tr>\n<tr>\n<td>Regenerationsverfahren<\/td>\n<td>Einweichen in ges\u00e4ttigter Natriumchloridl\u00f6sung zur Wiederherstellung der Aktivit\u00e4t<\/td>\n<\/tr>\n<tr>\n<td>Anwendbarer pH-Bereich<\/td>\n<td>Breite Anpassungsf\u00e4higkeit (je nach Harztyp)<\/td>\n<\/tr>\n<\/tbody>\n<\/table>","protected":false},"excerpt":{"rendered":"<table>\n<thead>\n<tr>\n<th>Artikel<\/th>\n<th>Einzelheiten<\/th>\n<\/tr>\n<\/thead>\n<tbody>\n<tr>\n<td>Start Hafen<\/td>\n<td>Nansha\/Huangpu<\/td>\n<\/tr>\n<tr>\n<td>Produktionskapazit\u00e4t<\/td>\n<td>10000St\u00fcck\/Monat<\/td>\n<\/tr>\n<tr>\n<td>Ort der Herkunft<\/td>\n<td>Guangdong<\/td>\n<\/tr>\n<tr>\n<td>Zahlung<\/td>\n<td>T\/T, Western Union, Alibaba Trade Assurance, paypal<\/td>\n<\/tr>\n<tr>\n<td>MOQ<\/td>\n<td>1 St\u00fcck<\/td>\n<\/tr>\n<tr>\n<td>Lieferfrist<\/td>\n<td>15-20 Tage<\/td>\n<\/tr>\n<tr>\n<td>Zertifizierung<\/td>\n<td>SGS<\/td>\n<\/tr>\n<tr>\n<td>Marke<\/td>\n<td>OEM\/Lvyuan<\/td>\n<\/tr>\n<\/tbody>\n<\/table>","protected":false},"featured_media":3568,"comment_status":"open","ping_status":"closed","template":"","meta":{"_gspb_post_css":""},"product_brand":[],"product_cat":[23],"product_tag":[730,1078,633,334,1077,357],"class_list":{"0":"post-3563","1":"product","2":"type-product","3":"status-publish","4":"has-post-thumbnail","6":"product_cat-pp-filter-cartridge","7":"product_tag-10-inch-filter-cartridge","8":"product_tag-20-inch-filter-cartridge","9":"product_tag-40-inch-filter-cartridge","10":"product_tag-industrial-water-filter","11":"product_tag-resin-bonded-filter-cartridge","12":"product_tag-water-filter-cartridge","14":"first","15":"instock","16":"shipping-taxable","17":"product-type-simple"},"_links":{"self":[{"href":"https:\/\/lyfilter.com\/de\/wp-json\/wp\/v2\/product\/3563","targetHints":{"allow":["GET"]}}],"collection":[{"href":"https:\/\/lyfilter.com\/de\/wp-json\/wp\/v2\/product"}],"about":[{"href":"https:\/\/lyfilter.com\/de\/wp-json\/wp\/v2\/types\/product"}],"replies":[{"embeddable":true,"href":"https:\/\/lyfilter.com\/de\/wp-json\/wp\/v2\/comments?post=3563"}],"wp:featuredmedia":[{"embeddable":true,"href":"https:\/\/lyfilter.com\/de\/wp-json\/wp\/v2\/media\/3568"}],"wp:attachment":[{"href":"https:\/\/lyfilter.com\/de\/wp-json\/wp\/v2\/media?parent=3563"}],"wp:term":[{"taxonomy":"product_brand","embeddable":true,"href":"https:\/\/lyfilter.com\/de\/wp-json\/wp\/v2\/product_brand?post=3563"},{"taxonomy":"product_cat","embeddable":true,"href":"https:\/\/lyfilter.com\/de\/wp-json\/wp\/v2\/product_cat?post=3563"},{"taxonomy":"product_tag","embeddable":true,"href":"https:\/\/lyfilter.com\/de\/wp-json\/wp\/v2\/product_tag?post=3563"}],"curies":[{"name":"wp","href":"https:\/\/api.w.org\/{rel}","templated":true}]}}