{"id":3541,"date":"2026-04-01T06:27:53","date_gmt":"2026-04-01T06:27:53","guid":{"rendered":"https:\/\/lyfilter.com\/"},"modified":"2026-04-01T06:27:53","modified_gmt":"2026-04-01T06:27:53","slug":"stainless-steel-micron-porous-pleated-filter-housing","status":"publish","type":"product","link":"https:\/\/lyfilter.com\/de\/stainless-steel-micron-porous-pleated-filter-housing\/","title":{"rendered":"Edelstahl Micron por\u00f6ses plissiertes Filtergeh\u00e4use"},"content":{"rendered":"<table>\n<thead>\n<tr>\n<th>Lieferf\u00e4higkeit<\/th>\n<th>1000000St\u00fcck\/Monat<\/th>\n<\/tr>\n<\/thead>\n<tbody>\n<tr>\n<td>Material<\/td>\n<td>Rostfreier Stahl<\/td>\n<\/tr>\n<tr>\n<td>Verf\u00fcgbarkeit<\/td>\n<td>OEM<\/td>\n<\/tr>\n<tr>\n<td>Produktname<\/td>\n<td>Edelstahl Micron por\u00f6ses plissiertes Filtergeh\u00e4use<\/td>\n<\/tr>\n<tr>\n<td>Beschreibung<\/td>\n<td>Der mikropor\u00f6se Filter ist eine neue Art von Filterausr\u00fcstung, die im In- und Ausland entwickelt wurde. Er kann Partikel und Bakterien \u00fcber 0,1um in Fl\u00fcssigkeiten und Gasen herausfiltern. Er hat die Vorteile einer hohen Filtrationsgenauigkeit, einer schnellen \u00dcbergangsgeschwindigkeit, einer geringen Adsorption, keiner Medienabgabe, einer S\u00e4ure- und Laugenkorrosionsbest\u00e4ndigkeit und einer einfachen Bedienung. Er findet breite Anwendung in der Medizin, der chemischen Industrie, der Elektronik, der Getr\u00e4nkeindustrie, der Obstweinindustrie, der biochemischen Wasseraufbereitung, dem Umweltschutz und anderen Branchen.<\/td>\n<\/tr>\n<\/tbody>\n<\/table>","protected":false},"excerpt":{"rendered":"<table>\n<thead>\n<tr>\n<th>Start Hafen<\/th>\n<th>Guangzhou<\/th>\n<\/tr>\n<\/thead>\n<tbody>\n<tr>\n<td>Produktionskapazit\u00e4t<\/td>\n<td>10000 Einheiten\/Monat<\/td>\n<\/tr>\n<tr>\n<td>Ort der Herkunft<\/td>\n<td>Guangdong, China<\/td>\n<\/tr>\n<tr>\n<td>Zahlung<\/td>\n<td>T\/T, Alibaba Handelsgarantie<\/td>\n<\/tr>\n<tr>\n<td>MOQ<\/td>\n<td>1 St\u00fcck<\/td>\n<\/tr>\n<tr>\n<td>Lieferfrist<\/td>\n<td>Innerhalb von 7 Arbeitstagen<\/td>\n<\/tr>\n<tr>\n<td>Zertifizierung<\/td>\n<td>ISO 9001<\/td>\n<\/tr>\n<tr>\n<td>Marke<\/td>\n<td>OEM\/Lvyuan<\/td>\n<\/tr>\n<\/tbody>\n<\/table>","protected":false},"featured_media":3543,"comment_status":"open","ping_status":"closed","template":"","meta":{"_gspb_post_css":""},"product_brand":[],"product_cat":[15],"product_tag":[1071,1069,1070,1067,1068,34],"class_list":{"0":"post-3541","1":"product","2":"type-product","3":"status-publish","4":"has-post-thumbnail","6":"product_cat-stainless-steel-filter-housing","7":"product_tag-corrosion-resistant-filter","8":"product_tag-industrial-filtration-housing","9":"product_tag-liquid-filtration-system","10":"product_tag-micron-porous-filter-housing","11":"product_tag-pleated-filter-housing","12":"product_tag-stainless-steel-filter-housing","14":"first","15":"instock","16":"shipping-taxable","17":"product-type-simple"},"_links":{"self":[{"href":"https:\/\/lyfilter.com\/de\/wp-json\/wp\/v2\/product\/3541","targetHints":{"allow":["GET"]}}],"collection":[{"href":"https:\/\/lyfilter.com\/de\/wp-json\/wp\/v2\/product"}],"about":[{"href":"https:\/\/lyfilter.com\/de\/wp-json\/wp\/v2\/types\/product"}],"replies":[{"embeddable":true,"href":"https:\/\/lyfilter.com\/de\/wp-json\/wp\/v2\/comments?post=3541"}],"wp:featuredmedia":[{"embeddable":true,"href":"https:\/\/lyfilter.com\/de\/wp-json\/wp\/v2\/media\/3543"}],"wp:attachment":[{"href":"https:\/\/lyfilter.com\/de\/wp-json\/wp\/v2\/media?parent=3541"}],"wp:term":[{"taxonomy":"product_brand","embeddable":true,"href":"https:\/\/lyfilter.com\/de\/wp-json\/wp\/v2\/product_brand?post=3541"},{"taxonomy":"product_cat","embeddable":true,"href":"https:\/\/lyfilter.com\/de\/wp-json\/wp\/v2\/product_cat?post=3541"},{"taxonomy":"product_tag","embeddable":true,"href":"https:\/\/lyfilter.com\/de\/wp-json\/wp\/v2\/product_tag?post=3541"}],"curies":[{"name":"wp","href":"https:\/\/api.w.org\/{rel}","templated":true}]}}