{"id":3519,"date":"2026-04-01T03:34:49","date_gmt":"2026-04-01T03:34:49","guid":{"rendered":"https:\/\/lyfilter.com\/"},"modified":"2026-04-01T03:39:20","modified_gmt":"2026-04-01T03:39:20","slug":"stainless-steel-high-pressure-filter-gas-filter","status":"publish","type":"product","link":"https:\/\/lyfilter.com\/de\/stainless-steel-high-pressure-filter-gas-filter\/","title":{"rendered":"Edelstahl-Hochdruckfilter Gasfilter"},"content":{"rendered":"<div class=\"unit-detail-html-tabs__content-attr\">\n<div class=\"unit-product-attrparam\">\n<div class=\"unit-product-attrparam__items row\">\n<div class=\"col-12 col-md-6\">\n<div class=\"unit-product-attrparam__item\">\n<div class=\"unit-product-attrparam__label\">\n<table>\n<thead>\n<tr>\n<th>Lieferf\u00e4higkeit<\/th>\n<th>1000000St\u00fcck\/Monat<\/th>\n<\/tr>\n<\/thead>\n<tbody>\n<tr>\n<td>Material<\/td>\n<td>Rostfreier Stahl<\/td>\n<\/tr>\n<tr>\n<td>Verf\u00fcgbarkeit<\/td>\n<td>OEM<\/td>\n<\/tr>\n<tr>\n<td>Produktname<\/td>\n<td>Edelstahl-Hochdruckfilter Gasfilter<\/td>\n<\/tr>\n<tr>\n<td>Beschreibung<\/td>\n<td>Hochdruckfilter werden zum Herausfiltern von festen und fl\u00fcssigen Verunreinigungen in Hochdruck-Druckluft verwendet. Hochdruckfilter eignen sich f\u00fcr das Herausfiltern von festen und fl\u00fcssigen Verunreinigungen in Hochdruck-Druckluft. Der Hochdruckfilter aus Aluminiumlegierung kann bis zu 50barg Druckluft verarbeiten, der Edelstahl-Hochdruckfilter bis zu 350barg Druckluft.<\/td>\n<\/tr>\n<\/tbody>\n<\/table>\n<\/div>\n<\/div>\n<\/div>\n<\/div>\n<\/div>\n<\/div>","protected":false},"excerpt":{"rendered":"<div class=\"unit-detail-tradeinfo__item\">\n<table>\n<thead>\n<tr>\n<th>Start Hafen<\/th>\n<th>Guangzhou<\/th>\n<\/tr>\n<\/thead>\n<tbody>\n<tr>\n<td>Produktionskapazit\u00e4t<\/td>\n<td>10000 Einheiten\/Monat<\/td>\n<\/tr>\n<tr>\n<td>Ort der Herkunft<\/td>\n<td>Guangdong, China<\/td>\n<\/tr>\n<tr>\n<td>Zahlung<\/td>\n<td>T\/T, Alibaba Trade Assurance, paypal<\/td>\n<\/tr>\n<tr>\n<td>MOQ<\/td>\n<td>1 St\u00fcck<\/td>\n<\/tr>\n<tr>\n<td>Lieferfrist<\/td>\n<td>Innerhalb von 7 Arbeitstagen<\/td>\n<\/tr>\n<tr>\n<td>Zertifizierung<\/td>\n<td>ISO 9001<\/td>\n<\/tr>\n<tr>\n<td>Marke<\/td>\n<td>OEM\/Lvyuan<\/td>\n<\/tr>\n<\/tbody>\n<\/table>\n<\/div>","protected":false},"featured_media":3529,"comment_status":"open","ping_status":"closed","template":"","meta":{"_gspb_post_css":""},"product_brand":[],"product_cat":[15],"product_tag":[1057,1056,1059,1058,1060,80],"class_list":{"0":"post-3519","1":"product","2":"type-product","3":"status-publish","4":"has-post-thumbnail","6":"product_cat-stainless-steel-filter-housing","7":"product_tag-compressed-air-filter","8":"product_tag-high-pressure-gas-filter","9":"product_tag-impurity-removal-filter","10":"product_tag-industrial-air-filtration","11":"product_tag-oem-air-filter","12":"product_tag-stainless-steel-filter","14":"first","15":"instock","16":"shipping-taxable","17":"product-type-simple"},"_links":{"self":[{"href":"https:\/\/lyfilter.com\/de\/wp-json\/wp\/v2\/product\/3519","targetHints":{"allow":["GET"]}}],"collection":[{"href":"https:\/\/lyfilter.com\/de\/wp-json\/wp\/v2\/product"}],"about":[{"href":"https:\/\/lyfilter.com\/de\/wp-json\/wp\/v2\/types\/product"}],"replies":[{"embeddable":true,"href":"https:\/\/lyfilter.com\/de\/wp-json\/wp\/v2\/comments?post=3519"}],"wp:featuredmedia":[{"embeddable":true,"href":"https:\/\/lyfilter.com\/de\/wp-json\/wp\/v2\/media\/3529"}],"wp:attachment":[{"href":"https:\/\/lyfilter.com\/de\/wp-json\/wp\/v2\/media?parent=3519"}],"wp:term":[{"taxonomy":"product_brand","embeddable":true,"href":"https:\/\/lyfilter.com\/de\/wp-json\/wp\/v2\/product_brand?post=3519"},{"taxonomy":"product_cat","embeddable":true,"href":"https:\/\/lyfilter.com\/de\/wp-json\/wp\/v2\/product_cat?post=3519"},{"taxonomy":"product_tag","embeddable":true,"href":"https:\/\/lyfilter.com\/de\/wp-json\/wp\/v2\/product_tag?post=3519"}],"curies":[{"name":"wp","href":"https:\/\/api.w.org\/{rel}","templated":true}]}}