{"id":2592,"date":"2026-01-08T07:13:58","date_gmt":"2026-01-08T07:13:58","guid":{"rendered":"https:\/\/lyfilter.com\/?post_type=product&#038;p=2592"},"modified":"2026-01-08T07:13:59","modified_gmt":"2026-01-08T07:13:59","slug":"ss-304-316-stainless-steel-filter-bag","status":"publish","type":"product","link":"https:\/\/lyfilter.com\/de\/ss-304-316-stainless-steel-filter-bag\/","title":{"rendered":"SS 304 316 Edelstahl-Filterbeutel"},"content":{"rendered":"<div class=\"unit-detail-html-tabs__content-attr\">\n<div class=\"unit-product-attrparam\">\n<div class=\"unit-product-attrparam__items row\">\n<div class=\"col-12 col-md-6\">\n<div class=\"unit-product-attrparam__item\">\n<div class=\"unit-product-attrparam__label\">\n<table>\n<thead>\n<tr>\n<th>Material<\/th>\n<th>Rostfreier Stahl<\/th>\n<\/tr>\n<\/thead>\n<tbody>\n<tr>\n<td>Verf\u00fcgbarkeit<\/td>\n<td>OEM<\/td>\n<\/tr>\n<\/tbody>\n<\/table>\n<\/div>\n<\/div>\n<\/div>\n<\/div>\n<\/div>\n<\/div>\n<div class=\"unit-detail-html-tabs__content-featuresAttr\"><\/div>\n<div class=\"unit-detail-html-tabs__content-html\">\n<p><strong>SS 304 316 Edelstahl-Filterbeutel<\/strong><\/p>\n<p>BEVORZUGTES FILTERMATERIAL AUS EDELSTAHL 304<\/p>\n<p>Der Edelstahl-Fittersack besteht aus nicht verformbarem, gesponnenem Edelstahl (SUS304 oder SUS316) und wird nach den vorgegebenen Spezifikationen zu einem Netz gewebt. Nach der W\u00e4rmebehandlung wird es zu einem monofilen Netz. Das Geflecht bildet eine glatte Oberfl\u00e4che, die leicht zu reinigen ist und wiederholt verwendet werden kann. Gleichzeitig ist es f\u00fcr die Filtration einiger Fl\u00fcssigkeiten mit hohem Verunreinigungsgehalt geeignet, was die Kosten der Filtration reduziert.<\/p>\n<p>HILFSSTOFFE VON H\u00d6CHSTER QUALIT\u00c4T<\/p>\n<p>Qualitativ hochwertiges Zubeh\u00f6r ist eine unabdingbare Voraussetzung f\u00fcr die Herstellung von guten Filterbeuteln. Nur durch unsere strenge Kontrolle der Lieferanten kann qualitativ hochwertiges Zubeh\u00f6r ausgew\u00e4hlt werden, und nur nachdem es die Fluoreszenz- und Weichmachertests bestanden hat, kann es zur Herstellung von Filterbeuteln verwendet werden.<\/p>\n<p><img decoding=\"async\" src=\"https:\/\/img.yfisher.com\/m6076\/1725732616tgn\/jpg70-t3-scale100.webp\" alt=\"SS 304 316 Edelstahl-Filterbeutel 2\" data-lazy=\"2\" title=\"\"><\/p>\n<p><img decoding=\"async\" src=\"https:\/\/img.yfisher.com\/m6076\/1725732616e42\/jpg70-t3-scale100.webp\" alt=\"SS 304 316 Edelstahl-Filterbeutel 3\" data-lazy=\"2\" title=\"\"><\/p>\n<p><img decoding=\"async\" src=\"https:\/\/img.yfisher.com\/m6076\/1725732616srt\/jpg70-t3-scale100.webp\" alt=\"SS 304 316 Edelstahl-Filterbeutel 4\" data-lazy=\"2\" title=\"\"><\/p>\n<p><img decoding=\"async\" src=\"https:\/\/img.yfisher.com\/m6076\/1725732616e74\/jpg70-t3-scale100.webp\" alt=\"SS 304 316 Edelstahl-Filterbeutel 5\" data-lazy=\"2\" title=\"\"><\/p>\n<p><img decoding=\"async\" src=\"https:\/\/img.yfisher.com\/m6076\/1725732616zjv\/jpg70-t3-scale100.webp\" alt=\"SS 304 316 Edelstahl-Filterbeutel 6\" data-lazy=\"2\" title=\"\"><\/p>\n<\/div>","protected":false},"excerpt":{"rendered":"<p>Material Stainless Steel Availability OEM SS 304 316 Stainless Steel Filter Bag PREFERRED 304 STAINLESS STEEL FILTER MATERIAL The stainiess steel fiter bag is made of non-deformable stainless steel spun SUS304 or SUS316 material and woven into a mesh according to the specified specifications, After heat setting, it becomes a monofilament mesh. The weaving constitutes [&hellip;]<\/p>\n","protected":false},"featured_media":2594,"comment_status":"open","ping_status":"closed","template":"","meta":{"_gspb_post_css":""},"product_brand":[],"product_cat":[1054],"product_tag":[],"class_list":{"0":"post-2592","1":"product","2":"type-product","3":"status-publish","4":"has-post-thumbnail","6":"product_cat-filter-bag","8":"first","9":"instock","10":"shipping-taxable","11":"product-type-simple"},"_links":{"self":[{"href":"https:\/\/lyfilter.com\/de\/wp-json\/wp\/v2\/product\/2592","targetHints":{"allow":["GET"]}}],"collection":[{"href":"https:\/\/lyfilter.com\/de\/wp-json\/wp\/v2\/product"}],"about":[{"href":"https:\/\/lyfilter.com\/de\/wp-json\/wp\/v2\/types\/product"}],"replies":[{"embeddable":true,"href":"https:\/\/lyfilter.com\/de\/wp-json\/wp\/v2\/comments?post=2592"}],"wp:featuredmedia":[{"embeddable":true,"href":"https:\/\/lyfilter.com\/de\/wp-json\/wp\/v2\/media\/2594"}],"wp:attachment":[{"href":"https:\/\/lyfilter.com\/de\/wp-json\/wp\/v2\/media?parent=2592"}],"wp:term":[{"taxonomy":"product_brand","embeddable":true,"href":"https:\/\/lyfilter.com\/de\/wp-json\/wp\/v2\/product_brand?post=2592"},{"taxonomy":"product_cat","embeddable":true,"href":"https:\/\/lyfilter.com\/de\/wp-json\/wp\/v2\/product_cat?post=2592"},{"taxonomy":"product_tag","embeddable":true,"href":"https:\/\/lyfilter.com\/de\/wp-json\/wp\/v2\/product_tag?post=2592"}],"curies":[{"name":"wp","href":"https:\/\/api.w.org\/{rel}","templated":true}]}}