{"id":2576,"date":"2026-01-07T06:26:09","date_gmt":"2026-01-07T06:26:09","guid":{"rendered":"https:\/\/lyfilter.com\/?post_type=product&#038;p=2576"},"modified":"2026-01-07T06:26:09","modified_gmt":"2026-01-07T06:26:09","slug":"40-inch-high-flow-cartridge-filter","status":"publish","type":"product","link":"https:\/\/lyfilter.com\/de\/40-inch-high-flow-cartridge-filter\/","title":{"rendered":"40-Zoll-Patronenfilter mit hohem Durchfluss"},"content":{"rendered":"<div id=\"unit-F8cEncbNNJWsYsB\" class=\"\">\n<div class=\"ce-text_item\">\n<div class=\"ce-text\">\n<h1>Spezifikationen f\u00fcr High Flow-Kerzenfilter<\/h1>\n<\/div>\n<\/div>\n<\/div>\n<div id=\"unit-VjZsqUwLb5aYN8l\" class=\"\">\n<div class=\"ce-text_item\">\n<div class=\"ce-text\">\n<p>Lvyuan-Kerzenfilter mit hohem Durchfluss sind in einer Reihe von Filtrationspr\u00e4zisionen von 1 \u00b5m bis 100 \u00b5m erh\u00e4ltlich, um verschiedene Filtrationsanforderungen zu erf\u00fcllen. Zu den L\u00e4ngenoptionen geh\u00f6ren 20\u2033, 40\u2033 und 60\u2033, wobei eine kundenspezifische Produktion m\u00f6glich ist, um Ihre spezifischen Anforderungen zu erf\u00fcllen.<\/p>\n<p>&nbsp;<\/p>\n<p>Wir k\u00f6nnen Produktfotos, Zeichnungen, Spezifikationen und Muster in verschiedenen Sprachen zur Verf\u00fcgung stellen. Die Auftr\u00e4ge werden innerhalb der erforderlichen Vorlaufzeit ausgef\u00fchrt.<\/p>\n<\/div>\n<\/div>\n<\/div>","protected":false},"excerpt":{"rendered":"<table>\n<thead>\n<tr>\n<th>Start Hafen<\/th>\n<th>Guangzhou<\/th>\n<\/tr>\n<\/thead>\n<tbody>\n<tr>\n<td>Produktionskapazit\u00e4t<\/td>\n<td>10000Stk\/Monat<\/td>\n<\/tr>\n<tr>\n<td>Ort der Herkunft<\/td>\n<td>Guangzhou<\/td>\n<\/tr>\n<tr>\n<td>Zahlung<\/td>\n<td>T\/T, Western Union, Alibaba Trade Assurance, paypal<\/td>\n<\/tr>\n<tr>\n<td>MOQ<\/td>\n<td>10<\/td>\n<\/tr>\n<tr>\n<td>Lieferfrist<\/td>\n<td>innerhalb von 7 Tagen<\/td>\n<\/tr>\n<tr>\n<td>Zertifizierung<\/td>\n<td>GS<\/td>\n<\/tr>\n<tr>\n<td>Marke<\/td>\n<td>OEM<\/td>\n<\/tr>\n<\/tbody>\n<\/table>","protected":false},"featured_media":2585,"comment_status":"open","ping_status":"closed","template":"","meta":{"_gspb_post_css":""},"product_brand":[],"product_cat":[17,20],"product_tag":[980,279,981,266,259,971],"class_list":{"0":"post-2576","1":"product","2":"type-product","3":"status-publish","4":"has-post-thumbnail","6":"product_cat-sediment-filter","7":"product_cat-high-flow-filter-cartridge","8":"product_tag-10000pc-month","9":"product_tag-alibaba-trade-assurance","10":"product_tag-gs","11":"product_tag-guangzhou","12":"product_tag-oem","13":"product_tag-western-union","15":"first","16":"instock","17":"shipping-taxable","18":"product-type-simple"},"_links":{"self":[{"href":"https:\/\/lyfilter.com\/de\/wp-json\/wp\/v2\/product\/2576","targetHints":{"allow":["GET"]}}],"collection":[{"href":"https:\/\/lyfilter.com\/de\/wp-json\/wp\/v2\/product"}],"about":[{"href":"https:\/\/lyfilter.com\/de\/wp-json\/wp\/v2\/types\/product"}],"replies":[{"embeddable":true,"href":"https:\/\/lyfilter.com\/de\/wp-json\/wp\/v2\/comments?post=2576"}],"wp:featuredmedia":[{"embeddable":true,"href":"https:\/\/lyfilter.com\/de\/wp-json\/wp\/v2\/media\/2585"}],"wp:attachment":[{"href":"https:\/\/lyfilter.com\/de\/wp-json\/wp\/v2\/media?parent=2576"}],"wp:term":[{"taxonomy":"product_brand","embeddable":true,"href":"https:\/\/lyfilter.com\/de\/wp-json\/wp\/v2\/product_brand?post=2576"},{"taxonomy":"product_cat","embeddable":true,"href":"https:\/\/lyfilter.com\/de\/wp-json\/wp\/v2\/product_cat?post=2576"},{"taxonomy":"product_tag","embeddable":true,"href":"https:\/\/lyfilter.com\/de\/wp-json\/wp\/v2\/product_tag?post=2576"}],"curies":[{"name":"wp","href":"https:\/\/api.w.org\/{rel}","templated":true}]}}