{"id":2570,"date":"2026-01-07T06:23:26","date_gmt":"2026-01-07T06:23:26","guid":{"rendered":"https:\/\/lyfilter.com\/?post_type=product&#038;p=2570"},"modified":"2026-01-07T06:23:26","modified_gmt":"2026-01-07T06:23:26","slug":"high-performance-sanitary-filter-housings-in-stainless-steel-2","status":"publish","type":"product","link":"https:\/\/lyfilter.com\/de\/high-performance-sanitary-filter-housings-in-stainless-steel-2\/","title":{"rendered":"Hochleistungsf\u00e4hige Sanit\u00e4rfiltergeh\u00e4use aus Edelstahl"},"content":{"rendered":"<div class=\"unit-detail-html-tabs__content-attr\">\n<div class=\"unit-product-attrparam\">\n<div class=\"unit-product-attrparam__items row\">\n<div class=\"col-12 col-md-6\">\n<div class=\"unit-product-attrparam__item\">\n<div class=\"unit-product-attrparam__label\">\n<table>\n<thead>\n<tr>\n<th>Material<\/th>\n<th>Rostfreier Stahl<\/th>\n<\/tr>\n<\/thead>\n<tbody>\n<tr>\n<td>Verf\u00fcgbarkeit<\/td>\n<td>OEM\/ODM<\/td>\n<\/tr>\n<\/tbody>\n<\/table>\n<\/div>\n<\/div>\n<\/div>\n<\/div>\n<\/div>\n<\/div>\n<div class=\"unit-detail-html-tabs__content-featuresAttr\"><\/div>\n<div class=\"unit-detail-html-tabs__content-html\">\n<div id=\"module-74E4U0f4f3b0a\">\n<div class=\"ce-d-flex ce-flex-wrap\">\n<div class=\"ce-col-12\">\n<div id=\"unit-zzuNfqHeIMdKBT5\">\n<div class=\"ce-text_item\">\n<div class=\"ce-text\" data-qb-tmp-id=\"lt-270764\" data-gramm=\"false\">\n<div>\n<div class=\"ce-d-flex ce-flex-wrap\">\n<div class=\"ce-col-12\">\n<div id=\"unit-adi8SlZ2NA87g7x\">\n<div class=\"ce-text_item\">\n<div class=\"ce-text\">\n<p><strong>Hochleistungsf\u00e4hige Sanit\u00e4rfiltergeh\u00e4use aus Edelstahl<\/strong><\/p>\n<p>&nbsp;<\/p>\n<p>Merkmale f\u00fcr Sanit\u00e4rfiltergeh\u00e4use aus Edelstahl<\/p>\n<ul>\n<li>Hygienisches Design: Unsere Sanit\u00e4rfiltergeh\u00e4use aus Edelstahl sind mit einem hygienischen Design versehen, das sicherstellt, dass der Filtrationsprozess die Reinheit Ihrer Produkte bewahrt.<\/li>\n<li>Korrosionsbest\u00e4ndigkeit: Die aus hochwertigem Edelstahl gefertigten Geh\u00e4use bieten eine au\u00dfergew\u00f6hnliche Korrosionsbest\u00e4ndigkeit und sind daher ideal f\u00fcr den Einsatz in anspruchsvollen Umgebungen.<\/li>\n<li>Leichte Reinigung: Die glatten und polierten Oberfl\u00e4chen unserer Sanit\u00e4rfiltergeh\u00e4use erleichtern die Reinigung und erm\u00f6glichen eine schnelle und effiziente Wartung.<\/li>\n<li>Lebensmittelgeeignetes Material: Unsere aus lebensmittelechtem Edelstahl gefertigten Filtergeh\u00e4use entsprechen den Industriestandards und eignen sich daher f\u00fcr Anwendungen in der Lebensmittel- und Getr\u00e4nkeindustrie.<\/li>\n<li>Anpassbare Optionen: Passen Sie diese Filtergeh\u00e4use an Ihre spezifischen Anforderungen an. W\u00e4hlen Sie aus verschiedenen Gr\u00f6\u00dfen, Konfigurationen und Anschlussarten, um Ihren Filtrationsanforderungen gerecht zu werden.<\/li>\n<li>Integrit\u00e4t der Dichtung: Die Geh\u00e4usekonstruktion gew\u00e4hrleistet eine sichere Abdichtung, die Leckagen oder Verunreinigungen w\u00e4hrend des Filtrationsprozesses verhindert.<\/li>\n<li>Einhaltung von Normen: Unsere Sanit\u00e4rfiltergeh\u00e4use entsprechen den Industrienormen und -vorschriften, so dass Sie sich auf die Produktsicherheit und -qualit\u00e4t verlassen k\u00f6nnen.<\/li>\n<li>Breites Spektrum an Anwendungen: Ob in der Pharmazie, der Kosmetik, der Lebensmittelverarbeitung oder in anderen Branchen, diese\u00a0<a href=\"https:\/\/lyfilter.com\/de\/stainless-steel-filter-housing.html\/\">Filtergeh\u00e4use aus rostfreiem Stahl<\/a>s bieten vielseitige und zuverl\u00e4ssige Filtrationsl\u00f6sungen.<\/li>\n<li>Langlebige Konstruktion: Mit ihrer robusten Konstruktion und den langlebigen Materialien sind unsere Sanit\u00e4rfiltergeh\u00e4use f\u00fcr den Dauerbetrieb in anspruchsvollen Umgebungen ausgelegt.<\/li>\n<li>Einfache Installation: Diese Filtergeh\u00e4use sind f\u00fcr eine benutzerfreundliche Installation konzipiert und verf\u00fcgen \u00fcber Funktionen, die den Einrichtungsprozess vereinfachen und minimale Ausfallzeiten f\u00fcr Ihren Betrieb gew\u00e4hrleisten.<\/li>\n<\/ul>\n<\/div>\n<\/div>\n<\/div>\n<\/div>\n<\/div>\n<\/div>\n<\/div>\n<\/div>\n<\/div>\n<\/div>\n<\/div>\n<\/div>\n<\/div>","protected":false},"excerpt":{"rendered":"<table>\n<thead>\n<tr>\n<th>Start Hafen<\/th>\n<th>Guangzhou<\/th>\n<\/tr>\n<\/thead>\n<tbody>\n<tr>\n<td>Produktionskapazit\u00e4t<\/td>\n<td>10000 Einheiten\/Monat<\/td>\n<\/tr>\n<tr>\n<td>Ort der Herkunft<\/td>\n<td>Guangdong, China<\/td>\n<\/tr>\n<tr>\n<td>Zahlung<\/td>\n<td>T\/T, Western Union, paypal<\/td>\n<\/tr>\n<tr>\n<td>MOQ<\/td>\n<td>1 St\u00fcck<\/td>\n<\/tr>\n<tr>\n<td>Modell<\/td>\n<td>LY-FB<\/td>\n<\/tr>\n<tr>\n<td>Lieferfrist<\/td>\n<td>Innerhalb von 7 Arbeitstagen<\/td>\n<\/tr>\n<tr>\n<td>Zertifizierung<\/td>\n<td>ISO 9001<\/td>\n<\/tr>\n<tr>\n<td>Marke<\/td>\n<td>OEM\/Lvyuan<\/td>\n<\/tr>\n<\/tbody>\n<\/table>","protected":false},"featured_media":2577,"comment_status":"open","ping_status":"closed","template":"","meta":{"_gspb_post_css":""},"product_brand":[],"product_cat":[15],"product_tag":[261,266,260,258,282,971],"class_list":{"0":"post-2570","1":"product","2":"type-product","3":"status-publish","4":"has-post-thumbnail","6":"product_cat-stainless-steel-filter-housing","7":"product_tag-guangdong-china","8":"product_tag-guangzhou","9":"product_tag-iso-9001","10":"product_tag-ly-fb","11":"product_tag-oem-lvyuan","12":"product_tag-western-union","14":"first","15":"instock","16":"shipping-taxable","17":"product-type-simple"},"_links":{"self":[{"href":"https:\/\/lyfilter.com\/de\/wp-json\/wp\/v2\/product\/2570","targetHints":{"allow":["GET"]}}],"collection":[{"href":"https:\/\/lyfilter.com\/de\/wp-json\/wp\/v2\/product"}],"about":[{"href":"https:\/\/lyfilter.com\/de\/wp-json\/wp\/v2\/types\/product"}],"replies":[{"embeddable":true,"href":"https:\/\/lyfilter.com\/de\/wp-json\/wp\/v2\/comments?post=2570"}],"wp:featuredmedia":[{"embeddable":true,"href":"https:\/\/lyfilter.com\/de\/wp-json\/wp\/v2\/media\/2577"}],"wp:attachment":[{"href":"https:\/\/lyfilter.com\/de\/wp-json\/wp\/v2\/media?parent=2570"}],"wp:term":[{"taxonomy":"product_brand","embeddable":true,"href":"https:\/\/lyfilter.com\/de\/wp-json\/wp\/v2\/product_brand?post=2570"},{"taxonomy":"product_cat","embeddable":true,"href":"https:\/\/lyfilter.com\/de\/wp-json\/wp\/v2\/product_cat?post=2570"},{"taxonomy":"product_tag","embeddable":true,"href":"https:\/\/lyfilter.com\/de\/wp-json\/wp\/v2\/product_tag?post=2570"}],"curies":[{"name":"wp","href":"https:\/\/api.w.org\/{rel}","templated":true}]}}