{"id":2569,"date":"2026-01-07T06:18:33","date_gmt":"2026-01-07T06:18:33","guid":{"rendered":"https:\/\/lyfilter.com\/?post_type=product&#038;p=2569"},"modified":"2026-01-07T06:18:33","modified_gmt":"2026-01-07T06:18:33","slug":"various-sizes-porous-hydrophobic-ptfe-sensor-filters","status":"publish","type":"product","link":"https:\/\/lyfilter.com\/de\/various-sizes-porous-hydrophobic-ptfe-sensor-filters\/","title":{"rendered":"Por\u00f6se hydrophobe PTFE-Sensorfilter in verschiedenen Gr\u00f6\u00dfen"},"content":{"rendered":"<div class=\"unit-detail-html-tabs__content-attr\">\n<div class=\"unit-product-attrparam\">\n<div class=\"unit-product-attrparam__items row\">\n<div class=\"col-12 col-md-6\">\n<div class=\"unit-product-attrparam__item\">\n<div class=\"unit-product-attrparam__label\">\n<table>\n<thead>\n<tr>\n<th>Lieferf\u00e4higkeit<\/th>\n<th>1000000St\u00fcck\/Monat<\/th>\n<\/tr>\n<\/thead>\n<tbody>\n<tr>\n<td>Material<\/td>\n<td>PE<\/td>\n<\/tr>\n<tr>\n<td>Verf\u00fcgbarkeit<\/td>\n<td>OEM\/ODM<\/td>\n<\/tr>\n<\/tbody>\n<\/table>\n<\/div>\n<\/div>\n<\/div>\n<\/div>\n<\/div>\n<\/div>\n<div class=\"unit-detail-html-tabs__content-featuresAttr\"><\/div>\n<div class=\"unit-detail-html-tabs__content-html\">\n<p><strong>OEM verschiedene Gr\u00f6\u00dfen Por\u00f6se hydrophobe PTFE-Sensorfilter\u00a0<\/strong><\/p>\n<ul>\n<li>PTFE wird in der Wasserfiltration eingesetzt, z. B. in hydrophoben PTFE-Membranen, die Luft und Gase ungehindert passieren lassen, w\u00e4hrend sie das Eindringen von fl\u00fcssigem Wasser, Staub und anderen Verunreinigungen verhindern.<\/li>\n<li>Es ist in verschiedenen Porengr\u00f6\u00dfen erh\u00e4ltlich, darunter 0,05\u03bcm, 0,1\u03bcm, 0,22\u03bcm, 0,45\u03bcm, 1,0\u03bcm, 3,0\u03bcm, 5,0\u03bcm und 10,0\u03bcm.<\/li>\n<li>Geeignet zum Filtern von Mikroorganismen, Dampf und allen Arten von \u00e4tzenden Fl\u00fcssigkeiten.<\/li>\n<li>Es kann mit Ethanol oder Isopropanol behandelt werden, um es hydrophil zu machen, so dass es zur Filtration w\u00e4ssriger L\u00f6sungen verwendet werden kann.<\/li>\n<li>Das von MS gelieferte Material hat eine Porengr\u00f6\u00dfe von 0,05\u03bcm bis 10\u03bcm und ist in verschiedenen Breiten erh\u00e4ltlich.<\/li>\n<\/ul>\n<form id=\"form1\" action=\"http:\/\/admin.allweyes.com\/admin\/cms\/addok\" method=\"post\" name=\"form1\">\n<div id=\"foot-fixed\" class=\"clearfix  dl-horizontal form-group mt20 foot-fixed\">\n<div>\n<div class=\"clearfix\"><span class=\"data-integrity ml5 pull-left\"><span class=\"text mr5\">\u8d44\u6599\u5b8c\u6574\u6027<\/span>\u00a0<span class=\"numbox\"><span class=\"dataFilled\">2<\/span>\/<span class=\"dataRequired\">2<\/span><\/span><\/span><\/div>\n<\/div>\n<\/div>\n<\/form>\n<p><img decoding=\"async\" title=\"hydrophobe Filter\" src=\"https:\/\/img.yfisher.com\/m6076\/17257328172vy\/jpg70-t3-scale100.webp\" alt=\"hydrophobe Filter\" border=\"0\" vspace=\"0\" data-lazy=\"2\" \/><\/p>\n<\/div>","protected":false},"excerpt":{"rendered":"<table>\n<thead>\n<tr>\n<th>Start Hafen<\/th>\n<th>Guangzhou<\/th>\n<\/tr>\n<\/thead>\n<tbody>\n<tr>\n<td>Produktionskapazit\u00e4t<\/td>\n<td>10000 Einheiten\/Monat<\/td>\n<\/tr>\n<tr>\n<td>Ort der Herkunft<\/td>\n<td>Guangdong, China<\/td>\n<\/tr>\n<tr>\n<td>Zahlung<\/td>\n<td>T\/T, Alibaba Trade Assurance, paypal<\/td>\n<\/tr>\n<tr>\n<td>MOQ<\/td>\n<td>1 St\u00fcck<\/td>\n<\/tr>\n<tr>\n<td>Modell<\/td>\n<td>LY-FB<\/td>\n<\/tr>\n<tr>\n<td>Lieferfrist<\/td>\n<td>Innerhalb von 7 Arbeitstagen<\/td>\n<\/tr>\n<tr>\n<td>Zertifizierung<\/td>\n<td>ISO 9001<\/td>\n<\/tr>\n<tr>\n<td>Marke<\/td>\n<td>OEM\/Lvyuan<\/td>\n<\/tr>\n<\/tbody>\n<\/table>","protected":false},"featured_media":2566,"comment_status":"open","ping_status":"closed","template":"","meta":{"_gspb_post_css":""},"product_brand":[],"product_cat":[24],"product_tag":[279,261,266,260,258,282],"class_list":{"0":"post-2569","1":"product","2":"type-product","3":"status-publish","4":"has-post-thumbnail","6":"product_cat-sintered-porous-plastic","7":"product_tag-alibaba-trade-assurance","8":"product_tag-guangdong-china","9":"product_tag-guangzhou","10":"product_tag-iso-9001","11":"product_tag-ly-fb","12":"product_tag-oem-lvyuan","14":"first","15":"instock","16":"shipping-taxable","17":"product-type-simple"},"_links":{"self":[{"href":"https:\/\/lyfilter.com\/de\/wp-json\/wp\/v2\/product\/2569","targetHints":{"allow":["GET"]}}],"collection":[{"href":"https:\/\/lyfilter.com\/de\/wp-json\/wp\/v2\/product"}],"about":[{"href":"https:\/\/lyfilter.com\/de\/wp-json\/wp\/v2\/types\/product"}],"replies":[{"embeddable":true,"href":"https:\/\/lyfilter.com\/de\/wp-json\/wp\/v2\/comments?post=2569"}],"wp:featuredmedia":[{"embeddable":true,"href":"https:\/\/lyfilter.com\/de\/wp-json\/wp\/v2\/media\/2566"}],"wp:attachment":[{"href":"https:\/\/lyfilter.com\/de\/wp-json\/wp\/v2\/media?parent=2569"}],"wp:term":[{"taxonomy":"product_brand","embeddable":true,"href":"https:\/\/lyfilter.com\/de\/wp-json\/wp\/v2\/product_brand?post=2569"},{"taxonomy":"product_cat","embeddable":true,"href":"https:\/\/lyfilter.com\/de\/wp-json\/wp\/v2\/product_cat?post=2569"},{"taxonomy":"product_tag","embeddable":true,"href":"https:\/\/lyfilter.com\/de\/wp-json\/wp\/v2\/product_tag?post=2569"}],"curies":[{"name":"wp","href":"https:\/\/api.w.org\/{rel}","templated":true}]}}