{"id":2563,"date":"2026-01-07T06:21:22","date_gmt":"2026-01-07T06:21:22","guid":{"rendered":"https:\/\/lyfilter.com\/?post_type=product&#038;p=2563"},"modified":"2026-01-07T06:21:23","modified_gmt":"2026-01-07T06:21:23","slug":"30-inch-pp-melt-blown-activated-carbon-water-filter-cartridge","status":"publish","type":"product","link":"https:\/\/lyfilter.com\/de\/30-inch-pp-melt-blown-activated-carbon-water-filter-cartridge\/","title":{"rendered":"30 Zoll PP schmelzgeblasene Aktivkohle-Wasserfilterpatrone"},"content":{"rendered":"<div class=\"unit-detail-html-tabs__content-attr\">\n<div class=\"unit-product-attrparam\">\n<div class=\"unit-product-attrparam__items row\">\n<div class=\"col-12 col-md-6\">\n<div class=\"unit-product-attrparam__item\">\n<div class=\"unit-product-attrparam__label\">\n<table>\n<thead>\n<tr>\n<th>Lieferf\u00e4higkeit<\/th>\n<th>1000St\u00fcck\/Monat<\/th>\n<\/tr>\n<\/thead>\n<tbody>\n<tr>\n<td>Material<\/td>\n<td>Rostfreier Stahl<\/td>\n<\/tr>\n<tr>\n<td>Verf\u00fcgbarkeit<\/td>\n<td>OEM\/ODM<\/td>\n<\/tr>\n<\/tbody>\n<\/table>\n<\/div>\n<\/div>\n<\/div>\n<\/div>\n<\/div>\n<\/div>\n<div class=\"unit-detail-html-tabs__content-html\">\n<p><strong>30 Zoll PP schmelzgeblasen und Aktivkohle Wasserfilterpatrone<\/strong><\/p>\n<p>PP schmelzgeblasen und\u00a0<strong>Aktivkohle-Wasserfilterpatrone<\/strong>\u00a0sind wesentliche Bestandteile von Wasserfiltersystemen, die dazu dienen, Verunreinigungen und Schadstoffe aus dem Wasser zu entfernen. Hier finden Sie einige Spezifikationen zu PP-Meltblown- und Aktivkohle-Wasserfilterkartuschen, die auf den Suchergebnissen basieren:<\/p>\n<ul>\n<li>Mikron-Bereich: Erh\u00e4ltlich in verschiedenen Mikrometerbereichen, einschlie\u00dflich 1, 5, 10, 25, 50, 75 und 100 Mikrometer<\/li>\n<li>L\u00e4nge: In verschiedenen L\u00e4ngen erh\u00e4ltlich, darunter 5\u2033, 9,75\u2033, 9,8\u2033, 10\u2033, 20\u2033, 30\u2033, 40\u2033, 50\u2033, 60\u2033 und 70\u2033.<\/li>\n<li>Wirkungsgrad: Nennleistung mit 85% Schadstoffabscheidegrad<\/li>\n<li>Filtrationsgrad: Erh\u00e4ltlich in verschiedenen Filterfeinheiten, einschlie\u00dflich 1\u03bcm, 5\u03bcm, 10\u03bcm, 25\u03bcm, 30\u03bcm, 50\u03bcm, 75\u03bcm und 100\u03bcm4<\/li>\n<li>Endkappe: Erh\u00e4ltlich in verschiedenen Ausf\u00fchrungen, einschlie\u00dflich DOE, 222\/Flat(SOE), 222\/Fin(SOE), 226\/Flat(SOE) und 226\/Fin(SOE)<\/li>\n<\/ul>\n<\/div>","protected":false},"excerpt":{"rendered":"<table>\n<thead>\n<tr>\n<th>Start Hafen<\/th>\n<th>Guangzhou<\/th>\n<\/tr>\n<\/thead>\n<tbody>\n<tr>\n<td>Produktionskapazit\u00e4t<\/td>\n<td>10000 Einheiten\/Monat<\/td>\n<\/tr>\n<tr>\n<td>Ort der Herkunft<\/td>\n<td>Guangdong, China<\/td>\n<\/tr>\n<tr>\n<td>Zahlung<\/td>\n<td>T\/T, Western Union, Alibaba Handelsgarantie<\/td>\n<\/tr>\n<tr>\n<td>MOQ<\/td>\n<td>1 St\u00fcck<\/td>\n<\/tr>\n<tr>\n<td>Modell<\/td>\n<td>LY-FB<\/td>\n<\/tr>\n<tr>\n<td>Lieferfrist<\/td>\n<td>Innerhalb von 7 Arbeitstagen<\/td>\n<\/tr>\n<tr>\n<td>Zertifizierung<\/td>\n<td>ISO 9001<\/td>\n<\/tr>\n<tr>\n<td>Marke<\/td>\n<td>OEM\/Lvyuan<\/td>\n<\/tr>\n<\/tbody>\n<\/table>","protected":false},"featured_media":2571,"comment_status":"open","ping_status":"closed","template":"","meta":{"_gspb_post_css":""},"product_brand":[],"product_cat":[17,19],"product_tag":[279,261,266,260,258,971],"class_list":{"0":"post-2563","1":"product","2":"type-product","3":"status-publish","4":"has-post-thumbnail","6":"product_cat-sediment-filter","7":"product_cat-melt-blown-filter-cartridge","8":"product_tag-alibaba-trade-assurance","9":"product_tag-guangdong-china","10":"product_tag-guangzhou","11":"product_tag-iso-9001","12":"product_tag-ly-fb","13":"product_tag-western-union","15":"first","16":"instock","17":"shipping-taxable","18":"product-type-simple"},"_links":{"self":[{"href":"https:\/\/lyfilter.com\/de\/wp-json\/wp\/v2\/product\/2563","targetHints":{"allow":["GET"]}}],"collection":[{"href":"https:\/\/lyfilter.com\/de\/wp-json\/wp\/v2\/product"}],"about":[{"href":"https:\/\/lyfilter.com\/de\/wp-json\/wp\/v2\/types\/product"}],"replies":[{"embeddable":true,"href":"https:\/\/lyfilter.com\/de\/wp-json\/wp\/v2\/comments?post=2563"}],"wp:featuredmedia":[{"embeddable":true,"href":"https:\/\/lyfilter.com\/de\/wp-json\/wp\/v2\/media\/2571"}],"wp:attachment":[{"href":"https:\/\/lyfilter.com\/de\/wp-json\/wp\/v2\/media?parent=2563"}],"wp:term":[{"taxonomy":"product_brand","embeddable":true,"href":"https:\/\/lyfilter.com\/de\/wp-json\/wp\/v2\/product_brand?post=2563"},{"taxonomy":"product_cat","embeddable":true,"href":"https:\/\/lyfilter.com\/de\/wp-json\/wp\/v2\/product_cat?post=2563"},{"taxonomy":"product_tag","embeddable":true,"href":"https:\/\/lyfilter.com\/de\/wp-json\/wp\/v2\/product_tag?post=2563"}],"curies":[{"name":"wp","href":"https:\/\/api.w.org\/{rel}","templated":true}]}}