{"id":2549,"date":"2026-01-07T06:14:53","date_gmt":"2026-01-07T06:14:53","guid":{"rendered":"https:\/\/lyfilter.com\/?post_type=product&#038;p=2549"},"modified":"2026-01-07T06:14:54","modified_gmt":"2026-01-07T06:14:54","slug":"lvyuan-manufacturer-stainless-steel-wire-mesh-for-filters-strainers-and-separations","status":"publish","type":"product","link":"https:\/\/lyfilter.com\/de\/lvyuan-manufacturer-stainless-steel-wire-mesh-for-filters-strainers-and-separations\/","title":{"rendered":"Lvyuan Hersteller Edelstahldrahtgeflecht f\u00fcr Filter, Siebe und Trennungen"},"content":{"rendered":"<div class=\"unit-detail-html-tabs__content-attr\">\n<div class=\"unit-product-attrparam\">\n<div class=\"unit-product-attrparam__items row\">\n<div class=\"col-12 col-md-6\">\n<div class=\"unit-product-attrparam__item\">\n<div class=\"unit-product-attrparam__label\">\n<table>\n<thead>\n<tr>\n<th>Lieferf\u00e4higkeit<\/th>\n<th>1000000St\u00fcck\/Monat<\/th>\n<\/tr>\n<\/thead>\n<tbody>\n<tr>\n<td>Material<\/td>\n<td>pe<\/td>\n<\/tr>\n<tr>\n<td>Verf\u00fcgbarkeit<\/td>\n<td>OEM\/ODM<\/td>\n<\/tr>\n<\/tbody>\n<\/table>\n<\/div>\n<\/div>\n<\/div>\n<\/div>\n<\/div>\n<\/div>\n<div class=\"unit-detail-html-tabs__content-html\">\n<p><strong>Lvyuan Hersteller Edelstahldrahtgeflecht f\u00fcr Filter, Siebe und Trennungen<\/strong><\/p>\n<p>&nbsp;<\/p>\n<p>Unser Edelstahldrahtgewebe ist ideal f\u00fcr Filter, Siebe und Trennanwendungen, bei denen Festigkeit, chemische Best\u00e4ndigkeit und pr\u00e4zise \u00d6ffnungen erforderlich sind:<\/p>\n<p>- Hergestellt aus rostfreiem Stahl 304 oder 316 f\u00fcr Korrosionsbest\u00e4ndigkeit;<\/p>\n<p>- Enge Maschen\u00f6ffnungen von 10 Mikron bis zu 4 mm f\u00fcr die Filtration feiner Partikel;<\/p>\n<p>- Einfarbige quadratische oder gezwirnte holl\u00e4ndische Bindung verf\u00fcgbar;<\/p>\n<p>- H\u00e4lt hohen Dr\u00fccken und Temperaturen bis zu 500\u00b0C stand;<\/p>\n<p>- Verhindern Sie Verstopfungen durch die glatte, nicht absorbierende Drahtoberfl\u00e4che; ;<\/p>\n<p>- Ma\u00dfgeschneiderte Gewebe f\u00fcr Ihren speziellen Bedarf an Partikel- oder Molekulartrennung sind erh\u00e4ltlich;<\/p>\n<p>- Erh\u00e4ltlich in Form von Platten, Rollen, Scheiben und St\u00e4ben, passend f\u00fcr Ihr Filtergeh\u00e4use;<\/p>\n<p>- Erf\u00fcllt die sanit\u00e4ren Anforderungen f\u00fcr die Filtration von Lebensmitteln, Pharmazeutika und Chemikalien;<\/p>\n<p>Mit ihrer hervorragenden chemischen Vertr\u00e4glichkeit und ihren Reinigungseigenschaften \u00fcbertreffen unsere Edelstahldrahtgewebe andere Filtermedien. Erfahren Sie noch heute mehr \u00fcber unsere Edelstahldrahtgewebe in Filtrationsqualit\u00e4t!<\/p>\n<\/div>","protected":false},"excerpt":{"rendered":"<table>\n<thead>\n<tr>\n<th>Produktionskapazit\u00e4t<\/th>\n<th>10000 Einheiten\/Monat<\/th>\n<\/tr>\n<\/thead>\n<tbody>\n<tr>\n<td>Ort der Herkunft<\/td>\n<td>Guangdong, China<\/td>\n<\/tr>\n<tr>\n<td>Zahlung<\/td>\n<td>T\/T, Western Union, Alibaba Handelsgarantie<\/td>\n<\/tr>\n<tr>\n<td>MOQ<\/td>\n<td>1 St\u00fcck<\/td>\n<\/tr>\n<tr>\n<td>Modell<\/td>\n<td>LY-FB<\/td>\n<\/tr>\n<tr>\n<td>Lieferfrist<\/td>\n<td>Innerhalb von 7 Arbeitstagen<\/td>\n<\/tr>\n<tr>\n<td>Zertifizierung<\/td>\n<td>ISO 9001<\/td>\n<\/tr>\n<tr>\n<td>Marke<\/td>\n<td>OEM\/Lvyuan<\/td>\n<\/tr>\n<tr>\n<td>Start Hafen<\/td>\n<td>Guangzhou<\/td>\n<\/tr>\n<\/tbody>\n<\/table>","protected":false},"featured_media":2558,"comment_status":"open","ping_status":"closed","template":"","meta":{"_gspb_post_css":""},"product_brand":[],"product_cat":[17,18],"product_tag":[279,266,260,258,282,971],"class_list":{"0":"post-2549","1":"product","2":"type-product","3":"status-publish","4":"has-post-thumbnail","6":"product_cat-sediment-filter","7":"product_cat-sintered-metal-filters","8":"product_tag-alibaba-trade-assurance","9":"product_tag-guangzhou","10":"product_tag-iso-9001","11":"product_tag-ly-fb","12":"product_tag-oem-lvyuan","13":"product_tag-western-union","15":"first","16":"instock","17":"shipping-taxable","18":"product-type-simple"},"_links":{"self":[{"href":"https:\/\/lyfilter.com\/de\/wp-json\/wp\/v2\/product\/2549","targetHints":{"allow":["GET"]}}],"collection":[{"href":"https:\/\/lyfilter.com\/de\/wp-json\/wp\/v2\/product"}],"about":[{"href":"https:\/\/lyfilter.com\/de\/wp-json\/wp\/v2\/types\/product"}],"replies":[{"embeddable":true,"href":"https:\/\/lyfilter.com\/de\/wp-json\/wp\/v2\/comments?post=2549"}],"wp:featuredmedia":[{"embeddable":true,"href":"https:\/\/lyfilter.com\/de\/wp-json\/wp\/v2\/media\/2558"}],"wp:attachment":[{"href":"https:\/\/lyfilter.com\/de\/wp-json\/wp\/v2\/media?parent=2549"}],"wp:term":[{"taxonomy":"product_brand","embeddable":true,"href":"https:\/\/lyfilter.com\/de\/wp-json\/wp\/v2\/product_brand?post=2549"},{"taxonomy":"product_cat","embeddable":true,"href":"https:\/\/lyfilter.com\/de\/wp-json\/wp\/v2\/product_cat?post=2549"},{"taxonomy":"product_tag","embeddable":true,"href":"https:\/\/lyfilter.com\/de\/wp-json\/wp\/v2\/product_tag?post=2549"}],"curies":[{"name":"wp","href":"https:\/\/api.w.org\/{rel}","templated":true}]}}