{"id":2542,"date":"2026-01-07T06:12:36","date_gmt":"2026-01-07T06:12:36","guid":{"rendered":"https:\/\/lyfilter.com\/?post_type=product&#038;p=2542"},"modified":"2026-01-07T06:14:07","modified_gmt":"2026-01-07T06:14:07","slug":"sintered-ptfe-filter-elements-high-purity-filtration-solutions","status":"publish","type":"product","link":"https:\/\/lyfilter.com\/de\/sintered-ptfe-filter-elements-high-purity-filtration-solutions\/","title":{"rendered":"Gesinterte PTFE-Filterelemente - Hochreine Filtrationsl\u00f6sungen"},"content":{"rendered":"<div class=\"unit-detail-html-tabs__content-attr\">\n<div class=\"unit-product-attrparam\">\n<div class=\"unit-product-attrparam__items row\">\n<div class=\"col-12 col-md-6\">\n<div class=\"unit-product-attrparam__item\">\n<div class=\"unit-product-attrparam__label\">\n<table>\n<thead>\n<tr>\n<th>Lieferf\u00e4higkeit<\/th>\n<th>1000000St\u00fcck\/Monat<\/th>\n<\/tr>\n<\/thead>\n<tbody>\n<tr>\n<td>Material<\/td>\n<td>pe<\/td>\n<\/tr>\n<tr>\n<td>Verf\u00fcgbarkeit<\/td>\n<td>OEM\/ODM<\/td>\n<\/tr>\n<\/tbody>\n<\/table>\n<\/div>\n<\/div>\n<\/div>\n<\/div>\n<\/div>\n<\/div>\n<div class=\"unit-detail-html-tabs__content-featuresAttr\"><\/div>\n<div class=\"unit-detail-html-tabs__content-html\">\n<p>Gesinterte PTFE-Filterelemente - Hochreine Filtrationsl\u00f6sungen<\/p>\n<ul>\n<li>Hergestellt aus reinem Polytetrafluorethylen (PTFE)-Harz;<\/li>\n<li>Enth\u00e4lt eine por\u00f6se gesinterte PTFE-Membran mit kontrollierter Porengr\u00f6\u00dfe;<\/li>\n<li>Erh\u00e4ltlich in Feinheitsgraden von 0,1 \u03bcm bis 10 \u03bcm f\u00fcr die Filtration feiner Partikel;<\/li>\n<li>Extrem hohes Hohlraumvolumen bis zu 90% erm\u00f6glicht hohe Durchflussraten;<\/li>\n<li>Ausgezeichnete chemische Best\u00e4ndigkeit gegen fast alle \u00e4tzenden Chemikalien;<\/li>\n<li>H\u00e4lt Dauerbetrieb bis zu 500\u00b0F und Spitzen bis zu 600\u00b0F stand;<\/li>\n<li>Breiter pH-Bereich von 1 bis 14, einschlie\u00dflich stark saurer und alkalischer Bedingungen;<\/li>\n<li>Hohe wasserabweisende und antihaftbeschichtete Oberfl\u00e4che f\u00fcr einfache Reinigung;<\/li>\n<li>Hohe Schmutzaufnahmekapazit\u00e4t aufgrund der por\u00f6sen Struktur;<\/li>\n<li>Geringer Gehalt an extrahierbaren Stoffen, die den FDA-Standards entsprechen;<\/li>\n<li>Hohe mechanische Festigkeit und Formbest\u00e4ndigkeit;<\/li>\n<li>Gro\u00dfe Auswahl an Beschl\u00e4gen und Hardware-Konfigurationen;<\/li>\n<li>Kann wiederholt in-situ dampfsterilisiert werden;<\/li>\n<li>Ideal f\u00fcr kritische Anwendungen wie Halbleiterproduktionslinien, Pharmazeutika usw.<\/li>\n<\/ul>\n<p><img decoding=\"async\" src=\"https:\/\/img.yfisher.com\/m6076\/172573280017x\/jpg70-t3-scale100.webp\" alt=\"Gesinterte PTFE-Filterelemente - Hochreine Filtrationsl\u00f6sungen 6\" data-lazy=\"2\" title=\"\"><\/p>\n<\/div>","protected":false},"excerpt":{"rendered":"<table>\n<thead>\n<tr>\n<th>Start Hafen<\/th>\n<th>Guangzhou<\/th>\n<\/tr>\n<\/thead>\n<tbody>\n<tr>\n<td>Ort der Herkunft<\/td>\n<td>Guangdong, China<\/td>\n<\/tr>\n<tr>\n<td>Zahlung<\/td>\n<td>T\/T, Alibaba Trade Assurance, paypal<\/td>\n<\/tr>\n<tr>\n<td>MOQ<\/td>\n<td>1 St\u00fcck<\/td>\n<\/tr>\n<tr>\n<td>Modell<\/td>\n<td>LY-FB<\/td>\n<\/tr>\n<tr>\n<td>Lieferfrist<\/td>\n<td>Innerhalb von 7 Arbeitstagen<\/td>\n<\/tr>\n<tr>\n<td>Zertifizierung<\/td>\n<td>ISO 9001<\/td>\n<\/tr>\n<tr>\n<td>Marke<\/td>\n<td>OEM\/Lvyuan<\/td>\n<\/tr>\n<\/tbody>\n<\/table>","protected":false},"featured_media":2551,"comment_status":"open","ping_status":"closed","template":"","meta":{"_gspb_post_css":""},"product_brand":[],"product_cat":[24],"product_tag":[279,261,266,260,258,282],"class_list":{"0":"post-2542","1":"product","2":"type-product","3":"status-publish","4":"has-post-thumbnail","6":"product_cat-sintered-porous-plastic","7":"product_tag-alibaba-trade-assurance","8":"product_tag-guangdong-china","9":"product_tag-guangzhou","10":"product_tag-iso-9001","11":"product_tag-ly-fb","12":"product_tag-oem-lvyuan","14":"first","15":"instock","16":"shipping-taxable","17":"product-type-simple"},"_links":{"self":[{"href":"https:\/\/lyfilter.com\/de\/wp-json\/wp\/v2\/product\/2542","targetHints":{"allow":["GET"]}}],"collection":[{"href":"https:\/\/lyfilter.com\/de\/wp-json\/wp\/v2\/product"}],"about":[{"href":"https:\/\/lyfilter.com\/de\/wp-json\/wp\/v2\/types\/product"}],"replies":[{"embeddable":true,"href":"https:\/\/lyfilter.com\/de\/wp-json\/wp\/v2\/comments?post=2542"}],"wp:featuredmedia":[{"embeddable":true,"href":"https:\/\/lyfilter.com\/de\/wp-json\/wp\/v2\/media\/2551"}],"wp:attachment":[{"href":"https:\/\/lyfilter.com\/de\/wp-json\/wp\/v2\/media?parent=2542"}],"wp:term":[{"taxonomy":"product_brand","embeddable":true,"href":"https:\/\/lyfilter.com\/de\/wp-json\/wp\/v2\/product_brand?post=2542"},{"taxonomy":"product_cat","embeddable":true,"href":"https:\/\/lyfilter.com\/de\/wp-json\/wp\/v2\/product_cat?post=2542"},{"taxonomy":"product_tag","embeddable":true,"href":"https:\/\/lyfilter.com\/de\/wp-json\/wp\/v2\/product_tag?post=2542"}],"curies":[{"name":"wp","href":"https:\/\/api.w.org\/{rel}","templated":true}]}}