{"id":2536,"date":"2026-01-07T06:09:25","date_gmt":"2026-01-07T06:09:25","guid":{"rendered":"https:\/\/lyfilter.com\/?post_type=product&#038;p=2536"},"modified":"2026-01-07T06:09:25","modified_gmt":"2026-01-07T06:09:25","slug":"porous-industrial-solid-liquid-filtration-sintered-white-black-pe-filter-cartridge","status":"publish","type":"product","link":"https:\/\/lyfilter.com\/de\/porous-industrial-solid-liquid-filtration-sintered-white-black-pe-filter-cartridge\/","title":{"rendered":"Por\u00f6se industrielle Feststoff-Fl\u00fcssigkeitsfiltration gesinterte wei\u00dfe schwarze PE-Filterpatrone"},"content":{"rendered":"<div class=\"unit-detail-html-tabs__content-attr\">\n<div class=\"unit-product-attrparam\">\n<div class=\"unit-product-attrparam__items row\">\n<div class=\"col-12 col-md-6\">\n<div class=\"unit-product-attrparam__item\">\n<div class=\"unit-product-attrparam__label\">\n<table>\n<thead>\n<tr>\n<th>Lieferf\u00e4higkeit<\/th>\n<th>1000000St\u00fcck\/Monat<\/th>\n<\/tr>\n<\/thead>\n<tbody>\n<tr>\n<td>Material<\/td>\n<td>pe<\/td>\n<\/tr>\n<tr>\n<td>Verf\u00fcgbarkeit<\/td>\n<td>OEM\/ODM<\/td>\n<\/tr>\n<\/tbody>\n<\/table>\n<\/div>\n<\/div>\n<\/div>\n<\/div>\n<\/div>\n<\/div>\n<div class=\"unit-detail-html-tabs__content-featuresAttr\"><\/div>\n<div class=\"unit-detail-html-tabs__content-html\">\n<p><strong>Por\u00f6se industrielle Feststoff-Fl\u00fcssigkeitsfiltration gesinterte wei\u00dfe schwarze PE-Filterpatrone<\/strong><\/p>\n<ul>\n<li>Enth\u00e4lt wei\u00dfes PE f\u00fcr die Vorfiltrationsschicht und schwarzes PE f\u00fcr die Feinfiltrationsschicht;<\/li>\n<li>Gesinterte Filterpatrone: gesinterte por\u00f6se Struktur mit kontrollierter Porengr\u00f6\u00dfe zur Entfernung von Feststoffpartikeln;<\/li>\n<li>Die schwarze Schicht hat eine Porengr\u00f6\u00dfe von nur 5 Mikrometern f\u00fcr eine h\u00f6here Filtrationsleistung;<\/li>\n<li>Geringer Druckabfall \u00fcber der Patrone f\u00fcr hohe Durchflussraten;<\/li>\n<li>Por\u00f6ser Filter: hohe Schmutzaufnahmekapazit\u00e4t und lange Standzeit;<\/li>\n<li>Widersteht hohen Temperaturen bis zu 140\u00b0F und einem breiten pH-Bereich von 1-14;<\/li>\n<li>Kann dampfsterilisiert und mit Chemikalien gereinigt werden;<\/li>\n<li>Hervorragende chemische Vertr\u00e4glichkeit, best\u00e4ndig gegen die meisten S\u00e4uren, Basen und L\u00f6sungsmittel;<\/li>\n<li>Erh\u00e4ltlich in Standardl\u00e4ngen mit verschiedenen Rohrdurchmessern;<\/li>\n<li>PE-Filterkerzen werden h\u00e4ufig f\u00fcr die Vor- und Endfiltration in der Pharmazie, Chemie, Lebensmittel- und Getr\u00e4nkeindustrie eingesetzt.<\/li>\n<\/ul>\n<p><img decoding=\"async\" src=\"https:\/\/img.yfisher.com\/m6076\/1725732797cjk\/jpg70-t3-scale100.webp\" alt=\"Por\u00f6se industrielle Feststoff-Fl\u00fcssigkeitsfiltration gesinterte wei\u00dfe schwarze PE-Filterpatrone 7\" data-lazy=\"2\" title=\"\"><\/p>\n<\/div>","protected":false},"excerpt":{"rendered":"<table>\n<thead>\n<tr>\n<th>Start Hafen<\/th>\n<th>Guangzhou<\/th>\n<\/tr>\n<\/thead>\n<tbody>\n<tr>\n<td>Ort der Herkunft<\/td>\n<td>Guangdong, China<\/td>\n<\/tr>\n<tr>\n<td>Zahlung<\/td>\n<td>T\/T, paypal<\/td>\n<\/tr>\n<tr>\n<td>MOQ<\/td>\n<td>1 St\u00fcck<\/td>\n<\/tr>\n<tr>\n<td>Modell<\/td>\n<td>LY-FB<\/td>\n<\/tr>\n<tr>\n<td>Lieferfrist<\/td>\n<td>Innerhalb von 7 Arbeitstagen<\/td>\n<\/tr>\n<tr>\n<td>Zertifizierung<\/td>\n<td>ISO 9001<\/td>\n<\/tr>\n<tr>\n<td>Marke<\/td>\n<td>OEM\/Lvyuan<\/td>\n<\/tr>\n<\/tbody>\n<\/table>","protected":false},"featured_media":2543,"comment_status":"open","ping_status":"closed","template":"","meta":{"_gspb_post_css":""},"product_brand":[],"product_cat":[24],"product_tag":[261,266,260,258,282,979],"class_list":{"0":"post-2536","1":"product","2":"type-product","3":"status-publish","4":"has-post-thumbnail","6":"product_cat-sintered-porous-plastic","7":"product_tag-guangdong-china","8":"product_tag-guangzhou","9":"product_tag-iso-9001","10":"product_tag-ly-fb","11":"product_tag-oem-lvyuan","12":"product_tag-t-t-and-paypal","14":"first","15":"instock","16":"shipping-taxable","17":"product-type-simple"},"_links":{"self":[{"href":"https:\/\/lyfilter.com\/de\/wp-json\/wp\/v2\/product\/2536","targetHints":{"allow":["GET"]}}],"collection":[{"href":"https:\/\/lyfilter.com\/de\/wp-json\/wp\/v2\/product"}],"about":[{"href":"https:\/\/lyfilter.com\/de\/wp-json\/wp\/v2\/types\/product"}],"replies":[{"embeddable":true,"href":"https:\/\/lyfilter.com\/de\/wp-json\/wp\/v2\/comments?post=2536"}],"wp:featuredmedia":[{"embeddable":true,"href":"https:\/\/lyfilter.com\/de\/wp-json\/wp\/v2\/media\/2543"}],"wp:attachment":[{"href":"https:\/\/lyfilter.com\/de\/wp-json\/wp\/v2\/media?parent=2536"}],"wp:term":[{"taxonomy":"product_brand","embeddable":true,"href":"https:\/\/lyfilter.com\/de\/wp-json\/wp\/v2\/product_brand?post=2536"},{"taxonomy":"product_cat","embeddable":true,"href":"https:\/\/lyfilter.com\/de\/wp-json\/wp\/v2\/product_cat?post=2536"},{"taxonomy":"product_tag","embeddable":true,"href":"https:\/\/lyfilter.com\/de\/wp-json\/wp\/v2\/product_tag?post=2536"}],"curies":[{"name":"wp","href":"https:\/\/api.w.org\/{rel}","templated":true}]}}