{"id":2525,"date":"2026-01-07T03:54:51","date_gmt":"2026-01-07T03:54:51","guid":{"rendered":"https:\/\/lyfilter.com\/?post_type=product&#038;p=2525"},"modified":"2026-04-24T23:43:14","modified_gmt":"2026-04-24T23:43:14","slug":"lvyuan-customized-micron-high-flow-filter-cartridge","status":"publish","type":"product","link":"https:\/\/lyfilter.com\/de\/lvyuan-customized-micron-high-flow-filter-cartridge\/","title":{"rendered":"Lvyuan Kundenspezifische Mikron Filterpatrone mit hohem Durchfluss"},"content":{"rendered":"<div class=\"unit-detail-html-tabs__content-attr\">\n<div class=\"unit-product-attrparam\">\n<div class=\"unit-product-attrparam__items row\">\n<div class=\"col-12 col-md-6\">\n<div class=\"unit-product-attrparam__item\">\n<div class=\"unit-product-attrparam__label\">\n<table>\n<thead>\n<tr>\n<th><strong>Attribut<\/strong><\/th>\n<th><strong>Einzelheiten<\/strong><\/th>\n<\/tr>\n<\/thead>\n<tbody>\n<tr>\n<td><strong>Lieferf\u00e4higkeit<\/strong><\/td>\n<td>1000000St\u00fcck\/Monat<\/td>\n<\/tr>\n<tr>\n<td><strong>Verf\u00fcgbarkeit<\/strong><\/td>\n<td>OEM\/ODM<\/td>\n<\/tr>\n<\/tbody>\n<\/table>\n<\/div>\n<\/div>\n<\/div>\n<\/div>\n<\/div>\n<\/div>\n<div class=\"unit-detail-html-tabs__content-html\">\n<p><strong>Lvyuan kundenspezifische Micron High Flow Filterpatrone<\/strong><\/p>\n<p>Die Filterkerzen der High Flow-Serie sind f\u00fcr die Filtration mit hohen Durchflussraten in anspruchsvollen industriellen Anwendungen konzipiert. Mit einer optimierten Faltengeometrie und einer robusten Konstruktion bieten diese Filter eine bis zu 3-fache Durchflusskapazit\u00e4t im Vergleich zu Standardkerzen f\u00fcr einen maximalen Durchsatz.<\/p>\n<p>Die Patronen f\u00fcr hohe Durchflussraten bestehen aus mehreren Lagen fein gefalteter Polypropylenmedien und verf\u00fcgen \u00fcber eine vergr\u00f6\u00dferte Oberfl\u00e4che und Tiefenbelastbarkeit, um schwere Verunreinigungen zu bew\u00e4ltigen. Die firmeneigene Medienformulierung erm\u00f6glicht einen hohen Durchfluss bei geringem Druckabfall.<\/p>\n<p>Der Polypropylen-Mittelkern sorgt f\u00fcr Festigkeit und Stabilit\u00e4t, w\u00e4hrend die integrierten Dichtungen die Kartusche effektiv im Geh\u00e4use abdichten. Die einteiligen Endkappen aus Polypropylen eliminieren potenzielle Leckstellen.<\/p>\n<p>Mit einer hohen Schmutzaufnahmekapazit\u00e4t und einem Wirkungsgrad von bis zu 99,9% bei Nennmikron halten die High Flow-Filterkerzen die Prozessdurchflussraten zwischen den einzelnen Wechseln l\u00e4nger aufrecht. Ihre breite chemische Kompatibilit\u00e4t erm\u00f6glicht den Einsatz in vielen Anwendungen.<\/p>\n<p>High Flow-Patronen sind mit verschiedenen Mikronwerten von 1 bis 800 Mikron erh\u00e4ltlich. Ihre gro\u00dfe Grundfl\u00e4che mit einem Durchmesser von 2,5 Zoll in Kombination mit dem hohen Durchfluss machen sie zu einer idealen L\u00f6sung f\u00fcr Fl\u00fcssigkeiten mit hohen Geschwindigkeiten und gro\u00dfen Prozessstr\u00f6men.<\/p>\n<p>Durchflussraten von 250 bis 1250 GPM bieten Flexibilit\u00e4t bei der Handhabung von schwierigen industriellen Anwendungen bis hin zu Fertigungsprozessen mit hohem Durchsatz. High Flow-Patronen bieten extreme Durchflussfiltration in einem robusten und dennoch wirtschaftlichen Paket.<\/p>\n<\/div>","protected":false},"excerpt":{"rendered":"<table>\n<thead>\n<tr>\n<th><strong>Attribut<\/strong><\/th>\n<th><strong>Einzelheiten<\/strong><\/th>\n<\/tr>\n<\/thead>\n<tbody>\n<tr>\n<td><strong>Produktionskapazit\u00e4t<\/strong><\/td>\n<td>10000 Einheiten\/Monat<\/td>\n<\/tr>\n<tr>\n<td><strong>Zahlung<\/strong><\/td>\n<td>T\/T, Alibaba Handelsgarantie<\/td>\n<\/tr>\n<tr>\n<td><strong>MOQ<\/strong><\/td>\n<td>1 St\u00fcck<\/td>\n<\/tr>\n<tr>\n<td><strong>Modell<\/strong><\/td>\n<td>LY-FB<\/td>\n<\/tr>\n<tr>\n<td><strong>Lieferfrist<\/strong><\/td>\n<td>Innerhalb von 7 Arbeitstagen<\/td>\n<\/tr>\n<tr>\n<td><strong>Zertifizierung<\/strong><\/td>\n<td>ISO 9001<\/td>\n<\/tr>\n<tr>\n<td><strong>Marke<\/strong><\/td>\n<td>OEM\/Lvyuan<\/td>\n<\/tr>\n<\/tbody>\n<\/table>","protected":false},"featured_media":2531,"comment_status":"open","ping_status":"closed","template":"","meta":{"_gspb_post_css":""},"product_brand":[],"product_cat":[17],"product_tag":[978,977,266,260,258,259],"class_list":{"0":"post-2525","1":"product","2":"type-product","3":"status-publish","4":"has-post-thumbnail","6":"product_cat-sediment-filter","7":"product_tag-alibaba","8":"product_tag-filter-element","9":"product_tag-guangzhou","10":"product_tag-iso-9001","11":"product_tag-ly-fb","12":"product_tag-oem","14":"first","15":"instock","16":"shipping-taxable","17":"product-type-simple"},"_links":{"self":[{"href":"https:\/\/lyfilter.com\/de\/wp-json\/wp\/v2\/product\/2525","targetHints":{"allow":["GET"]}}],"collection":[{"href":"https:\/\/lyfilter.com\/de\/wp-json\/wp\/v2\/product"}],"about":[{"href":"https:\/\/lyfilter.com\/de\/wp-json\/wp\/v2\/types\/product"}],"replies":[{"embeddable":true,"href":"https:\/\/lyfilter.com\/de\/wp-json\/wp\/v2\/comments?post=2525"}],"wp:featuredmedia":[{"embeddable":true,"href":"https:\/\/lyfilter.com\/de\/wp-json\/wp\/v2\/media\/2531"}],"wp:attachment":[{"href":"https:\/\/lyfilter.com\/de\/wp-json\/wp\/v2\/media?parent=2525"}],"wp:term":[{"taxonomy":"product_brand","embeddable":true,"href":"https:\/\/lyfilter.com\/de\/wp-json\/wp\/v2\/product_brand?post=2525"},{"taxonomy":"product_cat","embeddable":true,"href":"https:\/\/lyfilter.com\/de\/wp-json\/wp\/v2\/product_cat?post=2525"},{"taxonomy":"product_tag","embeddable":true,"href":"https:\/\/lyfilter.com\/de\/wp-json\/wp\/v2\/product_tag?post=2525"}],"curies":[{"name":"wp","href":"https:\/\/api.w.org\/{rel}","templated":true}]}}