{"id":2517,"date":"2026-01-07T03:52:43","date_gmt":"2026-01-07T03:52:43","guid":{"rendered":"https:\/\/lyfilter.com\/?post_type=product&#038;p=2517"},"modified":"2026-01-07T03:52:43","modified_gmt":"2026-01-07T03:52:43","slug":"ultrafiltration-polyethylene-pe-needle-filters","status":"publish","type":"product","link":"https:\/\/lyfilter.com\/de\/ultrafiltration-polyethylene-pe-needle-filters\/","title":{"rendered":"Ultrafiltrations-Nadelfilter aus Polyethylen (PE)"},"content":{"rendered":"<div class=\"unit-detail-html-tabs__content-attr\">\n<div class=\"unit-product-attrparam\">\n<div class=\"unit-product-attrparam__items row\">\n<div class=\"col-12 col-md-6\">\n<div class=\"unit-product-attrparam__item\">\n<div class=\"unit-product-attrparam__label\">\n<table>\n<thead>\n<tr>\n<th><strong>Attribut<\/strong><\/th>\n<th><strong>Einzelheiten<\/strong><\/th>\n<\/tr>\n<\/thead>\n<tbody>\n<tr>\n<td><strong>Verf\u00fcgbarkeit<\/strong><\/td>\n<td>OEM\/ODM<\/td>\n<\/tr>\n<\/tbody>\n<\/table>\n<\/div>\n<\/div>\n<\/div>\n<\/div>\n<\/div>\n<\/div>\n<div class=\"unit-detail-html-tabs__content-html\">\n<p><strong>Ultrafiltrations-Nadelfilter aus Polyethylen (PE)\u00a0<\/strong><\/p>\n<p>1. PE-Material - Polyethylen (PE) ist ein beliebtes Ultrafiltrationsmembranmaterial. Es ist chemikalienbest\u00e4ndig, kosteng\u00fcnstig und langlebig. PE-Nadelfilter sind mit einer breiten Palette von Chemikalien, L\u00f6sungsmitteln und Fl\u00fcssigkeiten kompatibel.<\/p>\n<p>2. Hoher Flux - PE-Ultrafiltrationsmembranen haben eine Porengr\u00f6\u00dfe von 0,01-0,1 Mikron und k\u00f6nnen einen hohen Permeatfluss von mehreren bis zu Hunderten von Litern pro m2 und Stunde erreichen. Der hohe Flux sorgt f\u00fcr eine hohe Produktionseffizienz und Prozessgeschwindigkeit.<\/p>\n<p>3. Selektivit\u00e4t - PE-Ultrafiltrationsmembranen trennen auf der Grundlage der Molekulargewichtsgrenze. Sie k\u00f6nnen gro\u00dfe Molek\u00fcle zur\u00fcckhalten, w\u00e4hrend kleine Molek\u00fcle durchgelassen werden. Dank dieser Selektivit\u00e4t eignen sie sich f\u00fcr Anwendungen zur Trennung, Konzentration und Reinigung.<\/p>\n<p>4. Hitzebest\u00e4ndigkeit - Normale PE-Ultrafiltrationsmembranen k\u00f6nnen hei\u00dfen Fl\u00fcssigkeiten von 50-70\u00b0C standhalten. PE-Nadelfilter aus technischen Kunststoffen k\u00f6nnen 90-120\u00b0C aushalten. Die hohe Hitzebest\u00e4ndigkeit erweitert ihren Anwendungsbereich.<\/p>\n<p>5. Wiederverwendbarkeit - Einige PE-Nadelfilter k\u00f6nnen r\u00fcckgesp\u00fclt oder chemisch gereinigt werden, um Verschmutzungen und Partikel auf dem Filterkern zu entfernen und wiederverwendet zu werden. Die Wiederverwendbarkeit verl\u00e4ngert die Lebensdauer des Filters erheblich und senkt die Kosten.<\/p>\n<p>6. Anschl\u00fcsse - PE-Nadelfilter werden in der Regel mit Edelstahl- oder Kunststoffgeh\u00e4usen geliefert und verf\u00fcgen \u00fcber g\u00e4ngige Anschl\u00fcsse wie Gewinde- oder Flanschverbindungen zur Verbindung mit Rohren oder Beh\u00e4ltern. Das Geh\u00e4use und die Anschl\u00fcsse sollten gut abdichten, um Lecks zu vermeiden.<\/p>\n<p>7. Spezifikationen - PE-Nadelfilter gibt es in Ausf\u00fchrungen mit niedrigem Durchfluss (50L\/min) mit einer Filtrationsgenauigkeit von 0,01 bis 0,2 Mikron. Sie k\u00f6nnen die f\u00fcr Ihre Anwendung geeigneten Spezifikationen ausw\u00e4hlen.<\/p>\n<\/div>","protected":false},"excerpt":{"rendered":"<table>\n<thead>\n<tr>\n<th><strong>Attribut<\/strong><\/th>\n<th><strong>Einzelheiten<\/strong><\/th>\n<\/tr>\n<\/thead>\n<tbody>\n<tr>\n<td><strong>Start Hafen<\/strong><\/td>\n<td>Guangzhou<\/td>\n<\/tr>\n<tr>\n<td><strong>Ort der Herkunft<\/strong><\/td>\n<td>Guangdong, China<\/td>\n<\/tr>\n<tr>\n<td><strong>Zahlung<\/strong><\/td>\n<td>T\/T, Alibaba Trade Assurance, Paypal<\/td>\n<\/tr>\n<tr>\n<td><strong>MOQ<\/strong><\/td>\n<td>1 St\u00fcck<\/td>\n<\/tr>\n<tr>\n<td><strong>Modell<\/strong><\/td>\n<td>LY-FB<\/td>\n<\/tr>\n<tr>\n<td><strong>Lieferfrist<\/strong><\/td>\n<td>Innerhalb von 7 Arbeitstagen<\/td>\n<\/tr>\n<tr>\n<td><strong>Zertifizierung<\/strong><\/td>\n<td>ISO 9001<\/td>\n<\/tr>\n<tr>\n<td><strong>Marke<\/strong><\/td>\n<td>OEM\/Lvyuan<\/td>\n<\/tr>\n<\/tbody>\n<\/table>","protected":false},"featured_media":2526,"comment_status":"open","ping_status":"closed","template":"","meta":{"_gspb_post_css":""},"product_brand":[],"product_cat":[17,22],"product_tag":[978,977,266,260,258,259],"class_list":{"0":"post-2517","1":"product","2":"type-product","3":"status-publish","4":"has-post-thumbnail","6":"product_cat-sediment-filter","7":"product_cat-sintered-filter-cartridge","8":"product_tag-alibaba","9":"product_tag-filter-element","10":"product_tag-guangzhou","11":"product_tag-iso-9001","12":"product_tag-ly-fb","13":"product_tag-oem","15":"first","16":"instock","17":"shipping-taxable","18":"product-type-simple"},"_links":{"self":[{"href":"https:\/\/lyfilter.com\/de\/wp-json\/wp\/v2\/product\/2517","targetHints":{"allow":["GET"]}}],"collection":[{"href":"https:\/\/lyfilter.com\/de\/wp-json\/wp\/v2\/product"}],"about":[{"href":"https:\/\/lyfilter.com\/de\/wp-json\/wp\/v2\/types\/product"}],"replies":[{"embeddable":true,"href":"https:\/\/lyfilter.com\/de\/wp-json\/wp\/v2\/comments?post=2517"}],"wp:featuredmedia":[{"embeddable":true,"href":"https:\/\/lyfilter.com\/de\/wp-json\/wp\/v2\/media\/2526"}],"wp:attachment":[{"href":"https:\/\/lyfilter.com\/de\/wp-json\/wp\/v2\/media?parent=2517"}],"wp:term":[{"taxonomy":"product_brand","embeddable":true,"href":"https:\/\/lyfilter.com\/de\/wp-json\/wp\/v2\/product_brand?post=2517"},{"taxonomy":"product_cat","embeddable":true,"href":"https:\/\/lyfilter.com\/de\/wp-json\/wp\/v2\/product_cat?post=2517"},{"taxonomy":"product_tag","embeddable":true,"href":"https:\/\/lyfilter.com\/de\/wp-json\/wp\/v2\/product_tag?post=2517"}],"curies":[{"name":"wp","href":"https:\/\/api.w.org\/{rel}","templated":true}]}}