{"id":2505,"date":"2026-01-07T03:31:27","date_gmt":"2026-01-07T03:31:27","guid":{"rendered":"https:\/\/lyfilter.com\/?post_type=product&#038;p=2505"},"modified":"2026-01-07T03:31:28","modified_gmt":"2026-01-07T03:31:28","slug":"lvyuan-0-2-to-5-microns-needle-filter","status":"publish","type":"product","link":"https:\/\/lyfilter.com\/de\/lvyuan-0-2-to-5-microns-needle-filter\/","title":{"rendered":"Lvyuan 0,2 bis 5 Mikron Nadelfilter"},"content":{"rendered":"<div class=\"unit-detail-html-tabs__content-attr\">\n<div class=\"unit-product-attrparam\">\n<div class=\"unit-product-attrparam__items row\">\n<div class=\"col-12 col-md-6\">\n<div class=\"unit-product-attrparam__item\">\n<div class=\"unit-product-attrparam__label\">\n<table>\n<thead>\n<tr>\n<th>Artikel<\/th>\n<th>Details<\/th>\n<\/tr>\n<\/thead>\n<tbody>\n<tr>\n<td>Lieferf\u00e4higkeit<\/td>\n<td>1000000St\u00fcck\/Monat<\/td>\n<\/tr>\n<tr>\n<td>Material<\/td>\n<td>PTFE\/PE<\/td>\n<\/tr>\n<tr>\n<td>Verf\u00fcgbarkeit<\/td>\n<td>OEM\/ODM<\/td>\n<\/tr>\n<\/tbody>\n<\/table>\n<\/div>\n<\/div>\n<\/div>\n<\/div>\n<\/div>\n<\/div>\n<div class=\"unit-detail-html-tabs__content-html\">\n<p>Ein Nadelfilter ist eine Art von Filter, der h\u00e4ufig in medizinischen Anwendungen verwendet wird, um Partikel oder Verunreinigungen aus Fl\u00fcssigkeiten wie Medikamenten oder Blut zu entfernen. Im Folgenden finden Sie einige Spezifikationen f\u00fcr einen Nadelfilter:<\/p>\n<ol>\n<li>Porengr\u00f6\u00dfe: Nadelfilter haben in der Regel Porengr\u00f6\u00dfen von 0,2 bis 5 Mikron, je nach Anwendung. Die Porengr\u00f6\u00dfe des Filters wird auf der Grundlage der Gr\u00f6\u00dfe der zu entfernenden Partikel und der gew\u00fcnschten Durchflussrate ausgew\u00e4hlt.<\/li>\n<li>Material: Nadelfilter werden aus einer Vielzahl von Materialien hergestellt, darunter Polypropylen, Nylon, PTFE und PVDF. Das f\u00fcr den Filter verwendete Material wird auf der Grundlage von Faktoren wie der chemischen Kompatibilit\u00e4t mit der zu filternden Fl\u00fcssigkeit, der thermischen Stabilit\u00e4t und der mechanischen Festigkeit ausgew\u00e4hlt.<\/li>\n<li>Geh\u00e4use: Das Geh\u00e4use des Nadelfilters besteht in der Regel aus Polypropylen oder einem anderen Kunststoffmaterial. Das Geh\u00e4use ist so konstruiert, dass es auf eine Spritze oder ein anderes Verabreichungsger\u00e4t passt und eine Dichtung um die Filtermembran herum bildet.<\/li>\n<li>Filtrationsfl\u00e4che: Die Filtrationsfl\u00e4che des Nadelfilters ist in der Regel klein und reicht von einigen Quadratzentimetern bis zu einigen Quadratmillimetern. Dies erm\u00f6glicht eine hohe Filtrationseffizienz bei einer kompakten Gr\u00f6\u00dfe.<\/li>\n<li>Durchflussmenge: Die Durchflussrate des Nadelfilters h\u00e4ngt von der Porengr\u00f6\u00dfe, dem Membranmaterial und der Viskosit\u00e4t der zu filternden Fl\u00fcssigkeit ab. Im Allgemeinen f\u00fchren kleinere Porengr\u00f6\u00dfen und dickere Fl\u00fcssigkeiten zu geringeren Durchflussraten.<\/li>\n<li>Sterilisation: Nadelfilter werden in der Regel mit Gammastrahlung oder Ethylenoxidgas sterilisiert, um sicherzustellen, dass sie vor der Verwendung frei von Verunreinigungen sind.<\/li>\n<\/ol>\n<p>Insgesamt h\u00e4ngen die Spezifikationen eines Nadelfilters von der spezifischen Anwendung und den Anforderungen des Benutzers ab.<\/p>\n<p><img decoding=\"async\" src=\"https:\/\/img.yfisher.com\/m6076\/1725732767nbs\/jpg70-t3-scale100.webp\" alt=\"Lvyuan 0,2 bis 5 Mikrometer Nadelfilter 6\" data-lazy=\"2\" title=\"\"><\/p>\n<\/div>","protected":false},"excerpt":{"rendered":"<table>\n<thead>\n<tr>\n<th>Artikel<\/th>\n<th>Details<\/th>\n<\/tr>\n<\/thead>\n<tbody>\n<tr>\n<td>Modell<\/td>\n<td>Nadelfilter<\/td>\n<\/tr>\n<tr>\n<td>Marke<\/td>\n<td>OEM\/Lvyuan<\/td>\n<\/tr>\n<tr>\n<td>Startport<\/td>\n<td>Guangzhou<\/td>\n<\/tr>\n<tr>\n<td>Produktionskapazit\u00e4t<\/td>\n<td>10000 Einheiten\/Monat<\/td>\n<\/tr>\n<tr>\n<td>Herkunftsort<\/td>\n<td>Guangdong, China<\/td>\n<\/tr>\n<tr>\n<td>Zahlung<\/td>\n<td>T\/T, Alibaba Trade Assurance, paypal<\/td>\n<\/tr>\n<tr>\n<td>moq<\/td>\n<td>1 St\u00fcck<\/td>\n<\/tr>\n<tr>\n<td>Lieferfrist<\/td>\n<td>Innerhalb von 7 Arbeitstagen<\/td>\n<\/tr>\n<tr>\n<td>Zertifizierung<\/td>\n<td>ISO 9001<\/td>\n<\/tr>\n<\/tbody>\n<\/table>","protected":false},"featured_media":2512,"comment_status":"open","ping_status":"closed","template":"","meta":{"_gspb_post_css":""},"product_brand":[],"product_cat":[24,25],"product_tag":[956,279,964,260,975,976],"class_list":{"0":"post-2505","1":"product","2":"type-product","3":"status-publish","4":"has-post-thumbnail","6":"product_cat-sintered-porous-plastic","7":"product_cat-medical-filters","8":"product_tag-1-piece-moq","9":"product_tag-alibaba-trade-assurance","10":"product_tag-guangdong-manufacturer","11":"product_tag-iso-9001","12":"product_tag-needle-filter","13":"product_tag-oem-needle-filter","15":"first","16":"instock","17":"shipping-taxable","18":"product-type-simple"},"_links":{"self":[{"href":"https:\/\/lyfilter.com\/de\/wp-json\/wp\/v2\/product\/2505","targetHints":{"allow":["GET"]}}],"collection":[{"href":"https:\/\/lyfilter.com\/de\/wp-json\/wp\/v2\/product"}],"about":[{"href":"https:\/\/lyfilter.com\/de\/wp-json\/wp\/v2\/types\/product"}],"replies":[{"embeddable":true,"href":"https:\/\/lyfilter.com\/de\/wp-json\/wp\/v2\/comments?post=2505"}],"wp:featuredmedia":[{"embeddable":true,"href":"https:\/\/lyfilter.com\/de\/wp-json\/wp\/v2\/media\/2512"}],"wp:attachment":[{"href":"https:\/\/lyfilter.com\/de\/wp-json\/wp\/v2\/media?parent=2505"}],"wp:term":[{"taxonomy":"product_brand","embeddable":true,"href":"https:\/\/lyfilter.com\/de\/wp-json\/wp\/v2\/product_brand?post=2505"},{"taxonomy":"product_cat","embeddable":true,"href":"https:\/\/lyfilter.com\/de\/wp-json\/wp\/v2\/product_cat?post=2505"},{"taxonomy":"product_tag","embeddable":true,"href":"https:\/\/lyfilter.com\/de\/wp-json\/wp\/v2\/product_tag?post=2505"}],"curies":[{"name":"wp","href":"https:\/\/api.w.org\/{rel}","templated":true}]}}