{"id":2499,"date":"2026-01-07T03:28:21","date_gmt":"2026-01-07T03:28:21","guid":{"rendered":"https:\/\/lyfilter.com\/?post_type=product&#038;p=2499"},"modified":"2026-01-07T03:28:21","modified_gmt":"2026-01-07T03:28:21","slug":"factory-price-porous-plastic-sintered-pa-membrane-filter-with-screw-connector","status":"publish","type":"product","link":"https:\/\/lyfilter.com\/de\/factory-price-porous-plastic-sintered-pa-membrane-filter-with-screw-connector\/","title":{"rendered":"Fabrikpreis Por\u00f6ser Kunststoff gesintert PA Membranfilter mit Schraubanschluss"},"content":{"rendered":"<div class=\"unit-detail-html-tabs__content-attr\">\n<div class=\"unit-product-attrparam\">\n<div class=\"unit-product-attrparam__items row\">\n<div class=\"col-12 col-md-6\">\n<div class=\"unit-product-attrparam__item\">\n<div class=\"unit-product-attrparam__label\">\n<table>\n<thead>\n<tr>\n<th>Artikel<\/th>\n<th>Details<\/th>\n<\/tr>\n<\/thead>\n<tbody>\n<tr>\n<td>Lieferf\u00e4higkeit<\/td>\n<td>1000000 St\u00fcck\/Monat<\/td>\n<\/tr>\n<tr>\n<td>Material<\/td>\n<td>pe<\/td>\n<\/tr>\n<tr>\n<td>Verf\u00fcgbarkeit<\/td>\n<td>Erstausr\u00fcster<\/td>\n<\/tr>\n<\/tbody>\n<\/table>\n<\/div>\n<\/div>\n<\/div>\n<\/div>\n<\/div>\n<\/div>\n<div class=\"unit-detail-html-tabs__content-featuresAttr\"><\/div>\n<div class=\"unit-detail-html-tabs__content-html\">\n<p><strong>Fabrikpreis Por\u00f6ser Kunststoff gesintert PA Membranfilter mit Schraubanschluss<\/strong><\/p>\n<p><strong>Beschreibung des Produkts<\/strong><\/p>\n<p>Das gesinterte PA-Filterelement besteht aus hochwertigem hochmolekularem Polyethylen als Hauptrohstoff und Kohlenstofffasern, die nach einer wissenschaftlichen Formel gesintert werden. Kompakte Struktur, stark, geringes Gewicht, kann hohen Filtrationsdruck standhalten, ungiftig und geschmacksneutral, und hat eine gute Korrosionsbest\u00e4ndigkeit gegen saure und alkalische L\u00f6sungsmittel.<\/p>\n<p>1. Produktmerkmale des mikropor\u00f6sen gesinterten PA-Filterelements:<\/p>\n<p>1. Best\u00e4ndig gegen die Korrosion von starken S\u00e4uren und starken Laugen und best\u00e4ndig gegen die Aufl\u00f6sung von organischen L\u00f6sungsmitteln;<\/p>\n<p>2. Hervorragende Festigkeit und Verschlei\u00dffestigkeit gew\u00e4hrleisten eine lange Lebensdauer;<\/p>\n<p>3. Die Oberfl\u00e4che des \u00e4u\u00dferen Lichts erschwert das Anhaften von Verunreinigungen;<\/p>\n<p>4. R\u00fccksp\u00fclung und R\u00fccksp\u00fclung sind leicht wiederverwendbar;<\/p>\n<p>5. Gute Z\u00e4higkeit, das Filterelement ist nicht leicht zu brechen;<\/p>\n<p>6. Kein Dreschen Ph\u00e4nomen, starke Druckbest\u00e4ndigkeit.<\/p>\n<p>&nbsp;<\/p>\n<p><strong>Spezifikationen<\/strong><\/p>\n<p>Diameter: \u222e20\u222e25\u222e30\u222e35\u222e38\u222e45\u222e50\u222e60<\/p>\n<p>Gr\u00f6\u00dfe der Anschl\u00fcsse: M20-M22-M24-M26-M30<\/p>\n<p>Verbindungsmaterial: Polypropylen, Edelstahl 316<\/p>\n<p>L\u00e4nge: 5\u203310\u203320\u203330\u203340\u203360\u203380\u2033.<\/p>\n<p>Filtrationsgenauigkeit: 0,5um-100um<\/p>\n<p><strong>Betriebsbedingungen<\/strong><\/p>\n<p>0-40\u2103 maximale Betriebsdruckdifferenz 6bar<\/p>\n<p>60 \u2103 maximale Betriebsdruckdifferenz 5bar<\/p>\n<p>80\u2103 maximale Betriebsdruckdifferenz 4,5bar<\/p>\n<p>120\u2103 maximale Betriebsdruckdifferenz 4bar<\/p>\n<p>&nbsp;<\/p>\n<p><strong>PA-Filterstab-Regenerationsverfahren:<\/strong><\/p>\n<p>&nbsp;<\/p>\n<ul>\n<li>Physikalische Methode: Da der Filterstab gute mechanische Eigenschaften hat und nicht bricht, kann 0,6 MPa Druckluft zum R\u00fcckblasen und zur Schlackenentfernung verwendet werden. Das R\u00fcckblasen spielt auch eine Rolle bei der Regeneration der Kapillarporen, aber es sammelt sich nach l\u00e4ngerem Gebrauch in der Filterschicht an. Die feinen Partikel beeintr\u00e4chtigen die Filtrationsrate, und eine chemische Regeneration muss zu diesem Zeitpunkt durchgef\u00fchrt werden.\n<p>&nbsp;<\/li>\n<li>Chemische Methode: Weichen Sie den verstopften PA-Filterstab in einer S\u00e4ure- oder Laugenl\u00f6sung mit einer Konzentration von 5%-10% ein, um die in der Filterschicht festsitzenden Mikromaterialien zu neutralisieren, und spulen Sie ihn dann mit Wasser oder Luft zur\u00fcck, um ihn zu reinigen, Die Filterwirkung des Filterstabs kann wiederhergestellt werden.<\/li>\n<\/ul>\n<p><strong><br \/>\n<\/strong><\/p>\n<p><img decoding=\"async\" src=\"https:\/\/img.yfisher.com\/m6076\/1725732764rbg\/jpg70-t3-scale100.webp\" alt=\"Fabrikpreis Por\u00f6ser Kunststoff gesintert PA Membranfilter mit Schraubanschluss 6\" data-lazy=\"2\" title=\"\"><\/p>\n<\/div>","protected":false},"excerpt":{"rendered":"<table>\n<thead>\n<tr>\n<th>Artikel<\/th>\n<th>Details<\/th>\n<\/tr>\n<\/thead>\n<tbody>\n<tr>\n<td>Startport<\/td>\n<td>Guangzhou<\/td>\n<\/tr>\n<tr>\n<td>Produktionskapazit\u00e4t<\/td>\n<td>10000 Einheiten\/Monat<\/td>\n<\/tr>\n<tr>\n<td>Herkunftsort<\/td>\n<td>Guangdong, China<\/td>\n<\/tr>\n<tr>\n<td>Zahlung<\/td>\n<td>D\/P, T\/T, Alibaba Trade Assurance, paypal<\/td>\n<\/tr>\n<tr>\n<td>moq<\/td>\n<td>1 St\u00fcck<\/td>\n<\/tr>\n<tr>\n<td>Lieferfrist<\/td>\n<td>Innerhalb von 7 Arbeitstagen<\/td>\n<\/tr>\n<tr>\n<td>Zertifizierung<\/td>\n<td>ISO 9001<\/td>\n<\/tr>\n<tr>\n<td>Marke<\/td>\n<td>OEM\/Lvyuan<\/td>\n<\/tr>\n<\/tbody>\n<\/table>","protected":false},"featured_media":2506,"comment_status":"open","ping_status":"closed","template":"","meta":{"_gspb_post_css":""},"product_brand":[],"product_cat":[24],"product_tag":[956,279,974,964,260,288],"class_list":{"0":"post-2499","1":"product","2":"type-product","3":"status-publish","4":"has-post-thumbnail","6":"product_cat-sintered-porous-plastic","7":"product_tag-1-piece-moq","8":"product_tag-alibaba-trade-assurance","9":"product_tag-dp-payment","10":"product_tag-guangdong-manufacturer","11":"product_tag-iso-9001","12":"product_tag-paypal","14":"first","15":"instock","16":"shipping-taxable","17":"product-type-simple"},"_links":{"self":[{"href":"https:\/\/lyfilter.com\/de\/wp-json\/wp\/v2\/product\/2499","targetHints":{"allow":["GET"]}}],"collection":[{"href":"https:\/\/lyfilter.com\/de\/wp-json\/wp\/v2\/product"}],"about":[{"href":"https:\/\/lyfilter.com\/de\/wp-json\/wp\/v2\/types\/product"}],"replies":[{"embeddable":true,"href":"https:\/\/lyfilter.com\/de\/wp-json\/wp\/v2\/comments?post=2499"}],"wp:featuredmedia":[{"embeddable":true,"href":"https:\/\/lyfilter.com\/de\/wp-json\/wp\/v2\/media\/2506"}],"wp:attachment":[{"href":"https:\/\/lyfilter.com\/de\/wp-json\/wp\/v2\/media?parent=2499"}],"wp:term":[{"taxonomy":"product_brand","embeddable":true,"href":"https:\/\/lyfilter.com\/de\/wp-json\/wp\/v2\/product_brand?post=2499"},{"taxonomy":"product_cat","embeddable":true,"href":"https:\/\/lyfilter.com\/de\/wp-json\/wp\/v2\/product_cat?post=2499"},{"taxonomy":"product_tag","embeddable":true,"href":"https:\/\/lyfilter.com\/de\/wp-json\/wp\/v2\/product_tag?post=2499"}],"curies":[{"name":"wp","href":"https:\/\/api.w.org\/{rel}","templated":true}]}}