{"id":2493,"date":"2026-01-07T03:23:54","date_gmt":"2026-01-07T03:23:54","guid":{"rendered":"https:\/\/lyfilter.com\/?post_type=product&#038;p=2493"},"modified":"2026-01-07T03:23:54","modified_gmt":"2026-01-07T03:23:54","slug":"factory-price-air-filter-for-oxygen-concentrator","status":"publish","type":"product","link":"https:\/\/lyfilter.com\/de\/factory-price-air-filter-for-oxygen-concentrator\/","title":{"rendered":"Fabrikpreis Luftfilter f\u00fcr Sauerstoffkonzentrator"},"content":{"rendered":"<div class=\"unit-detail-html-tabs__content-attr\">\n<div class=\"unit-product-attrparam\">\n<div class=\"unit-product-attrparam__items row\">\n<div class=\"col-12 col-md-6\">\n<div class=\"unit-product-attrparam__item\">\n<div class=\"unit-product-attrparam__label\">\n<div class=\"unit-detail-html-tabs__content-attr\">\n<div class=\"unit-product-attrparam\">\n<div class=\"unit-product-attrparam__items row\">\n<div class=\"col-12 col-md-6\">\n<div class=\"unit-product-attrparam__item\">\n<div class=\"unit-product-attrparam__label\">\n<table>\n<thead>\n<tr>\n<th>Artikel<\/th>\n<th>Details<\/th>\n<\/tr>\n<\/thead>\n<tbody>\n<tr>\n<td>Lieferf\u00e4higkeit<\/td>\n<td>1000000 St\u00fcck\/Monat<\/td>\n<\/tr>\n<tr>\n<td>Material<\/td>\n<td>pe<\/td>\n<\/tr>\n<tr>\n<td>Verf\u00fcgbarkeit<\/td>\n<td>Erstausr\u00fcster<\/td>\n<\/tr>\n<\/tbody>\n<\/table>\n<\/div>\n<\/div>\n<\/div>\n<\/div>\n<\/div>\n<\/div>\n<\/div>\n<\/div>\n<\/div>\n<\/div>\n<\/div>\n<\/div>\n<div class=\"unit-detail-html-tabs__content-featuresAttr\"><\/div>\n<div class=\"unit-detail-html-tabs__content-html\">\n<p>Das Lvyuan-Filterelement wirkt auf die Befeuchtungs- und Filtrationsvorrichtung des Sauerstoffgenerators. Es wird haupts\u00e4chlich in der medizinischen Behandlung und Familie Sauerstoff-Inhalationstherapie und Gesundheitsf\u00fcrsorge verwendet. Es kann als Filter und zur Reinigung des Abgases am Einlass des Sauerstoffgenerators verwendet werden, was den L\u00e4rm beim Ausblasen stark reduziert. Gleichzeitig erf\u00fcllt er die Anforderungen an die Durchflussmenge und den Durchfluss in verschiedenen Sauerstoffproduktionsumgebungen, um die Stabilit\u00e4t der Sauerstoffkonzentration aufrechtzuerhalten, die Lebensdauer der Sauerstoffgeneratoren zu verl\u00e4ngern und die Sicherheit der Sauerstoffnutzer zu gew\u00e4hrleisten.<\/p>\n<p><strong>Merkmale:<\/strong><\/p>\n<ul>\n<li>Erf\u00fcllen die Durchfluss- und Geschwindigkeitsanforderungen medizinischer und haushalts\u00fcblicher Sauerstoffgeneratoren, wenn Sauerstoff hindurchstr\u00f6mt;<\/li>\n<li>Hervorragende Rauschunterdr\u00fcckung;<\/li>\n<li>Die Rohstoffe sind hygienisches und sicheres medizinisches Polyethylen mit ultrahohem Molekulargewicht;<\/li>\n<li>Gr\u00f6\u00dfe und Struktur k\u00f6nnen je nach den Produkten des Kunden angepasst und individuell gestaltet werden.<\/li>\n<\/ul>\n<p><img decoding=\"async\" src=\"https:\/\/img.yfisher.com\/m6076\/1725732761i4q\/jpg70-t3-scale100.webp\" alt=\"Fabrikpreis Luftfilter f\u00fcr Sauerstoff-Konzentrator 6\" data-lazy=\"2\" title=\"\"><\/p>\n<\/div>","protected":false},"excerpt":{"rendered":"<table>\n<thead>\n<tr>\n<th>Artikel<\/th>\n<th>Details<\/th>\n<\/tr>\n<\/thead>\n<tbody>\n<tr>\n<td>Modell<\/td>\n<td>Sauerstoff-Filter<\/td>\n<\/tr>\n<tr>\n<td>Marke<\/td>\n<td>OEM\/Lvyuan<\/td>\n<\/tr>\n<tr>\n<td>Herkunftsort<\/td>\n<td>Guangdong, China<\/td>\n<\/tr>\n<tr>\n<td>Startport<\/td>\n<td>Guangzhou<\/td>\n<\/tr>\n<tr>\n<td>Produktionskapazit\u00e4t<\/td>\n<td>10000 Einheiten\/Monat<\/td>\n<\/tr>\n<tr>\n<td>moq<\/td>\n<td>1 St\u00fcck<\/td>\n<\/tr>\n<tr>\n<td>Zahlung<\/td>\n<td>T\/T, Alibaba Trade Assurance, paypal<\/td>\n<\/tr>\n<tr>\n<td>Lieferfrist<\/td>\n<td>Innerhalb von 7 Arbeitstagen<\/td>\n<\/tr>\n<tr>\n<td>Zertifizierung<\/td>\n<td>ISO 9001<\/td>\n<\/tr>\n<\/tbody>\n<\/table>","protected":false},"featured_media":2500,"comment_status":"open","ping_status":"closed","template":"","meta":{"_gspb_post_css":""},"product_brand":[],"product_cat":[24,25],"product_tag":[956,279,964,260,973,972],"class_list":{"0":"post-2493","1":"product","2":"type-product","3":"status-publish","4":"has-post-thumbnail","6":"product_cat-sintered-porous-plastic","7":"product_cat-medical-filters","8":"product_tag-1-piece-moq","9":"product_tag-alibaba-trade-assurance","10":"product_tag-guangdong-manufacturer","11":"product_tag-iso-9001","12":"product_tag-oem-oxygen-filter","13":"product_tag-oxygen-filter","15":"first","16":"instock","17":"shipping-taxable","18":"product-type-simple"},"_links":{"self":[{"href":"https:\/\/lyfilter.com\/de\/wp-json\/wp\/v2\/product\/2493","targetHints":{"allow":["GET"]}}],"collection":[{"href":"https:\/\/lyfilter.com\/de\/wp-json\/wp\/v2\/product"}],"about":[{"href":"https:\/\/lyfilter.com\/de\/wp-json\/wp\/v2\/types\/product"}],"replies":[{"embeddable":true,"href":"https:\/\/lyfilter.com\/de\/wp-json\/wp\/v2\/comments?post=2493"}],"wp:featuredmedia":[{"embeddable":true,"href":"https:\/\/lyfilter.com\/de\/wp-json\/wp\/v2\/media\/2500"}],"wp:attachment":[{"href":"https:\/\/lyfilter.com\/de\/wp-json\/wp\/v2\/media?parent=2493"}],"wp:term":[{"taxonomy":"product_brand","embeddable":true,"href":"https:\/\/lyfilter.com\/de\/wp-json\/wp\/v2\/product_brand?post=2493"},{"taxonomy":"product_cat","embeddable":true,"href":"https:\/\/lyfilter.com\/de\/wp-json\/wp\/v2\/product_cat?post=2493"},{"taxonomy":"product_tag","embeddable":true,"href":"https:\/\/lyfilter.com\/de\/wp-json\/wp\/v2\/product_tag?post=2493"}],"curies":[{"name":"wp","href":"https:\/\/api.w.org\/{rel}","templated":true}]}}