{"id":2486,"date":"2026-01-07T03:21:09","date_gmt":"2026-01-07T03:21:09","guid":{"rendered":"https:\/\/lyfilter.com\/?post_type=product&#038;p=2486"},"modified":"2026-01-07T03:21:09","modified_gmt":"2026-01-07T03:21:09","slug":"factory-price-humidifier-bottle-filter-sintered-porous-pe-polyethylene-sparger-filter-for-gas-air-filters-diffuser-accessory","status":"publish","type":"product","link":"https:\/\/lyfilter.com\/de\/factory-price-humidifier-bottle-filter-sintered-porous-pe-polyethylene-sparger-filter-for-gas-air-filters-diffuser-accessory\/","title":{"rendered":"Fabrikpreis Luftbefeuchter Flaschenfilter gesinterte por\u00f6se PE Polyethylen Sparger Filter f\u00fcr Gas Luftfilter Diffusor Zubeh\u00f6r"},"content":{"rendered":"<div class=\"unit-detail-html-tabs__content-attr\">\n<div class=\"unit-product-attrparam\">\n<div class=\"unit-product-attrparam__items row\">\n<div class=\"col-12 col-md-6\">\n<div class=\"unit-product-attrparam__item\">\n<div class=\"unit-product-attrparam__label\">\n<table>\n<thead>\n<tr>\n<th>Artikel<\/th>\n<th>Details<\/th>\n<\/tr>\n<\/thead>\n<tbody>\n<tr>\n<td>Lieferf\u00e4higkeit<\/td>\n<td>1000000 St\u00fcck\/Monat<\/td>\n<\/tr>\n<tr>\n<td>Material<\/td>\n<td>pe<\/td>\n<\/tr>\n<tr>\n<td>Verf\u00fcgbarkeit<\/td>\n<td>Erstausr\u00fcster<\/td>\n<\/tr>\n<\/tbody>\n<\/table>\n<\/div>\n<\/div>\n<\/div>\n<\/div>\n<\/div>\n<\/div>\n<div class=\"unit-detail-html-tabs__content-featuresAttr\"><\/div>\n<div class=\"unit-detail-html-tabs__content-html\">\n<p>Filterelemente f\u00fcr Befeuchtungsflaschen werden h\u00e4ufig in medizinischen Befeuchtungsflaschen, Befeuchtungsflaschen und Sauerstoffflaschen verwendet. Die reine Materialauswahl und ausgewogene Filtrationsgenauigkeit des Lvyuan-Filterelements kann den Sauerstoff durch das PE-Filterelement in feine Bl\u00e4schen aufteilen, die Kontaktzeit und -fl\u00e4che mit der Befeuchtungsfl\u00fcssigkeit erh\u00f6hen und effektiv daf\u00fcr sorgen, dass beim Durchgang des Sauerstoffs unabh\u00e4ngig von der Durchflussmenge die chemische Fl\u00fcssigkeit die gr\u00f6\u00dfte Kontaktfl\u00e4che erreicht, um eine gleichm\u00e4\u00dfige, sterile und effiziente Befeuchtung zu erreichen, und gleichzeitig hat es den Effekt der Ger\u00e4uschreduzierung und Ger\u00e4uschminderung, so dass sich die Patienten wohler f\u00fchlen und sich wohl f\u00fchlen.<\/p>\n<p><strong>Merkmale:<\/strong><\/p>\n<ul>\n<li>Erf\u00fcllt die Durchflussanforderungen verschiedener medizinischer Befeuchtungsflaschen, wenn Sauerstoff durchflie\u00dft;<\/li>\n<li>Hervorragende Rauschunterdr\u00fcckung;<\/li>\n<li>Die Gr\u00f6\u00dfe und Struktur kann je nach Produkt des Kunden angepasst werden;<\/li>\n<li>Die Rohstoffe sind hygienisches und sicheres medizinisches Polyethylen mit ultrahohem Molekulargewicht.<\/li>\n<\/ul>\n<p><img decoding=\"async\" src=\"https:\/\/img.yfisher.com\/m6076\/1725732759ob8\/jpg70-t3-scale100.webp\" alt=\"Fabrikpreis Luftbefeuchter Flaschenfilter gesintert por\u00f6s PE Polyethylen Sparger Filter f\u00fcr Gas Luftfilter Diffusor Zubeh\u00f6r 6\" data-lazy=\"2\" title=\"\"><\/p>\n<\/div>","protected":false},"excerpt":{"rendered":"<table>\n<thead>\n<tr>\n<th>Artikel<\/th>\n<th>Details<\/th>\n<\/tr>\n<\/thead>\n<tbody>\n<tr>\n<td>Startport<\/td>\n<td>Guangzhou<\/td>\n<\/tr>\n<tr>\n<td>Produktionskapazit\u00e4t<\/td>\n<td>10000 Einheiten\/Monat<\/td>\n<\/tr>\n<tr>\n<td>Herkunftsort<\/td>\n<td>Guangdong, China<\/td>\n<\/tr>\n<tr>\n<td>Zahlung<\/td>\n<td>T\/T, Alibaba Handelsgarantie<\/td>\n<\/tr>\n<tr>\n<td>moq<\/td>\n<td>1 St\u00fcck<\/td>\n<\/tr>\n<tr>\n<td>Lieferfrist<\/td>\n<td>Innerhalb von 7 Arbeitstagen<\/td>\n<\/tr>\n<tr>\n<td>Zertifizierung<\/td>\n<td>ISO 9001<\/td>\n<\/tr>\n<tr>\n<td>Marke<\/td>\n<td>OEM\/Lvyuan<\/td>\n<\/tr>\n<\/tbody>\n<\/table>","protected":false},"featured_media":2494,"comment_status":"open","ping_status":"closed","template":"","meta":{"_gspb_post_css":""},"product_brand":[],"product_cat":[24,28,25],"product_tag":[956,279,964,260,968,965],"class_list":{"0":"post-2486","1":"product","2":"type-product","3":"status-publish","4":"has-post-thumbnail","6":"product_cat-sintered-porous-plastic","7":"product_cat-humidifier-bottle-filter","8":"product_cat-medical-filters","9":"product_tag-1-piece-moq","10":"product_tag-alibaba-trade-assurance","11":"product_tag-guangdong-manufacturer","12":"product_tag-iso-9001","13":"product_tag-oem-paper-tubes","14":"product_tag-paper-tubes","16":"first","17":"instock","18":"shipping-taxable","19":"product-type-simple"},"_links":{"self":[{"href":"https:\/\/lyfilter.com\/de\/wp-json\/wp\/v2\/product\/2486","targetHints":{"allow":["GET"]}}],"collection":[{"href":"https:\/\/lyfilter.com\/de\/wp-json\/wp\/v2\/product"}],"about":[{"href":"https:\/\/lyfilter.com\/de\/wp-json\/wp\/v2\/types\/product"}],"replies":[{"embeddable":true,"href":"https:\/\/lyfilter.com\/de\/wp-json\/wp\/v2\/comments?post=2486"}],"wp:featuredmedia":[{"embeddable":true,"href":"https:\/\/lyfilter.com\/de\/wp-json\/wp\/v2\/media\/2494"}],"wp:attachment":[{"href":"https:\/\/lyfilter.com\/de\/wp-json\/wp\/v2\/media?parent=2486"}],"wp:term":[{"taxonomy":"product_brand","embeddable":true,"href":"https:\/\/lyfilter.com\/de\/wp-json\/wp\/v2\/product_brand?post=2486"},{"taxonomy":"product_cat","embeddable":true,"href":"https:\/\/lyfilter.com\/de\/wp-json\/wp\/v2\/product_cat?post=2486"},{"taxonomy":"product_tag","embeddable":true,"href":"https:\/\/lyfilter.com\/de\/wp-json\/wp\/v2\/product_tag?post=2486"}],"curies":[{"name":"wp","href":"https:\/\/api.w.org\/{rel}","templated":true}]}}