{"id":2480,"date":"2026-01-07T03:14:14","date_gmt":"2026-01-07T03:14:14","guid":{"rendered":"https:\/\/lyfilter.com\/?post_type=product&#038;p=2480"},"modified":"2026-01-07T03:14:14","modified_gmt":"2026-01-07T03:14:14","slug":"factory-price-oem-porous-plastic-self-sealing-fitlers","status":"publish","type":"product","link":"https:\/\/lyfilter.com\/de\/factory-price-oem-porous-plastic-self-sealing-fitlers\/","title":{"rendered":"Fabrikpreis OEM Por\u00f6ser Kunststoff Selbstdichtend Fitlers"},"content":{"rendered":"<div class=\"unit-detail-html-tabs__content-attr\">\n<div class=\"unit-product-attrparam\">\n<div class=\"unit-product-attrparam__items row\">\n<div class=\"col-12 col-md-6\">\n<div class=\"unit-product-attrparam__item\">\n<div class=\"unit-product-attrparam__label\">\n<table>\n<thead>\n<tr>\n<th>Artikel<\/th>\n<th>Details<\/th>\n<\/tr>\n<\/thead>\n<tbody>\n<tr>\n<td>Lieferf\u00e4higkeit<\/td>\n<td>1000000 St\u00fcck\/Monat<\/td>\n<\/tr>\n<tr>\n<td>Material<\/td>\n<td>pe<\/td>\n<\/tr>\n<tr>\n<td>Verf\u00fcgbarkeit<\/td>\n<td>Erstausr\u00fcster<\/td>\n<\/tr>\n<\/tbody>\n<\/table>\n<\/div>\n<\/div>\n<\/div>\n<\/div>\n<\/div>\n<\/div>\n<div class=\"unit-detail-html-tabs__content-featuresAttr\"><\/div>\n<div class=\"unit-detail-html-tabs__content-html\">\n<p>Der Lvyuan Einweg-Drainage-Beutel-Dichtungsfilter l\u00e4sst die Luft frei durch den Abfallsammelbeutel entweichen. Sobald das Filterelement mit der Fl\u00fcssigkeit in Ber\u00fchrung kommt, erzeugt es einen selbstabdichtenden Effekt, der ein \u00dcberlaufen der Fl\u00fcssigkeit wirksam verhindert und verhindert, dass die Fl\u00fcssigkeit das Instrument und die Umwelt verschmutzt. Das Einweg-R\u00fcckschlagventil f\u00fcr Drainagebeutel wird h\u00e4ufig im System zur Behandlung von Abfallfl\u00fcssigkeiten im Krankenhaus eingesetzt.<\/p>\n<p><strong>Eigenschaften<\/strong><\/p>\n<ul>\n<li>Arbeitsdruck &gt;50 kPa, entspricht einer Wassers\u00e4ule von 5-10 m.<\/li>\n<li>Strenge Qualit\u00e4tspr\u00fcfungsstandards, die den medizinischen Normen entsprechen.<\/li>\n<\/ul>\n<div class=\"table-responsive\">\n<table>\n<tbody>\n<tr class=\"firstRow\">\n<td valign=\"top\" width=\"170\"><strong>Artikel Nr.<\/strong><\/td>\n<td valign=\"top\" width=\"170\"><strong>\u00c4u\u00dferer Durchmesser<\/strong><\/td>\n<td valign=\"top\" width=\"170\"><strong>Innendurchmesser<\/strong><\/td>\n<td valign=\"top\" width=\"170\"><strong>H\u00f6he<\/strong><\/td>\n<td valign=\"top\" width=\"170\"><strong>Durchmesser f\u00fcr Becher<\/strong><\/td>\n<td valign=\"top\" width=\"170\"><strong>Becherh\u00f6he<\/strong><\/td>\n<td valign=\"top\" width=\"170\"><strong>Paket<\/strong><\/td>\n<\/tr>\n<tr>\n<td valign=\"top\" width=\"170\">LY160-245-X<\/td>\n<td valign=\"top\" width=\"170\">16mm<\/td>\n<td valign=\"top\" width=\"170\">10mm<\/td>\n<td valign=\"top\" width=\"170\">25mm<\/td>\n<td valign=\"top\" width=\"170\">14,5 mm<\/td>\n<td valign=\"top\" width=\"170\">21mm<\/td>\n<td valign=\"top\" width=\"170\">200St\u00fcck\/Karton<\/td>\n<\/tr>\n<tr>\n<td valign=\"top\" width=\"170\">LY198-300-X<\/td>\n<td valign=\"top\" width=\"170\">19mm<\/td>\n<td valign=\"top\" width=\"170\">13mm<\/td>\n<td valign=\"top\" width=\"170\">30mm<\/td>\n<td valign=\"top\" width=\"170\">20mm<\/td>\n<td valign=\"top\" width=\"170\">26mm<\/td>\n<td valign=\"top\" width=\"170\">100St\u00fcck\/Karton<\/td>\n<\/tr>\n<tr>\n<td valign=\"top\" width=\"170\">LY252<\/td>\n<td valign=\"top\" width=\"170\">16mm<\/td>\n<td valign=\"top\" width=\"170\">13mm<\/td>\n<td valign=\"top\" width=\"170\">25mm<\/td>\n<td valign=\"top\" width=\"170\">18mm<\/td>\n<td valign=\"top\" width=\"170\">21mm<\/td>\n<td valign=\"top\" width=\"170\">100St\u00fcck\/Karton<\/td>\n<\/tr>\n<tr>\n<td valign=\"top\" width=\"170\">LY276<\/td>\n<td valign=\"top\" width=\"170\">16mm<\/td>\n<td valign=\"top\" width=\"170\">10mm<\/td>\n<td valign=\"top\" width=\"170\">25mm<\/td>\n<td valign=\"top\" width=\"170\">14mm<\/td>\n<td valign=\"top\" width=\"170\">21mm<\/td>\n<td valign=\"top\" width=\"170\">100St\u00fcck\/Karton<\/td>\n<\/tr>\n<\/tbody>\n<\/table>\n<\/div>\n<p><img decoding=\"async\" src=\"https:\/\/img.yfisher.com\/m6076\/1725732757ler\/jpg70-t3-scale100.webp\" alt=\"Fabrikpreis OEM Por\u00f6ser Kunststoff Selbstdichtend Fitlers 6\" data-lazy=\"2\" title=\"\"><\/p>\n<\/div>","protected":false},"excerpt":{"rendered":"<p>item details supply ability 1000000 pc\/month material pe availability oem The Lvyuan Disposable Drainage Bag Sealing Filter Filter allows air to escape freely through the waste collection bag. Once in contact with the liquid, the\u00a0filter element\u00a0will produce a self-sealing effect, effectively preventing the liquid from overflowing and preventing the liquid from polluting the instrument and [&hellip;]<\/p>\n","protected":false},"featured_media":2487,"comment_status":"open","ping_status":"closed","template":"","meta":{"_gspb_post_css":""},"product_brand":[],"product_cat":[24,25,27],"product_tag":[],"class_list":{"0":"post-2480","1":"product","2":"type-product","3":"status-publish","4":"has-post-thumbnail","6":"product_cat-sintered-porous-plastic","7":"product_cat-medical-filters","8":"product_cat-self-sealing-filter","10":"first","11":"instock","12":"shipping-taxable","13":"product-type-simple"},"_links":{"self":[{"href":"https:\/\/lyfilter.com\/de\/wp-json\/wp\/v2\/product\/2480","targetHints":{"allow":["GET"]}}],"collection":[{"href":"https:\/\/lyfilter.com\/de\/wp-json\/wp\/v2\/product"}],"about":[{"href":"https:\/\/lyfilter.com\/de\/wp-json\/wp\/v2\/types\/product"}],"replies":[{"embeddable":true,"href":"https:\/\/lyfilter.com\/de\/wp-json\/wp\/v2\/comments?post=2480"}],"wp:featuredmedia":[{"embeddable":true,"href":"https:\/\/lyfilter.com\/de\/wp-json\/wp\/v2\/media\/2487"}],"wp:attachment":[{"href":"https:\/\/lyfilter.com\/de\/wp-json\/wp\/v2\/media?parent=2480"}],"wp:term":[{"taxonomy":"product_brand","embeddable":true,"href":"https:\/\/lyfilter.com\/de\/wp-json\/wp\/v2\/product_brand?post=2480"},{"taxonomy":"product_cat","embeddable":true,"href":"https:\/\/lyfilter.com\/de\/wp-json\/wp\/v2\/product_cat?post=2480"},{"taxonomy":"product_tag","embeddable":true,"href":"https:\/\/lyfilter.com\/de\/wp-json\/wp\/v2\/product_tag?post=2480"}],"curies":[{"name":"wp","href":"https:\/\/api.w.org\/{rel}","templated":true}]}}